{"id":4695,"date":"2022-01-14T13:22:51","date_gmt":"2022-01-14T13:22:51","guid":{"rendered":"http:\/\/www.nzinck.com\/?page_id=4695"},"modified":"2022-12-15T09:02:31","modified_gmt":"2022-12-15T09:02:31","slug":"nzinck-news-dk-jan22","status":"publish","type":"page","link":"https:\/\/www.nzinck.com\/da\/nzinck-news-dk-jan22\/","title":{"rendered":"Nzinck Nyt"},"content":{"rendered":"<h4 style=\"text-align: right;\"><a href=\"https:\/\/www.nzinck.com\/nzinck-news-uk-jan22\/\">ENGLISH<\/a><\/h4>\n<h1><strong>S\u00e5 blev det endelig GODT, det nyt\u00e5r<\/strong><\/h1>\n<p>\u2026 for nu er det slut med restriktioner, og om lidt kan vi smide mundbindet og diskodanse til den lyse morgen.<\/p>\n<p>I ventetiden har vi muntret os med lidt tiltr\u00e6ngt omstilling og fornyelse. Det er blevet til sp\u00e6ndende nye projekter og alliancer, nyt navn og ikke mindst splinternye lokaler, som bare hungrer efter at lade sig invadere af kunder, samarbejdspartnere og venner af huset.<\/p>\n<p>Som altid gl\u00e6der vi os til at hj\u00e6lpe jer med alt fra strategi og koncept til produktion, inklusiv grafisk design, tekst, audio, video og web.<\/p>\n<h2><strong><img fetchpriority=\"high\" decoding=\"async\" class=\"alignnone size-full wp-image-4734\" src=\"https:\/\/www.nzinck.com\/wp-content\/uploads\/2022\/01\/PacNzinck.gif\" alt=\"\" width=\"853\" height=\"480\" \/><\/strong><\/h2>\n<h2><\/h2>\n<h2><strong>Nyt navn: Nzinck \u2013 kort og godt<\/strong><\/h2>\n<p>NEUBURG | ZINCKERNAGEL har alle dage v\u00e6ret lidt af en &#8220;tongue twister&#8221;og stavelsesm\u00e6ssig udfordring \u2013 is\u00e6r i m\u00f8det med nye bekendtskaber. Derfor sk\u00e6rer vi fedtet fra og g\u00e5r <em>all in<\/em> p\u00e5 vores k\u00e6lenavn, NZINCK. Navnet har et musisk schwung, vi hellere end gerne vedkender os, og skiftet signalerer tilmed en ny frisk begyndelse &#8211; uden at give k\u00f8b p\u00e5 vores stolte historie. Og mon ikke forvekslingen med et vist boyband her 20 \u00e5r efter deres opl\u00f8sning er til at overse&#8230;<\/p>\n<p><strong><img decoding=\"async\" class=\"alignnone size-large wp-image-4746\" src=\"https:\/\/www.nzinck.com\/wp-content\/uploads\/2022\/01\/IMG_1528.jpg\" alt=\"\" width=\"1170\" height=\"512\" srcset=\"https:\/\/www.nzinck.com\/wp-content\/uploads\/2022\/01\/IMG_1528.jpg 1200w, https:\/\/www.nzinck.com\/wp-content\/uploads\/2022\/01\/IMG_1528-450x197.jpg 450w, https:\/\/www.nzinck.com\/wp-content\/uploads\/2022\/01\/IMG_1528-768x336.jpg 768w\" sizes=\"(max-width: 1170px) 100vw, 1170px\" \/>\u00a0<\/strong><\/p>\n<h2><\/h2>\n<h2><strong>Nyt kontor: Fra baghus til forhus<\/strong><\/h2>\n<p>Efter mere end 25 \u00e5r i vores sk\u00f8nne baghus p\u00e5 Frederiksberg Alle 17 blev det tid forandring. Baghuset tr\u00e6ngte til en gevaldig overhaling, s\u00e5 i sommer pakkede vi sydfrugterne, traskede 25 m over g\u00e5rden og flyttede ind i forhusets smagfuldt renoverede gemakker.<\/p>\n<p>Vi har haft fuld indflydelse p\u00e5 indretningen fra f\u00f8rste spadestik til den mindste detalje, og vi er overordentlig tilfredse med resultatet. Med en hyggelig og hjemlig stemning gl\u00e6der vi os til at modtage kunder og venner af huset.<\/p>\n<h2><strong><img decoding=\"async\" class=\"alignnone size-large wp-image-4747\" src=\"https:\/\/www.nzinck.com\/wp-content\/uploads\/2022\/01\/IMG_1702.jpg\" alt=\"\" width=\"1170\" height=\"512\" srcset=\"https:\/\/www.nzinck.com\/wp-content\/uploads\/2022\/01\/IMG_1702.jpg 1200w, https:\/\/www.nzinck.com\/wp-content\/uploads\/2022\/01\/IMG_1702-450x197.jpg 450w, https:\/\/www.nzinck.com\/wp-content\/uploads\/2022\/01\/IMG_1702-768x336.jpg 768w\" sizes=\"(max-width: 1170px) 100vw, 1170px\" \/><\/strong><\/h2>\n<h2><\/h2>\n<h2><strong>Nyt studie: The Oak Room<\/strong><\/h2>\n<p>I valget af nyt kontor var lydstudiet selvf\u00f8lgelig afg\u00f8rende, og det har v\u00e6ret en dr\u00f8m at f\u00e5 lov til at designe og skr\u00e6ddersy det helt fra bunden og til netop de opgaver, vi l\u00f8ser i dag. The Oak Room er bekl\u00e6dt med smukke panelv\u00e6gge i egetr\u00e6, der med et rent nordisk look sikrer den perfekte akustik. Med et formidabelt lysindfald og frit udsyn over Skt. Thomas Plads har vi et af Danmarks \u2013 hvis ikke Europas \u2013 bedste studier til produktion af speak, musik og podcast. I hvert fald bliver vi valgt af f\u00f8rende internationale spillere til store og ofte tophemmelige lydprojekter med sp\u00f8jse kodenavne.<\/p>\n<h2><strong><img loading=\"lazy\" decoding=\"async\" class=\"alignnone size-large wp-image-4718\" src=\"https:\/\/www.nzinck.com\/wp-content\/uploads\/2022\/01\/TheCltr.jpg\" alt=\"\" width=\"1170\" height=\"512\" srcset=\"https:\/\/www.nzinck.com\/wp-content\/uploads\/2022\/01\/TheCltr.jpg 1200w, https:\/\/www.nzinck.com\/wp-content\/uploads\/2022\/01\/TheCltr-450x197.jpg 450w, https:\/\/www.nzinck.com\/wp-content\/uploads\/2022\/01\/TheCltr-768x336.jpg 768w\" sizes=\"(max-width: 1170px) 100vw, 1170px\" \/><\/strong><\/h2>\n<h2><strong>Nyt <\/strong><strong>strategisk <\/strong><strong>partnerskab \u2013 TheCltr<\/strong><\/h2>\n<p>Vi er ogs\u00e5 begejstrede over at kunne meddele, at vi har indg\u00e5et et nyt partnerskab med nogle af de mest begavede mennesker, vi har m\u00f8dt p\u00e5 vores vej. Vi har valgt at kalde det TheCltr (The Culture), da forst\u00e5else og fortolkning af kulturer er omdrejningspunktet for vores ydelser. Med kontorer i London, Berlin og alts\u00e5 her hos os i K\u00f8benhavn (TheCltr Copenhagen) kan vi tackle store, internationale kunder og projekter, som ellers ville v\u00e6re uden for vores r\u00e6kkevidde.<\/p>\n<p>Samarbejdet betyder, at vi nu kan tilbyde et internationalt set-up til kunder, der \u00f8nsker at ekspandere forretningen ud over landets gr\u00e6nser. Med den konstante tilf\u00f8rsel af inspiration, nye smarte metoder og ikke mindst menneskelige ressourcer kan vi tilbyde en endnu st\u00e6rkere vifte af kompetencer til at h\u00e5ndtere flere og st\u00f8rre opgaver.<\/p>\n<p>I TheCltr har vi allerede etableret en blomstrende kundeliste, der giver h\u00e5b om, at vi inden alt for l\u00e6nge kan \u00e5bne kontorer i nye, sp\u00e6ndende markeder.<\/p>\n<p><strong>L\u00e6s mere om <a href=\"https:\/\/www.thecltr.com\/\" target=\"_blank\" rel=\"noopener\">TheCltr her<\/a><\/strong><\/p>\n","protected":false},"excerpt":{"rendered":"<p>Januar 2022 ENGLISH S\u00e5 blev det endelig GODT, det nyt\u00e5r \u2026 for nu er det slut med restriktioner, og om lidt kan vi smide mundbindet og diskodanse til den lyse morgen. I ventetiden har vi muntret os med lidt tiltr\u00e6ngt omstilling og fornyelse. Det er blevet til sp\u00e6ndende nye projekter og alliancer, nyt navn og &hellip;<\/p>\n","protected":false},"author":4,"featured_media":0,"parent":0,"menu_order":9,"comment_status":"closed","ping_status":"closed","template":"","meta":{"_acf_changed":false,"footnotes":""},"categories":[],"class_list":["post-4695","page","type-page","status-publish","hentry"],"acf":[],"_links":{"self":[{"href":"https:\/\/www.nzinck.com\/da\/wp-json\/wp\/v2\/pages\/4695","targetHints":{"allow":["GET"]}}],"collection":[{"href":"https:\/\/www.nzinck.com\/da\/wp-json\/wp\/v2\/pages"}],"about":[{"href":"https:\/\/www.nzinck.com\/da\/wp-json\/wp\/v2\/types\/page"}],"author":[{"embeddable":true,"href":"https:\/\/www.nzinck.com\/da\/wp-json\/wp\/v2\/users\/4"}],"replies":[{"embeddable":true,"href":"https:\/\/www.nzinck.com\/da\/wp-json\/wp\/v2\/comments?post=4695"}],"version-history":[{"count":38,"href":"https:\/\/www.nzinck.com\/da\/wp-json\/wp\/v2\/pages\/4695\/revisions"}],"predecessor-version":[{"id":8566,"href":"https:\/\/www.nzinck.com\/da\/wp-json\/wp\/v2\/pages\/4695\/revisions\/8566"}],"wp:attachment":[{"href":"https:\/\/www.nzinck.com\/da\/wp-json\/wp\/v2\/media?parent=4695"}],"wp:term":[{"taxonomy":"category","embeddable":true,"href":"https:\/\/www.nzinck.com\/da\/wp-json\/wp\/v2\/categories?post=4695"}],"curies":[{"name":"wp","href":"https:\/\/api.w.org\/{rel}","templated":true}]}}