{"id":7427,"date":"2022-07-27T12:55:24","date_gmt":"2022-07-27T12:55:24","guid":{"rendered":"https:\/\/www.nzinck.com\/?page_id=7427"},"modified":"2022-12-15T09:02:37","modified_gmt":"2022-12-15T09:02:37","slug":"about-neuburg-zinckernagel","status":"publish","type":"page","link":"https:\/\/www.nzinck.com\/da\/about-neuburg-zinckernagel\/","title":{"rendered":"Om os"},"content":{"rendered":"<p><img fetchpriority=\"high\" decoding=\"async\" class=\"wp-image-3147 aligncenter\" src=\"https:\/\/www.nzinck.com\/wp-content\/uploads\/2017\/02\/dna-x2colors.gif\" alt=\"\" width=\"518\" height=\"487\" \/><\/p>\n<p>Jo mere overfyldt og konkurrencepr\u00e6get markedet er, desto vigtigere er det at fokusere sin marketingindsats. Vi hj\u00e6lper vores kunder med at definere, erobre og fastholde st\u00e6rke markedspositioner. Det handler bl.a. om kommunikation, der tiltr\u00e6kker relevant trafik og konverterer den effektivt til leads og loyale kunder.<\/p>\n<p>Vi tager jeres forretning personligt, og vi er hverken bange for at bryde konventionerne, sm\u00f8ge \u00e6rmerne op eller tage ansvaret p\u00e5 os.<\/p>\n<h4><strong><br> <\/strong><\/h4>\n<h4><strong>DNA \u2013 G\u00f8r de rigtige ting, rigtigt<\/strong><\/h4>\n<p>Vi tror p\u00e5 kunden og inbound marketing med teknologien som drivkraft for en holdbar v\u00e6kststrategi. Digitaliseringen har gjort r\u00e6kkevidden for kommunikation gr\u00e6nsel\u00f8s. Men udviklingen stiller samtidig stadig st\u00f8rre krav til kreativiteten for at tr\u00e6nge igennem med sine budskaber.<\/p>\n<p>Ved at kombinere indsigter, teknologi og kreativitet hj\u00e6lper vi virksomheder med at bygge st\u00e6rkere relationer med deres kunder.<\/p>\n<h4><strong><br><\/strong><\/h4>\n<h4><strong>25 \u00e5r i godt selskab<\/strong><\/h4>\n<p>Gennem tiden har vi haft forn\u00f8jelsen af at arbejde med et utal af virksomheder og m\u00e6rker, inkl. Aaberg+, AAK, Accenture, AL Finans, Alfa Romeo, Aqua d\u2019or, Binari Sonori, Caf\u00e9 Noir, Columbus, Danisco, Disney, Dolce &amp; Gabbana, Durex, Gyldendal, Dong Energy, DSB, Electronic Arts, FCK, Fiat, Fiftytwo, FrieslandCampina, Gillette, Habro, Jeep, LEGO, Logo, Lundbeck, Max Factor, Maserati, Metroselskabet, Nanovi, Neutral, Novo Nordisk, Pfizer, Philips, Reckitt Benckiser, Rekom, Scandlines, Sony, SuperBest, TrygFonden, TV2, Vanish, Zendium m.fl. Nogle har v\u00e6ret med os siden starten.<\/p>\n<h4><strong><br><\/strong><\/h4>\n<h4><strong>Din bureaupartner<br \/>\n<\/strong><\/h4>\n<p>I Nzinck f\u00e5r I en dreven bureaupartner med st\u00e6rke kompetencer inden for strategi, koncept og produktion, inkl. grafisk design, tekst, audio, video og web. Vi kan varetage hele processen fra de uvurderlige kundeindsigter over design og udvikling til produktion og implementering, eller vi kan byde ind p\u00e5 udvalgte delprojekter.<\/p>\n","protected":false},"excerpt":{"rendered":"<p>Vi hj\u00e6lper med at definere, erobre og fastholde st\u00e6rke markedspositioner Jo mere overfyldt og konkurrencepr\u00e6get markedet er, desto vigtigere er det at fokusere sin marketingindsats. Vi hj\u00e6lper vores kunder med at definere, erobre og fastholde st\u00e6rke markedspositioner. Det handler bl.a. om kommunikation, der tiltr\u00e6kker relevant trafik og konverterer den effektivt til leads og loyale kunder. &hellip;<\/p>\n","protected":false},"author":4,"featured_media":3147,"parent":0,"menu_order":24,"comment_status":"closed","ping_status":"closed","template":"","meta":{"_acf_changed":false,"footnotes":""},"categories":[],"class_list":["post-7427","page","type-page","status-publish","has-post-thumbnail","hentry"],"acf":[],"_links":{"self":[{"href":"https:\/\/www.nzinck.com\/da\/wp-json\/wp\/v2\/pages\/7427","targetHints":{"allow":["GET"]}}],"collection":[{"href":"https:\/\/www.nzinck.com\/da\/wp-json\/wp\/v2\/pages"}],"about":[{"href":"https:\/\/www.nzinck.com\/da\/wp-json\/wp\/v2\/types\/page"}],"author":[{"embeddable":true,"href":"https:\/\/www.nzinck.com\/da\/wp-json\/wp\/v2\/users\/4"}],"replies":[{"embeddable":true,"href":"https:\/\/www.nzinck.com\/da\/wp-json\/wp\/v2\/comments?post=7427"}],"version-history":[{"count":6,"href":"https:\/\/www.nzinck.com\/da\/wp-json\/wp\/v2\/pages\/7427\/revisions"}],"predecessor-version":[{"id":8519,"href":"https:\/\/www.nzinck.com\/da\/wp-json\/wp\/v2\/pages\/7427\/revisions\/8519"}],"wp:featuredmedia":[{"embeddable":true,"href":"https:\/\/www.nzinck.com\/da\/wp-json\/wp\/v2\/media\/3147"}],"wp:attachment":[{"href":"https:\/\/www.nzinck.com\/da\/wp-json\/wp\/v2\/media?parent=7427"}],"wp:term":[{"taxonomy":"category","embeddable":true,"href":"https:\/\/www.nzinck.com\/da\/wp-json\/wp\/v2\/categories?post=7427"}],"curies":[{"name":"wp","href":"https:\/\/api.w.org\/{rel}","templated":true}]}}