{"id":7441,"date":"2022-07-28T08:18:19","date_gmt":"2022-07-28T08:18:19","guid":{"rendered":"https:\/\/www.nzinck.com\/?page_id=7441"},"modified":"2023-07-31T13:36:40","modified_gmt":"2023-07-31T13:36:40","slug":"contact","status":"publish","type":"page","link":"https:\/\/www.nzinck.com\/da\/contact\/","title":{"rendered":"Kontakt"},"content":{"rendered":"[vc_row][vc_column][vc_column_text]I NZINCK f\u00e5r I et st\u00e6rkt hold af drevne eksperter inden for alle aspekter af digital markedsf\u00f8ring fra indsamling og analyse af kundeindsigter til produktion, implementering og optimering af konkrete indsatser.<\/p>\n<p>Vi er ikke bange for at bryde konventionerne, sm\u00f8ge \u00e6rmerne op og tage ansvaret p\u00e5 os, n\u00e5r vi udarbejder og pr\u00e6senterer den l\u00f8sning, der vil tjene jer bedst.[\/vc_column_text][vc_column_text]\n<h4>F\u00f8lg os:<\/h4>\n<ul class=\"shareicons followlinks nav left\" data-sharelink=\"https:\/\/www.nzinck.com\/event\/morning-booster-jonathan-harris-feel-fine\/\">\n<li><a class=\"\" href=\"https:\/\/www.facebook.com\/neuburg.zinckernagel\/\" target=\"_blank\" rel=\"noopener noreferrer\"><img decoding=\"async\" src=\"https:\/\/www.nzinck.com\/wp-content\/themes\/bootstrap-basic-digifekt\/img\/icon-facebook.png\" alt=\"\" \/><\/a><\/li>\n<li><a class=\"\" href=\"http:\/\/www.linkedin.com\/company\/neuburg-zinckernagel\" target=\"_blank\" rel=\"noopener noreferrer\"><img decoding=\"async\" src=\"https:\/\/www.nzinck.com\/wp-content\/themes\/bootstrap-basic-digifekt\/img\/icon-linkedin.png\" alt=\"\" \/><\/a><\/li>\n<li><a href=\"https:\/\/twitter.com\/NeuburgZ\"><img decoding=\"async\" class=\"alignnone\" src=\"https:\/\/www.nzinck.com\/wp-content\/themes\/bootstrap-basic-digifekt\/img\/icon-twitter.png\" alt=\"\" \/><\/a><\/li>\n<li><a href=\"https:\/\/vimeo.com\/neuburgzinckernagel\" target=\"_blank\" rel=\"noopener noreferrer\"><img decoding=\"async\" class=\"alignnone\" src=\"https:\/\/www.nzinck.com\/wp-content\/themes\/bootstrap-basic-digifekt\/img\/icon-vimeo.png\" alt=\"\" \/><\/a><\/li>\n<li><a class=\"\" href=\"https:\/\/www.youtube.com\/channel\/UC6zZqaLkwcf9XWJNi_RBo-Q\" target=\"_blank\" rel=\"noopener noreferrer\"><img decoding=\"async\" src=\"https:\/\/www.nzinck.com\/wp-content\/themes\/bootstrap-basic-digifekt\/img\/icon-youtube.png\" alt=\"\" \/><\/a><\/li>\n<\/ul>\n[\/vc_column_text][vc_empty_space height=&#8221;60px&#8221;][\/vc_column][\/vc_row][vc_row][vc_column width=&#8221;1\/3&#8243;][vc_single_image image=&#8221;4467&#8243; img_size=&#8221;medium&#8221; css=&#8221;.vc_custom_1554823165882{margin-bottom: 8px !important;}&#8221;][vc_column_text]<strong>Torben Zinckernagel<\/strong><br \/>\nPartner\/CEO, Strategic Development<\/p>\n<p>+45 23 83 76 90<br \/>\n<a href=\"mailto:torben@nzinck.com\">Email<\/a><br \/>\n<a href=\"https:\/\/www.linkedin.com\/in\/torben-zinckernagel-980863?authType=NAME_SEARCH&amp;authToken=ijwT&amp;locale=en_US&amp;srchid=268060711476780678928&amp;srchindex=1&amp;srchtotal=1&amp;trk=vsrp_people_res_name&amp;trkInfo=VSRPsearchId%3A268060711476780678928%2CVSRPtargetId%3A2121648%2CVSRPcmpt%3Aprimary%2CVSRPnm%3Atrue%2CauthType%3ANAME_SEARCH\" target=\"_blank\" rel=\"noopener noreferrer\">LinkedIn profile<\/a>[\/vc_column_text][\/vc_column][vc_column width=&#8221;1\/3&#8243;][vc_single_image image=&#8221;9010&#8243; img_size=&#8221;medium&#8221; css=&#8221;.vc_custom_1670345444575{margin-bottom: 8px !important;}&#8221;][vc_column_text]<strong>Mette Stenstrup<\/strong><br \/>\nPartner\/COO, Concept, Copy &amp; Production<\/p>\n<p>+45 40 88 13 60<br \/>\n<a href=\"mailto:mette@nzinck.com\">Email<\/a><br \/>\n<a href=\"https:\/\/www.linkedin.com\/in\/mette-stenstrup-933b888?trk=hp-identity-name\" target=\"_blank\" rel=\"noopener noreferrer\">LinkedIn profile<\/a>[\/vc_column_text][\/vc_column][vc_column width=&#8221;1\/3&#8243;][vc_single_image image=&#8221;7015&#8243; img_size=&#8221;medium&#8221; css=&#8221;.vc_custom_1690810000769{margin-bottom: 8px !important;}&#8221;][vc_column_text]<strong>Vicky Cirkeline Volder<\/strong><br \/>\nAD &amp; Experience Design<\/p>\n<p><a href=\"mailto:vicky@nzinck.com\">Email<\/a>[\/vc_column_text][\/vc_column][\/vc_row][vc_row][vc_column width=&#8221;1\/3&#8243;][vc_single_image image=&#8221;4690&#8243; img_size=&#8221;medium&#8221; css=&#8221;.vc_custom_1639557476062{margin-bottom: 8px !important;}&#8221;][vc_column_text]<!--StartFragment --><\/p>\n<p><strong><span class=\"cf0\">Jes Madsen<br \/>\n<\/span><\/strong>Web Development<\/p>\n<p><a href=\"mailto:jes@jesmadsen.com\" target=\"_blank\" rel=\"noopener\">Email<\/a>[\/vc_column_text][\/vc_column][vc_column width=&#8221;1\/3&#8243;][vc_single_image image=&#8221;7353&#8243; img_size=&#8221;medium&#8221; css=&#8221;.vc_custom_1657872772070{margin-bottom: 8px !important;}&#8221;][vc_column_text]<strong>Charlie Douglas Alexander<\/strong><br \/>\nAudio &amp; Sound design<\/p>\n<p><a href=\"mailto:lydstudio@nzinck.com\" target=\"_blank\" rel=\"noopener\">Email<\/a>[\/vc_column_text][\/vc_column][vc_column width=&#8221;1\/3&#8243;][vc_single_image image=&#8221;7044&#8243; img_size=&#8221;medium&#8221; css=&#8221;.vc_custom_1670345623479{margin-bottom: 8px !important;}&#8221;][vc_column_text]<strong><span class=\"cf0\">Stefan Leissner<br \/>\n<\/span><\/strong>Audio &amp; Sound Design<\/p>\n<p><a href=\"mailto:lydstudio@nzinck.com\" target=\"_blank\" rel=\"noopener\">Email<\/a>[\/vc_column_text][\/vc_column][\/vc_row][vc_row][vc_column width=&#8221;1\/3&#8243;][vc_single_image image=&#8221;7045&#8243; img_size=&#8221;medium&#8221; css=&#8221;.vc_custom_1690810093083{margin-bottom: 8px !important;}&#8221;][vc_column_text]<!--StartFragment --><\/p>\n<p><strong>William Zinckernagel<\/strong><br \/>\nVideo Editing<\/p>\n<p><a href=\"mailto:william@nzinck.com\">Email<\/a>[\/vc_column_text][\/vc_column][vc_column width=&#8221;1\/3&#8243;][vc_single_image image=&#8221;9005&#8243; img_size=&#8221;medium&#8221; css=&#8221;.vc_custom_1670345486035{margin-bottom: 8px !important;}&#8221;][vc_column_text]<strong>Jacob Nyborg<\/strong><br \/>\nConsultant<\/p>\n<p><a href=\"mailto:nyborg.jacob64@gmail.com\" target=\"_blank\" rel=\"noopener\">Email<\/a>[\/vc_column_text][\/vc_column][\/vc_row][vc_row][vc_column][vc_column_text]\n<h4>Send message<\/h4>\n[\/vc_column_text]\n<div class=\"wpcf7 no-js\" id=\"wpcf7-f7443-o1\" lang=\"en-US\" dir=\"ltr\" data-wpcf7-id=\"7443\">\n<div class=\"screen-reader-response\"><p role=\"status\" aria-live=\"polite\" aria-atomic=\"true\"><\/p> <ul><\/ul><\/div>\n<form action=\"\/da\/wp-json\/wp\/v2\/pages\/7441#wpcf7-f7443-o1\" method=\"post\" class=\"wpcf7-form init\" aria-label=\"Contact form\" novalidate=\"novalidate\" data-status=\"init\">\n<fieldset class=\"hidden-fields-container\"><input type=\"hidden\" name=\"_wpcf7\" value=\"7443\" \/><input type=\"hidden\" name=\"_wpcf7_version\" value=\"6.1.5\" \/><input type=\"hidden\" name=\"_wpcf7_locale\" value=\"en_US\" \/><input type=\"hidden\" name=\"_wpcf7_unit_tag\" value=\"wpcf7-f7443-o1\" \/><input type=\"hidden\" name=\"_wpcf7_container_post\" value=\"0\" \/><input type=\"hidden\" name=\"_wpcf7_posted_data_hash\" value=\"\" \/>\n<\/fieldset>\n<div class=\"hide-after-submit\">\n    <div class=\"row\">\n      <div class=\"col-sm-6\">\n        <div class=\"form-group\">\n          <label> Fornavn*\n          <span class=\"wpcf7-form-control-wrap\" data-name=\"firstname\"><input size=\"40\" maxlength=\"400\" class=\"wpcf7-form-control wpcf7-text wpcf7-validates-as-required form-control\" aria-required=\"true\" aria-invalid=\"false\" value=\"\" type=\"text\" name=\"firstname\" \/><\/span> <\/label>\n        <\/div>\n      <\/div>\n      <div class=\"col-sm-6\">\n        <div class=\"form-group\">    \n          <label> Efternavn*\n          <span class=\"wpcf7-form-control-wrap\" data-name=\"lastname\"><input size=\"40\" maxlength=\"400\" class=\"wpcf7-form-control wpcf7-text wpcf7-validates-as-required form-control\" aria-required=\"true\" aria-invalid=\"false\" value=\"\" type=\"text\" name=\"lastname\" \/><\/span> <\/label>\n        <\/div>\n      <\/div>\n    <\/div>\n    \n    <div class=\"row\">\n      <div class=\"col-sm-12\">\n        <div class=\"form-group\">    \n          <label> Email*\n          <span class=\"wpcf7-form-control-wrap\" data-name=\"email\"><input size=\"40\" maxlength=\"400\" class=\"wpcf7-form-control wpcf7-email wpcf7-validates-as-required wpcf7-text wpcf7-validates-as-email form-control\" aria-required=\"true\" aria-invalid=\"false\" value=\"\" type=\"email\" name=\"email\" \/><\/span> <\/label>\n        <\/div>\n      <\/div>\n    <\/div>\n    \n    <div class=\"row\">\n      <div class=\"col-sm-12\">\n        <div class=\"form-group\">    \n          <label> Emne*\n          <span class=\"wpcf7-form-control-wrap\" data-name=\"subject\"><input size=\"40\" maxlength=\"400\" class=\"wpcf7-form-control wpcf7-text wpcf7-validates-as-required form-control\" aria-required=\"true\" aria-invalid=\"false\" value=\"\" type=\"text\" name=\"subject\" \/><\/span> <\/label>\n        <\/div>\n      <\/div>\n    <\/div>\n    \n    \n    <div class=\"row\">\n      <div class=\"col-sm-12\">\n        <div class=\"form-group\">\n          <label> Besked*\n          <span class=\"wpcf7-form-control-wrap\" data-name=\"message\"><textarea cols=\"40\" rows=\"10\" maxlength=\"2000\" class=\"wpcf7-form-control wpcf7-textarea wpcf7-validates-as-required form-control\" aria-required=\"true\" aria-invalid=\"false\" name=\"message\"><\/textarea><\/span> <\/label>\n        <\/div>\n      <\/div>\n    <\/div>\n    \n    \n    <div class=\"row\">\n      <div class=\"col-sm-6\">\n        <p><input class=\"wpcf7-form-control wpcf7-submit has-spinner btn btn-primary\" type=\"submit\" value=\"Send\" \/><\/p>\n      <\/div>\n    <\/div>\n<\/div><div class=\"wpcf7-response-output\" aria-hidden=\"true\"><\/div>\n<\/form>\n<\/div>\n[\/vc_column][\/vc_row][vc_row][vc_column][\/vc_column][\/vc_row]\n","protected":false},"excerpt":{"rendered":"<p>Hvad skulle det v\u00e6re? I NZINCK f\u00e5r I et st\u00e6rkt hold af drevne eksperter inden for alle aspekter af digital markedsf\u00f8ring fra indsamling og analyse af kundeindsigter til produktion, implementering og optimering af konkrete indsatser. Vi er ikke bange for at bryde konventionerne, sm\u00f8ge \u00e6rmerne op og tage ansvaret p\u00e5 os, n\u00e5r vi udarbejder og &hellip;<\/p>\n","protected":false},"author":4,"featured_media":918,"parent":0,"menu_order":26,"comment_status":"open","ping_status":"open","template":"","meta":{"_acf_changed":false,"footnotes":""},"class_list":["post-7441","page","type-page","status-publish","has-post-thumbnail","hentry"],"acf":[],"_links":{"self":[{"href":"https:\/\/www.nzinck.com\/da\/wp-json\/wp\/v2\/pages\/7441","targetHints":{"allow":["GET"]}}],"collection":[{"href":"https:\/\/www.nzinck.com\/da\/wp-json\/wp\/v2\/pages"}],"about":[{"href":"https:\/\/www.nzinck.com\/da\/wp-json\/wp\/v2\/types\/page"}],"author":[{"embeddable":true,"href":"https:\/\/www.nzinck.com\/da\/wp-json\/wp\/v2\/users\/4"}],"replies":[{"embeddable":true,"href":"https:\/\/www.nzinck.com\/da\/wp-json\/wp\/v2\/comments?post=7441"}],"version-history":[{"count":9,"href":"https:\/\/www.nzinck.com\/da\/wp-json\/wp\/v2\/pages\/7441\/revisions"}],"predecessor-version":[{"id":11018,"href":"https:\/\/www.nzinck.com\/da\/wp-json\/wp\/v2\/pages\/7441\/revisions\/11018"}],"wp:featuredmedia":[{"embeddable":true,"href":"https:\/\/www.nzinck.com\/da\/wp-json\/wp\/v2\/media\/918"}],"wp:attachment":[{"href":"https:\/\/www.nzinck.com\/da\/wp-json\/wp\/v2\/media?parent=7441"}],"curies":[{"name":"wp","href":"https:\/\/api.w.org\/{rel}","templated":true}]}}