{"id":7610,"date":"2022-08-08T10:25:35","date_gmt":"2022-08-08T10:25:35","guid":{"rendered":"https:\/\/www.nzinck.com\/?page_id=7610"},"modified":"2022-12-15T09:02:41","modified_gmt":"2022-12-15T09:02:41","slug":"privacy-policy","status":"publish","type":"page","link":"https:\/\/www.nzinck.com\/da\/privacy-policy\/","title":{"rendered":"Privatlivspolitik"},"content":{"rendered":"<p>Personlige oplysninger (navn, firma, stilling, email og telefonnummer) indsamles kun i det omfang, du giver den til os, fx i forbindelse med tilmelding til nyhedsbrev, download, osv. Vi deler ikke personlig information med 3. part med mindre du har givet os udtrykkeligt samtykke til det.<\/p>\n<p>Vi bruger dine personlige oplysninger til at gennemf\u00f8re den specifikke ordre eller service til hvilken, oplysningerne er indsamlet samt til at forbedre din brugeroplevelse p\u00e5 vores site. Det kan inkludere analyser af, hvordan vi kan optimere produkter, ydelser, teknologi, indhold og tilbud i forhold til dine interesser og behov.<\/p>\n<h4><b>Kontakt os ang\u00e5ende personlige oplysninger<\/b><\/h4>\n<p>Du kan altid kontakte os og f\u00e5 adgang til, g\u00f8re indsigelser mod eller slette information om dig, vi har registreret i vores database i henhold til loven om databeskyttelse.<\/p>\n<h4><b>Databeskyttelse<\/b><\/h4>\n<p>I henhold til Persondataloven opbevarer vi personlige oplysninger sikkert og fortroligt p\u00e5 computere i sikre faciliteter med begr\u00e6nset adgang. <span style=\"font-size: revert;\">Med dine brugerrettigheder for \u00f8je st\u00e5r vi inde for korrekt datah\u00e5ndtering med regelm\u00e6ssige tjek af sikkerheden. Vi kan dog ikke garantere 100 procent sikker dataoverf\u00f8rsel p\u00e5 internettet, da der altid er en risiko for, at uvedkommende skaffer sig adgang til elektronisk sendt og lagret information. Dataafgivelse er derfor p\u00e5 eget ansvar.<\/span><\/p>\n<p>Udviklingen af internettet kan betyde \u00e6ndringer i m\u00e5den vi h\u00e5ndterer personlige oplysninger p\u00e5. Vi forbeholder os retten til at opdatere og \u00e6ndre vores retningslinjer for databehandling. Store \u00e6ndringer vil blive meddelt synligt her p\u00e5 siden.<\/p>\n<p>I henhold til\u00a0 Persondataloven har du ret til at kende de personlige oplysninger, som vi har registeret i dit navn. Er oplysningerne forkerte eller vildledende, har du ret til at f\u00e5 dem rettet, slettet eller blokeret. Du kan altid g\u00f8re indsigelse mod, at dine personlige oplysninger behandles og til enhver tid tilbagetr\u00e6kke dit samtykke eller din tilladelse. Klager vedr\u00f8rende behandling af personlige oplysninger og data relateret til dig kan rettes til Datatilsynet, ref. Persondataloven \u00a7 58, stk. 1.<\/p>\n<h4><b>Kontakt<\/b><\/h4>\n<p>Denne hjemmeside er ejet af Neuburg | Zinckernagel ApS og drives af Mette Stenstrup: <a href=\"mailto:mette@nzinck.com\" target=\"_blank\" rel=\"noopener\">mette@nzinck.com<\/a><\/p>\n<p>Vores firma er registreret i Denmark under CVR-nummer 34 48 90 84 og ligger p\u00e5 f\u00f8lgende adresse:<\/p>\n<p><a href=\"https:\/\/www.google.com\/maps\/place\/Nzinck\/@55.672851,12.5440397,17z\/data=!3m1!4b1!4m5!3m4!1s0x4652539f78b5d983:0x96d145081d1618aa!8m2!3d55.672851!4d12.5462284\">Frederiksberg All\u00e9 17, stuen<\/a><br \/>\n1820 Frederiksberg C<br \/>\nDanmark<\/p>\n<p>Vi kan ogs\u00e5 tr\u00e6ffes p\u00e5 telefonnummer: 33 25 15 12, via email p\u00e5:\u00a0<a href=\"mailto:hello@nzinck.com\" target=\"_blank\" rel=\"noopener\">hello@nzinck.com<\/a>\u00a0eller ved at udfylde kontaktformularen herunder:<\/p>\n\n<div class=\"wpcf7 no-js\" id=\"wpcf7-f7443-o1\" lang=\"en-US\" dir=\"ltr\" data-wpcf7-id=\"7443\">\n<div class=\"screen-reader-response\"><p role=\"status\" aria-live=\"polite\" aria-atomic=\"true\"><\/p> <ul><\/ul><\/div>\n<form action=\"\/da\/wp-json\/wp\/v2\/pages\/7610#wpcf7-f7443-o1\" method=\"post\" class=\"wpcf7-form init\" aria-label=\"Contact form\" novalidate=\"novalidate\" data-status=\"init\">\n<fieldset class=\"hidden-fields-container\"><input type=\"hidden\" name=\"_wpcf7\" value=\"7443\" \/><input type=\"hidden\" name=\"_wpcf7_version\" value=\"6.1.5\" \/><input type=\"hidden\" name=\"_wpcf7_locale\" value=\"en_US\" \/><input type=\"hidden\" name=\"_wpcf7_unit_tag\" value=\"wpcf7-f7443-o1\" \/><input type=\"hidden\" name=\"_wpcf7_container_post\" value=\"0\" \/><input type=\"hidden\" name=\"_wpcf7_posted_data_hash\" value=\"\" \/>\n<\/fieldset>\n<div class=\"hide-after-submit\">\n    <div class=\"row\">\n      <div class=\"col-sm-6\">\n        <div class=\"form-group\">\n          <label> Fornavn*\n          <span class=\"wpcf7-form-control-wrap\" data-name=\"firstname\"><input size=\"40\" maxlength=\"400\" class=\"wpcf7-form-control wpcf7-text wpcf7-validates-as-required form-control\" aria-required=\"true\" aria-invalid=\"false\" value=\"\" type=\"text\" name=\"firstname\" \/><\/span> <\/label>\n        <\/div>\n      <\/div>\n      <div class=\"col-sm-6\">\n        <div class=\"form-group\">    \n          <label> Efternavn*\n          <span class=\"wpcf7-form-control-wrap\" data-name=\"lastname\"><input size=\"40\" maxlength=\"400\" class=\"wpcf7-form-control wpcf7-text wpcf7-validates-as-required form-control\" aria-required=\"true\" aria-invalid=\"false\" value=\"\" type=\"text\" name=\"lastname\" \/><\/span> <\/label>\n        <\/div>\n      <\/div>\n    <\/div>\n    \n    <div class=\"row\">\n      <div class=\"col-sm-12\">\n        <div class=\"form-group\">    \n          <label> Email*\n          <span class=\"wpcf7-form-control-wrap\" data-name=\"email\"><input size=\"40\" maxlength=\"400\" class=\"wpcf7-form-control wpcf7-email wpcf7-validates-as-required wpcf7-text wpcf7-validates-as-email form-control\" aria-required=\"true\" aria-invalid=\"false\" value=\"\" type=\"email\" name=\"email\" \/><\/span> <\/label>\n        <\/div>\n      <\/div>\n    <\/div>\n    \n    <div class=\"row\">\n      <div class=\"col-sm-12\">\n        <div class=\"form-group\">    \n          <label> Emne*\n          <span class=\"wpcf7-form-control-wrap\" data-name=\"subject\"><input size=\"40\" maxlength=\"400\" class=\"wpcf7-form-control wpcf7-text wpcf7-validates-as-required form-control\" aria-required=\"true\" aria-invalid=\"false\" value=\"\" type=\"text\" name=\"subject\" \/><\/span> <\/label>\n        <\/div>\n      <\/div>\n    <\/div>\n    \n    \n    <div class=\"row\">\n      <div class=\"col-sm-12\">\n        <div class=\"form-group\">\n          <label> Besked*\n          <span class=\"wpcf7-form-control-wrap\" data-name=\"message\"><textarea cols=\"40\" rows=\"10\" maxlength=\"2000\" class=\"wpcf7-form-control wpcf7-textarea wpcf7-validates-as-required form-control\" aria-required=\"true\" aria-invalid=\"false\" name=\"message\"><\/textarea><\/span> <\/label>\n        <\/div>\n      <\/div>\n    <\/div>\n    \n    \n    <div class=\"row\">\n      <div class=\"col-sm-6\">\n        <p><input class=\"wpcf7-form-control wpcf7-submit has-spinner btn btn-primary\" type=\"submit\" value=\"Send\" \/><\/p>\n      <\/div>\n    <\/div>\n<\/div><div class=\"wpcf7-response-output\" aria-hidden=\"true\"><\/div>\n<\/form>\n<\/div>\n\n","protected":false},"excerpt":{"rendered":"<p>S\u00e5dan behandler vi dine personlige oplysninger Personlige oplysninger (navn, firma, stilling, email og telefonnummer) indsamles kun i det omfang, du giver den til os, fx i forbindelse med tilmelding til nyhedsbrev, download, osv. Vi deler ikke personlig information med 3. part med mindre du har givet os udtrykkeligt samtykke til det. Vi bruger dine personlige &hellip;<\/p>\n","protected":false},"author":4,"featured_media":918,"parent":0,"menu_order":38,"comment_status":"closed","ping_status":"closed","template":"","meta":{"_acf_changed":false,"footnotes":""},"class_list":["post-7610","page","type-page","status-publish","has-post-thumbnail","hentry"],"acf":[],"_links":{"self":[{"href":"https:\/\/www.nzinck.com\/da\/wp-json\/wp\/v2\/pages\/7610","targetHints":{"allow":["GET"]}}],"collection":[{"href":"https:\/\/www.nzinck.com\/da\/wp-json\/wp\/v2\/pages"}],"about":[{"href":"https:\/\/www.nzinck.com\/da\/wp-json\/wp\/v2\/types\/page"}],"author":[{"embeddable":true,"href":"https:\/\/www.nzinck.com\/da\/wp-json\/wp\/v2\/users\/4"}],"replies":[{"embeddable":true,"href":"https:\/\/www.nzinck.com\/da\/wp-json\/wp\/v2\/comments?post=7610"}],"version-history":[{"count":2,"href":"https:\/\/www.nzinck.com\/da\/wp-json\/wp\/v2\/pages\/7610\/revisions"}],"predecessor-version":[{"id":7612,"href":"https:\/\/www.nzinck.com\/da\/wp-json\/wp\/v2\/pages\/7610\/revisions\/7612"}],"wp:featuredmedia":[{"embeddable":true,"href":"https:\/\/www.nzinck.com\/da\/wp-json\/wp\/v2\/media\/918"}],"wp:attachment":[{"href":"https:\/\/www.nzinck.com\/da\/wp-json\/wp\/v2\/media?parent=7610"}],"curies":[{"name":"wp","href":"https:\/\/api.w.org\/{rel}","templated":true}]}}