{"id":7756,"date":"2022-08-12T13:28:37","date_gmt":"2022-08-12T13:28:37","guid":{"rendered":"https:\/\/www.nzinck.com\/?page_id=7756"},"modified":"2022-12-15T09:02:35","modified_gmt":"2022-12-15T09:02:35","slug":"production-execution","status":"publish","type":"page","link":"https:\/\/www.nzinck.com\/da\/production-execution\/","title":{"rendered":"Produktion &#038; eksekvering"},"content":{"rendered":"[vc_row][vc_column][vc_column_text]\n<h1 style=\"text-align: center;\">Produktion &amp; eksekvering<\/h1>\n<h4 style=\"text-align: center;\"><br>L\u00e6ngere p\u00e5 literen<\/h4>\n<p style=\"text-align: center;\"><div class=\"read-more-container\"><div class=\"fulltext\">I Nzinck f\u00e5r I en dreven bureaupartner med st\u00e6rke kompetencer inden for digitale l\u00f8sninger og content-produktion, inkl. grafisk design, tekst, audio, video og web. Med en stram proces og professionel produktionsstyring leverer vi h\u00f8j kvalitet til konkurrencedygtige priser.<\/p>\n<h4 style=\"text-align: center;\"><br> Overlad os roligt ansvaret<strong><br \/>\n<\/strong><\/h4>\n<p style=\"text-align: center;\">Vores garvede produktionshold er hverken bange for at rubbe neglene, tage ansvaret eller bladet fra munden.<\/p>\n<p style=\"text-align: center;\">Vi ved, hvordan den skal sk\u00e6res og kan st\u00e5 for hele processen \u2013 uanset om det g\u00e6lder virksomhedsfilm, visuel identitet, kampagner, et nyt site, versionering, l\u00f8bende justering af eksisterende materiale eller noget helt syvende.<\/div><div class=\"read-more hide\"><a class=\"readmorelink\" href=\"\"><span class=\"readmoretext\">L\u00e6s mere<\/span><\/a><\/div><\/div>\n[\/vc_column_text][\/vc_column][\/vc_row]\n","protected":false},"excerpt":{"rendered":"<p>Produktion &amp; eksekvering L\u00e6ngere p\u00e5 literen <\/p>\n","protected":false},"author":4,"featured_media":2907,"parent":0,"menu_order":17,"comment_status":"closed","ping_status":"closed","template":"page_services-frontpage.php","meta":{"_acf_changed":false,"footnotes":""},"categories":[105],"class_list":["post-7756","page","type-page","status-publish","has-post-thumbnail","hentry","category-production-and-execution"],"acf":[],"_links":{"self":[{"href":"https:\/\/www.nzinck.com\/da\/wp-json\/wp\/v2\/pages\/7756","targetHints":{"allow":["GET"]}}],"collection":[{"href":"https:\/\/www.nzinck.com\/da\/wp-json\/wp\/v2\/pages"}],"about":[{"href":"https:\/\/www.nzinck.com\/da\/wp-json\/wp\/v2\/types\/page"}],"author":[{"embeddable":true,"href":"https:\/\/www.nzinck.com\/da\/wp-json\/wp\/v2\/users\/4"}],"replies":[{"embeddable":true,"href":"https:\/\/www.nzinck.com\/da\/wp-json\/wp\/v2\/comments?post=7756"}],"version-history":[{"count":7,"href":"https:\/\/www.nzinck.com\/da\/wp-json\/wp\/v2\/pages\/7756\/revisions"}],"predecessor-version":[{"id":8261,"href":"https:\/\/www.nzinck.com\/da\/wp-json\/wp\/v2\/pages\/7756\/revisions\/8261"}],"wp:featuredmedia":[{"embeddable":true,"href":"https:\/\/www.nzinck.com\/da\/wp-json\/wp\/v2\/media\/2907"}],"wp:attachment":[{"href":"https:\/\/www.nzinck.com\/da\/wp-json\/wp\/v2\/media?parent=7756"}],"wp:term":[{"taxonomy":"category","embeddable":true,"href":"https:\/\/www.nzinck.com\/da\/wp-json\/wp\/v2\/categories?post=7756"}],"curies":[{"name":"wp","href":"https:\/\/api.w.org\/{rel}","templated":true}]}}