{"id":8093,"date":"2022-08-29T13:56:27","date_gmt":"2022-08-29T13:56:27","guid":{"rendered":"https:\/\/www.nzinck.com\/?page_id=8093"},"modified":"2022-12-15T09:02:41","modified_gmt":"2022-12-15T09:02:41","slug":"thank-you-free-service-check","status":"publish","type":"page","link":"https:\/\/www.nzinck.com\/da\/thank-you-free-service-check\/","title":{"rendered":"Tak for din tilmelding til servicetjek!"},"content":{"rendered":"[vc_row][vc_column width=&#8221;2\/3&#8243;][vc_column_text]\n<p class=\"p1\"><span class=\"s1\">Vi kontakter dig snarest med forslag til tidspunkt for en gratis konsultation. Her vil vi gennemg\u00e5 jeres site og komme med anbefalinger til, hvordan I kan \u00f8ge leadgenerering og konverteringsrater.<\/span><\/p>\n[\/vc_column_text]<div class=\"landinpage-sharing\"><ul class=\"shareicons nav\" data-sharelink=\"http:\/\/www.nzinck.com\/free-service-check-attract-targeted-leads\/\">\t<li><a href=\"#\" class=\"facebook-share-link\"><img decoding=\"async\" src=\"https:\/\/www.nzinck.com\/wp-content\/themes\/bootstrap-basic-digifekt\/img\/icon-facebook.png\"><\/a><\/li>\t<li><a href=\"#\" class=\"linkedin-share-link\"><img decoding=\"async\" src=\"https:\/\/www.nzinck.com\/wp-content\/themes\/bootstrap-basic-digifekt\/img\/icon-linkedin.png\"><\/a><\/li>\t<li><a href=\"#\" class=\"twitter-share-link\"><img decoding=\"async\" src=\"https:\/\/www.nzinck.com\/wp-content\/themes\/bootstrap-basic-digifekt\/img\/icon-twitter.png\"><\/a><\/li>\t<li><a href=\"#\" class=\"mail-share-link\"><img decoding=\"async\" src=\"https:\/\/www.nzinck.com\/wp-content\/themes\/bootstrap-basic-digifekt\/img\/icon-mail.png\"><\/a><\/li><\/ul><\/div>[vc_empty_space][\/vc_column][vc_column width=&#8221;1\/3&#8243;][vc_column_text]\n<p class=\"p1\"><span class=\"s1\"><b>Du kunne ogs\u00e5 v\u00e6re interesseret i:<\/b><\/span><\/p>\n<p><img decoding=\"async\" class=\"alignnone wp-image-1348\" src=\"https:\/\/www.nzinck.com\/wp-content\/uploads\/2016\/04\/analyse-your-conversion-path-sidebar.jpg\" alt=\"analyse-your-conversion-path-sidebar\" width=\"310\" height=\"158\" \/><\/p>\n<p><a href=\"https:\/\/www.nzinck.com\/quiz-analyse-your-conversion-path\/\"><strong>Quiz: Analyse Your Conversion Path<\/strong><\/a><br \/>\nTest your knowledge on lead attraction and conversion[\/vc_column_text][\/vc_column][\/vc_row][vc_row][vc_column][\/vc_column][\/vc_row]\n","protected":false},"excerpt":{"rendered":"<p>Thanks!  Vi kontakter dig snarest med forslag til tidspunkt for en gratis konsultation. Her vil vi gennemg\u00e5 jeres site og komme med anbefalinger til, hvordan I kan \u00f8ge leadgenerering og konverteringsrater.  Du kunne ogs\u00e5 v\u00e6re interesseret i: Quiz: Analyse Your Conversion Path Test your knowledge on lead attraction and conversion<\/p>\n","protected":false},"author":4,"featured_media":1436,"parent":0,"menu_order":42,"comment_status":"closed","ping_status":"closed","template":"page_form.php","meta":{"_acf_changed":false,"footnotes":""},"categories":[],"class_list":["post-8093","page","type-page","status-publish","has-post-thumbnail","hentry"],"acf":[],"_links":{"self":[{"href":"https:\/\/www.nzinck.com\/da\/wp-json\/wp\/v2\/pages\/8093","targetHints":{"allow":["GET"]}}],"collection":[{"href":"https:\/\/www.nzinck.com\/da\/wp-json\/wp\/v2\/pages"}],"about":[{"href":"https:\/\/www.nzinck.com\/da\/wp-json\/wp\/v2\/types\/page"}],"author":[{"embeddable":true,"href":"https:\/\/www.nzinck.com\/da\/wp-json\/wp\/v2\/users\/4"}],"replies":[{"embeddable":true,"href":"https:\/\/www.nzinck.com\/da\/wp-json\/wp\/v2\/comments?post=8093"}],"version-history":[{"count":3,"href":"https:\/\/www.nzinck.com\/da\/wp-json\/wp\/v2\/pages\/8093\/revisions"}],"predecessor-version":[{"id":8096,"href":"https:\/\/www.nzinck.com\/da\/wp-json\/wp\/v2\/pages\/8093\/revisions\/8096"}],"wp:featuredmedia":[{"embeddable":true,"href":"https:\/\/www.nzinck.com\/da\/wp-json\/wp\/v2\/media\/1436"}],"wp:attachment":[{"href":"https:\/\/www.nzinck.com\/da\/wp-json\/wp\/v2\/media?parent=8093"}],"wp:term":[{"taxonomy":"category","embeddable":true,"href":"https:\/\/www.nzinck.com\/da\/wp-json\/wp\/v2\/categories?post=8093"}],"curies":[{"name":"wp","href":"https:\/\/api.w.org\/{rel}","templated":true}]}}