{"id":8107,"date":"2022-08-30T13:05:09","date_gmt":"2022-08-30T13:05:09","guid":{"rendered":"https:\/\/www.nzinck.com\/?page_id=8107"},"modified":"2022-12-15T09:02:42","modified_gmt":"2022-12-15T09:02:42","slug":"thank-you-quiz-analyse-your-conversion-path","status":"publish","type":"page","link":"https:\/\/www.nzinck.com\/da\/thank-you-quiz-analyse-your-conversion-path\/","title":{"rendered":"Tak for din interesse for trafik og konvertering!"},"content":{"rendered":"[vc_row][vc_column width=&#8221;2\/3&#8243;][vc_column_text]Hvor meget du ved om lead attraction og conversion?<\/p>\n<p><img fetchpriority=\"high\" decoding=\"async\" class=\"alignnone wp-image-1348\" src=\"https:\/\/www.nzinck.com\/wp-content\/uploads\/2016\/04\/analyse-your-conversion-path-sidebar.jpg\" alt=\"analyse-your-conversion-path-sidebar\" width=\"400\" height=\"214\" \/><\/p>\n<p>Kontakt <a href=\"mailto:mette@nzinck.com\" target=\"_blank\" rel=\"noopener\">Mette Stenstrup<\/a>, hvis du har sp\u00f8rgsm\u00e5l til materialet eller konverteringsoptimiering.[\/vc_column_text]<a class=\"btn btn-primary\" href=\"https:\/\/www.nzinck.com\/quiz-analyse-your-conversion-path\/\" target=\"_blank\">QUIZ YOURSELF NOW<\/a>[vc_empty_space height=&#8221;40px&#8221;]<div class=\"landinpage-sharing\"><ul class=\"shareicons nav\" data-sharelink=\"https:\/\/www.nzinck.com\/quiz-analyse-your-conversion-path\/\">\t<li><a href=\"#\" class=\"facebook-share-link\"><img decoding=\"async\" src=\"https:\/\/www.nzinck.com\/wp-content\/themes\/bootstrap-basic-digifekt\/img\/icon-facebook.png\"><\/a><\/li>\t<li><a href=\"#\" class=\"linkedin-share-link\"><img decoding=\"async\" src=\"https:\/\/www.nzinck.com\/wp-content\/themes\/bootstrap-basic-digifekt\/img\/icon-linkedin.png\"><\/a><\/li>\t<li><a href=\"#\" class=\"twitter-share-link\"><img decoding=\"async\" src=\"https:\/\/www.nzinck.com\/wp-content\/themes\/bootstrap-basic-digifekt\/img\/icon-twitter.png\"><\/a><\/li>\t<li><a href=\"#\" class=\"mail-share-link\"><img decoding=\"async\" src=\"https:\/\/www.nzinck.com\/wp-content\/themes\/bootstrap-basic-digifekt\/img\/icon-mail.png\"><\/a><\/li><\/ul><\/div>[vc_empty_space][\/vc_column][vc_column width=&#8221;1\/3&#8243;][vc_column_text]<b>M\u00e5ske du ogs\u00e5 kunne v\u00e6re interesseret i:<\/b><\/p>\n<p><a href=\"http:\/\/www.nzinck.com\/checklist-right-inbound-conversion-path\/\"><strong><img decoding=\"async\" class=\"alignnone wp-image-1819\" src=\"https:\/\/www.nzinck.com\/wp-content\/uploads\/2016\/10\/inbound-conversion-path-sidebar.jpg\" alt=\"Inbound Conversion Path\" width=\"308\" height=\"182\" \/><\/strong><\/a><\/p>\n<p><a href=\"http:\/\/www.nzinck.com\/checklist-right-inbound-conversion-path\/\"><strong>Checklist: Are You on the Right Inbound Conversion Path<\/strong><\/a><\/p>\n<p>Om hvordan man tiltr\u00e6kker, konverterer og holder kunder glade nu og fremover.[\/vc_column_text][\/vc_column][\/vc_row][vc_row][vc_column][\/vc_column][\/vc_row]\n","protected":false},"excerpt":{"rendered":"<p>Thanks! Hvor meget du ved om lead attraction og conversion? Kontakt Mette Stenstrup, hvis du har sp\u00f8rgsm\u00e5l til materialet eller konverteringsoptimiering.M\u00e5ske du ogs\u00e5 kunne v\u00e6re interesseret i: Checklist: Are You on the Right Inbound Conversion Path Om hvordan man tiltr\u00e6kker, konverterer og holder kunder glade nu og fremover.<\/p>\n","protected":false},"author":4,"featured_media":1347,"parent":0,"menu_order":46,"comment_status":"closed","ping_status":"closed","template":"page_form.php","meta":{"_acf_changed":false,"footnotes":""},"categories":[],"class_list":["post-8107","page","type-page","status-publish","has-post-thumbnail","hentry"],"acf":[],"_links":{"self":[{"href":"https:\/\/www.nzinck.com\/da\/wp-json\/wp\/v2\/pages\/8107","targetHints":{"allow":["GET"]}}],"collection":[{"href":"https:\/\/www.nzinck.com\/da\/wp-json\/wp\/v2\/pages"}],"about":[{"href":"https:\/\/www.nzinck.com\/da\/wp-json\/wp\/v2\/types\/page"}],"author":[{"embeddable":true,"href":"https:\/\/www.nzinck.com\/da\/wp-json\/wp\/v2\/users\/4"}],"replies":[{"embeddable":true,"href":"https:\/\/www.nzinck.com\/da\/wp-json\/wp\/v2\/comments?post=8107"}],"version-history":[{"count":2,"href":"https:\/\/www.nzinck.com\/da\/wp-json\/wp\/v2\/pages\/8107\/revisions"}],"predecessor-version":[{"id":8111,"href":"https:\/\/www.nzinck.com\/da\/wp-json\/wp\/v2\/pages\/8107\/revisions\/8111"}],"wp:featuredmedia":[{"embeddable":true,"href":"https:\/\/www.nzinck.com\/da\/wp-json\/wp\/v2\/media\/1347"}],"wp:attachment":[{"href":"https:\/\/www.nzinck.com\/da\/wp-json\/wp\/v2\/media?parent=8107"}],"wp:term":[{"taxonomy":"category","embeddable":true,"href":"https:\/\/www.nzinck.com\/da\/wp-json\/wp\/v2\/categories?post=8107"}],"curies":[{"name":"wp","href":"https:\/\/api.w.org\/{rel}","templated":true}]}}