{"id":8109,"date":"2022-08-30T13:20:49","date_gmt":"2022-08-30T13:20:49","guid":{"rendered":"https:\/\/www.nzinck.com\/?page_id=8109"},"modified":"2022-12-15T09:02:43","modified_gmt":"2022-12-15T09:02:43","slug":"thank-you-download-checklist-speak-production-for-e-learning","status":"publish","type":"page","link":"https:\/\/www.nzinck.com\/da\/thank-you-download-checklist-speak-production-for-e-learning\/","title":{"rendered":"Tak for interessen for Speakproduktion og E-learning!"},"content":{"rendered":"[vc_row][vc_column width=&#8221;2\/3&#8243;][vc_column_text]Hvad b\u00f8r du forvente af dit lydstudie? Download tjeklisten her<\/p>\n<p><img fetchpriority=\"high\" decoding=\"async\" class=\"alignnone wp-image-1553\" src=\"https:\/\/www.nzinck.com\/wp-content\/uploads\/2016\/06\/Download_E-learning-checklist.jpg\" alt=\"Elearning-checklist\" width=\"420\" height=\"201\" \/><\/p>\n<p>Kontakt <a href=\"mailto:maybritt@nzinck.com\">May-Britt Adler<\/a>, hvis du har sp\u00f8rgsm\u00e5l til materialet eller produktion af speak eller e-learning.[\/vc_column_text]<a class=\"btn btn-primary\" href=\"https:\/\/www.nzinck.com\/wp-content\/uploads\/2016\/06\/Checklist.pdf\" target=\"_blank\">DOWNLOAD CHECKLIST NOW <\/a>[vc_empty_space height=&#8221;40px&#8221;]<div class=\"landinpage-sharing\"><ul class=\"shareicons nav\" data-sharelink=\"https:\/\/www.nzinck.com\/checklist-production-of-speak-for-e-learning\/\">\t<li><a href=\"#\" class=\"facebook-share-link\"><img decoding=\"async\" src=\"https:\/\/www.nzinck.com\/wp-content\/themes\/bootstrap-basic-digifekt\/img\/icon-facebook.png\"><\/a><\/li>\t<li><a href=\"#\" class=\"linkedin-share-link\"><img decoding=\"async\" src=\"https:\/\/www.nzinck.com\/wp-content\/themes\/bootstrap-basic-digifekt\/img\/icon-linkedin.png\"><\/a><\/li>\t<li><a href=\"#\" class=\"twitter-share-link\"><img decoding=\"async\" src=\"https:\/\/www.nzinck.com\/wp-content\/themes\/bootstrap-basic-digifekt\/img\/icon-twitter.png\"><\/a><\/li>\t<li><a href=\"#\" class=\"mail-share-link\"><img decoding=\"async\" src=\"https:\/\/www.nzinck.com\/wp-content\/themes\/bootstrap-basic-digifekt\/img\/icon-mail.png\"><\/a><\/li><\/ul><\/div>[vc_empty_space][\/vc_column][vc_column width=&#8221;1\/3&#8243;][vc_column_text]<b>Du kunne ogs\u00e5 v\u00e6re interesseret i:<\/b><\/p>\n<p><a href=\"https:\/\/www.nzinck.com\/thank-you-download-speak-production-for-e-learning-7-tips\/\"><strong><img decoding=\"async\" class=\"alignnone wp-image-1558\" src=\"https:\/\/www.nzinck.com\/wp-content\/uploads\/2016\/06\/E-learning-guide-sidebar.jpg\" alt=\"E-learning-guide-sidebar\" width=\"310\" height=\"152\" \/><\/strong><\/a><\/p>\n<p><a href=\"http:\/\/www.nzinck.com\/guide-7-tips-speak-production-for-e-learning\/\"><strong>7 Tips on How to Choose the Right Sound Partner<\/strong><\/a><\/p>\n<p>Download guiden til at finde den bedste partner for dine lydproduktioner her.[\/vc_column_text][\/vc_column][\/vc_row][vc_row][vc_column][\/vc_column][\/vc_row]\n","protected":false},"excerpt":{"rendered":"<p>Thanks! Hvad b\u00f8r du forvente af dit lydstudie? Download tjeklisten her Kontakt May-Britt Adler, hvis du har sp\u00f8rgsm\u00e5l til materialet eller produktion af speak eller e-learning.Du kunne ogs\u00e5 v\u00e6re interesseret i: 7 Tips on How to Choose the Right Sound Partner Download guiden til at finde den bedste partner for dine lydproduktioner &hellip;<\/p>\n","protected":false},"author":4,"featured_media":1559,"parent":0,"menu_order":48,"comment_status":"closed","ping_status":"closed","template":"page_form.php","meta":{"_acf_changed":false,"footnotes":""},"categories":[],"class_list":["post-8109","page","type-page","status-publish","has-post-thumbnail","hentry"],"acf":[],"_links":{"self":[{"href":"https:\/\/www.nzinck.com\/da\/wp-json\/wp\/v2\/pages\/8109","targetHints":{"allow":["GET"]}}],"collection":[{"href":"https:\/\/www.nzinck.com\/da\/wp-json\/wp\/v2\/pages"}],"about":[{"href":"https:\/\/www.nzinck.com\/da\/wp-json\/wp\/v2\/types\/page"}],"author":[{"embeddable":true,"href":"https:\/\/www.nzinck.com\/da\/wp-json\/wp\/v2\/users\/4"}],"replies":[{"embeddable":true,"href":"https:\/\/www.nzinck.com\/da\/wp-json\/wp\/v2\/comments?post=8109"}],"version-history":[{"count":1,"href":"https:\/\/www.nzinck.com\/da\/wp-json\/wp\/v2\/pages\/8109\/revisions"}],"predecessor-version":[{"id":8110,"href":"https:\/\/www.nzinck.com\/da\/wp-json\/wp\/v2\/pages\/8109\/revisions\/8110"}],"wp:featuredmedia":[{"embeddable":true,"href":"https:\/\/www.nzinck.com\/da\/wp-json\/wp\/v2\/media\/1559"}],"wp:attachment":[{"href":"https:\/\/www.nzinck.com\/da\/wp-json\/wp\/v2\/media?parent=8109"}],"wp:term":[{"taxonomy":"category","embeddable":true,"href":"https:\/\/www.nzinck.com\/da\/wp-json\/wp\/v2\/categories?post=8109"}],"curies":[{"name":"wp","href":"https:\/\/api.w.org\/{rel}","templated":true}]}}