{"id":9408,"date":"2022-12-15T15:47:40","date_gmt":"2022-12-15T15:47:40","guid":{"rendered":"https:\/\/www.nzinck.com\/?page_id=9408"},"modified":"2023-01-09T16:13:45","modified_gmt":"2023-01-09T16:13:45","slug":"nyhedsbreve","status":"publish","type":"page","link":"https:\/\/www.nzinck.com\/da\/services\/nyhedsbreve\/","title":{"rendered":"Nyhedsbreve"},"content":{"rendered":"\t\t<div data-elementor-type=\"wp-page\" data-elementor-id=\"9408\" class=\"elementor elementor-9408 elementor-9353\" data-elementor-post-type=\"page\">\n\t\t\t\t\t\t<section class=\"elementor-section elementor-top-section elementor-element elementor-element-e12a9c3 elementor-section-height-min-height elementor-section-boxed elementor-section-height-default elementor-section-items-middle\" data-id=\"e12a9c3\" data-element_type=\"section\" data-e-type=\"section\" data-settings=\"{&quot;background_background&quot;:&quot;classic&quot;}\">\n\t\t\t\t\t\t<div class=\"elementor-container elementor-column-gap-default\">\n\t\t\t\t\t<div class=\"elementor-column elementor-col-100 elementor-top-column elementor-element elementor-element-ccd9ef4\" data-id=\"ccd9ef4\" data-element_type=\"column\" data-e-type=\"column\" data-settings=\"{&quot;background_background&quot;:&quot;classic&quot;}\">\n\t\t\t<div class=\"elementor-widget-wrap\">\n\t\t\t\t\t\t\t<\/div>\n\t\t<\/div>\n\t\t\t\t\t<\/div>\n\t\t<\/section>\n\t\t\t\t<section class=\"elementor-section elementor-top-section elementor-element elementor-element-c23ae80 elementor-section-boxed elementor-section-height-default elementor-section-height-default\" data-id=\"c23ae80\" data-element_type=\"section\" data-e-type=\"section\" data-settings=\"{&quot;background_background&quot;:&quot;classic&quot;}\">\n\t\t\t\t\t\t\t<div class=\"elementor-background-overlay\"><\/div>\n\t\t\t\t\t\t\t<div class=\"elementor-container elementor-column-gap-default\">\n\t\t\t\t\t<div class=\"elementor-column elementor-col-66 elementor-top-column elementor-element elementor-element-953f12b\" data-id=\"953f12b\" data-element_type=\"column\" data-e-type=\"column\">\n\t\t\t<div class=\"elementor-widget-wrap elementor-element-populated\">\n\t\t\t\t\t\t<div class=\"elementor-element elementor-element-21f74ce elementor-widget elementor-widget-text-editor\" data-id=\"21f74ce\" data-element_type=\"widget\" data-e-type=\"widget\" data-widget_type=\"text-editor.default\">\n\t\t\t\t<div class=\"elementor-widget-container\">\n\t\t\t\t\t\t\t\t\t<header class=\"entry-header\"><header class=\"entry-header\"><header class=\"entry-header\"><header class=\"entry-header\"><h1 class=\"entry-title\">Nyhedsbreve og lead nurturing<\/h1><h2 class=\"lead-paragraph\">Personlig og omkostningseffektiv relationsopbygning<\/h2><\/header><div class=\"entry-content\"><p>Et godt nyhedsbrev er et effektivt kommunikationsv\u00e6rkt\u00f8j, der kan hj\u00e6lpe jer med at holde kontakten til og bygge relationen med jeres eksisterende kunder, drive trafik til hjemmesiden, \u00f8ge salg og brande virksomheden overfor potentielle kunder.\u00a0Hvor andre kommunikationsformer kan v\u00e6re sv\u00e6re eller besv\u00e6rlige at g\u00f8re personlige, er nyhedsbrevet n\u00e6rmest skabt til at kommunikere m\u00e5lrettet til forskellige kundetyper.<\/p><p>For de fleste virksomheder er udfordringen at finde p\u00e5 engagerende indhold, hver gang deadline for n\u00e6ste udgivelse n\u00e6rmer sig.<\/p><h2>S\u00e5dan hj\u00e6lper vi<\/h2><p>Lad os hj\u00e6lpe jer med at f\u00e5 et nyhedsbrev op at k\u00f8re, som underst\u00f8tter alle aspekter af jeres forretning, inkl.<\/p><ul><li>Overordnet m\u00e5ls\u00e6tning<\/li><li>Relevant segmentering, fx i forhold til interesser, personaer, hvor de er i kunderejsen, geografi, mv.<\/li><li>L\u00f8bende udvikling af engagerende og differentierende indhold til m\u00e5lgrupper\/personaer<\/li><li>Design og layout, der passer til jeres visuelle identitet og tager h\u00f8jde for aktuelle online trends, UX og kundeadf\u00e6rd<\/li><li>Udarbejdelse af handlingsbudskaber (CTA), emnelinje, tricks til at undg\u00e5 at havne i spamfilteret, mv<\/li><li>Plan og udsendelse af nyhedsbrev, inkl. r\u00e5dgivning i forhold til evt. opf\u00f8lgende kommunikation<\/li><li>Analytics rapport, inkl. \u00e5bningsrate, konverteringsrate, bounce, framelding, mm<\/li><li>Justering og optimering<\/li><\/ul><h2>Interesseret?<\/h2><p>Kontakt Mette p\u00e5\u00a0<a href=\"mailto:mette@nzinck.com\">mette@nzinck.com<\/a>\u00a0eller 4088 1360 og h\u00f8r n\u00e6rmere<\/p><\/div><\/header><\/header><\/header>\t\t\t\t\t\t\t\t<\/div>\n\t\t\t\t<\/div>\n\t\t\t\t\t<\/div>\n\t\t<\/div>\n\t\t\t\t<div class=\"elementor-column elementor-col-33 elementor-top-column elementor-element elementor-element-81d1bc6\" data-id=\"81d1bc6\" data-element_type=\"column\" data-e-type=\"column\">\n\t\t\t<div class=\"elementor-widget-wrap elementor-element-populated\">\n\t\t\t\t\t\t<div class=\"elementor-element elementor-element-76801fa elementor-widget elementor-widget-image\" data-id=\"76801fa\" data-element_type=\"widget\" data-e-type=\"widget\" data-widget_type=\"image.default\">\n\t\t\t\t<div class=\"elementor-widget-container\">\n\t\t\t\t\t\t\t\t\t\t\t\t\t\t\t<img fetchpriority=\"high\" decoding=\"async\" width=\"400\" height=\"341\" src=\"https:\/\/www.nzinck.com\/wp-content\/uploads\/2017\/01\/ClientSidebarPeter.jpg\" class=\"attachment-large size-large wp-image-6585\" alt=\"\" \/>\t\t\t\t\t\t\t\t\t\t\t\t\t\t\t<\/div>\n\t\t\t\t<\/div>\n\t\t\t\t<div class=\"elementor-element elementor-element-d6f1004 elementor-widget elementor-widget-text-editor\" data-id=\"d6f1004\" data-element_type=\"widget\" data-e-type=\"widget\" data-widget_type=\"text-editor.default\">\n\t\t\t\t<div class=\"elementor-widget-container\">\n\t\t\t\t\t\t\t\t\t<header class=\"entry-header\"><div class=\"client-statement\"><div class=\"client-statement\"><div class=\"client-statement\"><div class=\"client-statement\"><div class=\"client-statement\"><div class=\"client-statement\"><div class=\"client-statement\"><div class=\"client-statement\"><div class=\"client-statement\">NZINCKs \u00e6rlige tilgang og fine sans for kvalitet, trends og sammenh\u00e6ng er helt p\u00e5 b\u00f8lgel\u00e6ngde med den foranderlige verden, vi lever i. Jeg vil anbefale deres arbejde til hvem som helst.<\/div><div>\u00a0<\/div><p class=\"text-bold client-name\">Peter G. Rebeiz<\/p><p class=\"title-and-company\">Chairman &amp; CEO\/Caviar House &amp; Prunier and Montreux Jazz Caf\u00e9<\/p><\/div><\/div><\/div><\/div><\/div><\/div><\/div><\/div><\/header>\t\t\t\t\t\t\t\t<\/div>\n\t\t\t\t<\/div>\n\t\t\t\t<div class=\"elementor-element elementor-element-b157ca7 elementor-widget elementor-widget-text-editor\" data-id=\"b157ca7\" data-element_type=\"widget\" data-e-type=\"widget\" data-widget_type=\"text-editor.default\">\n\t\t\t\t<div class=\"elementor-widget-container\">\n\t\t\t\t\t\t\t\t\t<h4><strong>RELATEREDE YDELSER<\/strong><\/h4>\t\t\t\t\t\t\t\t<\/div>\n\t\t\t\t<\/div>\n\t\t\t\t<div class=\"elementor-element elementor-element-a347700 elementor-widget elementor-widget-image\" data-id=\"a347700\" data-element_type=\"widget\" data-e-type=\"widget\" data-widget_type=\"image.default\">\n\t\t\t\t<div class=\"elementor-widget-container\">\n\t\t\t\t\t\t\t\t\t\t\t\t\t\t\t\t<a href=\"https:\/\/www.nzinck.com\/da\/service\/customer-journey\/\">\n\t\t\t\t\t\t\t<img decoding=\"async\" width=\"400\" height=\"224\" src=\"https:\/\/www.nzinck.com\/wp-content\/uploads\/2017\/01\/SidebarProductCustomerJourney.jpg\" class=\"attachment-large size-large wp-image-6598\" alt=\"\" srcset=\"https:\/\/www.nzinck.com\/wp-content\/uploads\/2017\/01\/SidebarProductCustomerJourney.jpg 400w, https:\/\/www.nzinck.com\/wp-content\/uploads\/2017\/01\/SidebarProductCustomerJourney-202x113.jpg 202w\" sizes=\"(max-width: 400px) 100vw, 400px\" \/>\t\t\t\t\t\t\t\t<\/a>\n\t\t\t\t\t\t\t\t\t\t\t\t\t\t\t<\/div>\n\t\t\t\t<\/div>\n\t\t\t\t<div class=\"elementor-element elementor-element-1f916ed elementor-widget elementor-widget-text-editor\" data-id=\"1f916ed\" data-element_type=\"widget\" data-e-type=\"widget\" data-widget_type=\"text-editor.default\">\n\t\t\t\t<div class=\"elementor-widget-container\">\n\t\t\t\t\t\t\t\t\t<p><strong><a class=\"block black\" title=\"Customer Journey Design\" href=\"https:\/\/www.nzinck.com\/da\/service\/customer-journey\/\" data-wplink-edit=\"true\"><span class=\"text-md black\">Customer Journey Design<\/span><\/a><\/strong><\/p><p><a class=\"block black\" style=\"background-color: #ffffff;\" title=\"Customer Journey Design\" href=\"https:\/\/www.nzinck.com\/da\/service\/customer-journey\/\">Er din organisation tilpasset kundernes behov og processer?<\/a><\/p>\t\t\t\t\t\t\t\t<\/div>\n\t\t\t\t<\/div>\n\t\t\t\t<div class=\"elementor-element elementor-element-11d1d95 elementor-widget elementor-widget-image\" data-id=\"11d1d95\" data-element_type=\"widget\" data-e-type=\"widget\" data-widget_type=\"image.default\">\n\t\t\t\t<div class=\"elementor-widget-container\">\n\t\t\t\t\t\t\t\t\t\t\t\t\t\t\t\t<a href=\"https:\/\/www.nzinck.com\/da\/service\/content-marketing-dk\/\">\n\t\t\t\t\t\t\t<img decoding=\"async\" width=\"404\" height=\"226\" src=\"https:\/\/www.nzinck.com\/wp-content\/uploads\/2017\/01\/SidebarProductContentCreation.jpg\" class=\"attachment-large size-large wp-image-6595\" alt=\"\" srcset=\"https:\/\/www.nzinck.com\/wp-content\/uploads\/2017\/01\/SidebarProductContentCreation.jpg 404w, https:\/\/www.nzinck.com\/wp-content\/uploads\/2017\/01\/SidebarProductContentCreation-202x113.jpg 202w\" sizes=\"(max-width: 404px) 100vw, 404px\" \/>\t\t\t\t\t\t\t\t<\/a>\n\t\t\t\t\t\t\t\t\t\t\t\t\t\t\t<\/div>\n\t\t\t\t<\/div>\n\t\t\t\t<div class=\"elementor-element elementor-element-4042dc9 elementor-widget elementor-widget-text-editor\" data-id=\"4042dc9\" data-element_type=\"widget\" data-e-type=\"widget\" data-widget_type=\"text-editor.default\">\n\t\t\t\t<div class=\"elementor-widget-container\">\n\t\t\t\t\t\t\t\t\t<p><strong><a class=\"block black\" title=\"Content Marketing\" href=\"https:\/\/www.nzinck.com\/da\/service\/content-marketing-dk\/\" target=\"_blank\" rel=\"noopener\"><span class=\"text-md black\">Content Marketing<\/span><\/a><\/strong><\/p><p class=\"teaser-description\"><a class=\"block black\" title=\"Content Marketing\" href=\"https:\/\/www.nzinck.com\/da\/service\/content-marketing-dk\/\" target=\"_blank\" rel=\"noopener\">Relevant og engagerende indhold p\u00e5 rette tid og sted for en klart defineret m\u00e5lgruppe<\/a><\/p>\t\t\t\t\t\t\t\t<\/div>\n\t\t\t\t<\/div>\n\t\t\t\t<div class=\"elementor-element elementor-element-6bd76bb elementor-widget elementor-widget-image\" data-id=\"6bd76bb\" data-element_type=\"widget\" data-e-type=\"widget\" data-widget_type=\"image.default\">\n\t\t\t\t<div class=\"elementor-widget-container\">\n\t\t\t\t\t\t\t\t\t\t\t\t\t\t\t\t<a href=\"https:\/\/www.nzinck.com\/da\/privacy-types-content-for-data\/\">\n\t\t\t\t\t\t\t<img loading=\"lazy\" decoding=\"async\" width=\"404\" height=\"226\" src=\"https:\/\/www.nzinck.com\/wp-content\/uploads\/2016\/04\/privacy_types-sidebar.jpg\" class=\"attachment-large size-large wp-image-6430\" alt=\"\" srcset=\"https:\/\/www.nzinck.com\/wp-content\/uploads\/2016\/04\/privacy_types-sidebar.jpg 404w, https:\/\/www.nzinck.com\/wp-content\/uploads\/2016\/04\/privacy_types-sidebar-202x113.jpg 202w\" sizes=\"(max-width: 404px) 100vw, 404px\" \/>\t\t\t\t\t\t\t\t<\/a>\n\t\t\t\t\t\t\t\t\t\t\t\t\t\t\t<\/div>\n\t\t\t\t<\/div>\n\t\t\t\t<div class=\"elementor-element elementor-element-c14346f elementor-widget elementor-widget-text-editor\" data-id=\"c14346f\" data-element_type=\"widget\" data-e-type=\"widget\" data-widget_type=\"text-editor.default\">\n\t\t\t\t<div class=\"elementor-widget-container\">\n\t\t\t\t\t\t\t\t\t<p><a class=\"block black\" title=\"Privacy Types: Content for Data\" href=\"https:\/\/www.nzinck.com\/da\/privacy-types-content-for-data\/\" data-wplink-edit=\"true\"><span class=\"text-md black\">Privacy Types: Content for Data<\/span><\/a><\/p>\t\t\t\t\t\t\t\t<\/div>\n\t\t\t\t<\/div>\n\t\t\t\t\t<\/div>\n\t\t<\/div>\n\t\t\t\t\t<\/div>\n\t\t<\/section>\n\t\t\t\t<\/div>\n\t\t","protected":false},"excerpt":{"rendered":"<p>Nyhedsbreve og lead nurturing Personlig og omkostningseffektiv relationsopbygning Et godt nyhedsbrev er et effektivt kommunikationsv\u00e6rkt\u00f8j, der kan hj\u00e6lpe jer med at holde kontakten til og bygge relationen med jeres eksisterende kunder, drive trafik til hjemmesiden, \u00f8ge salg og brande virksomheden overfor potentielle kunder.\u00a0Hvor andre kommunikationsformer kan v\u00e6re sv\u00e6re eller besv\u00e6rlige at g\u00f8re personlige, er nyhedsbrevet &hellip;<\/p>\n","protected":false},"author":4,"featured_media":0,"parent":9384,"menu_order":0,"comment_status":"closed","ping_status":"closed","template":"elementor_header_footer","meta":{"_acf_changed":false,"footnotes":""},"categories":[],"class_list":["post-9408","page","type-page","status-publish","hentry"],"acf":[],"_links":{"self":[{"href":"https:\/\/www.nzinck.com\/da\/wp-json\/wp\/v2\/pages\/9408","targetHints":{"allow":["GET"]}}],"collection":[{"href":"https:\/\/www.nzinck.com\/da\/wp-json\/wp\/v2\/pages"}],"about":[{"href":"https:\/\/www.nzinck.com\/da\/wp-json\/wp\/v2\/types\/page"}],"author":[{"embeddable":true,"href":"https:\/\/www.nzinck.com\/da\/wp-json\/wp\/v2\/users\/4"}],"replies":[{"embeddable":true,"href":"https:\/\/www.nzinck.com\/da\/wp-json\/wp\/v2\/comments?post=9408"}],"version-history":[{"count":17,"href":"https:\/\/www.nzinck.com\/da\/wp-json\/wp\/v2\/pages\/9408\/revisions"}],"predecessor-version":[{"id":10844,"href":"https:\/\/www.nzinck.com\/da\/wp-json\/wp\/v2\/pages\/9408\/revisions\/10844"}],"up":[{"embeddable":true,"href":"https:\/\/www.nzinck.com\/da\/wp-json\/wp\/v2\/pages\/9384"}],"wp:attachment":[{"href":"https:\/\/www.nzinck.com\/da\/wp-json\/wp\/v2\/media?parent=9408"}],"wp:term":[{"taxonomy":"category","embeddable":true,"href":"https:\/\/www.nzinck.com\/da\/wp-json\/wp\/v2\/categories?post=9408"}],"curies":[{"name":"wp","href":"https:\/\/api.w.org\/{rel}","templated":true}]}}