{"id":9441,"date":"2022-12-14T12:06:27","date_gmt":"2022-12-14T12:06:27","guid":{"rendered":"https:\/\/www.nzinck.com\/?page_id=9441"},"modified":"2023-01-09T16:17:21","modified_gmt":"2023-01-09T16:17:21","slug":"branding","status":"publish","type":"page","link":"https:\/\/www.nzinck.com\/da\/services\/branding\/","title":{"rendered":"Branding &#038; visuel identitet"},"content":{"rendered":"\t\t<div data-elementor-type=\"wp-page\" data-elementor-id=\"9441\" class=\"elementor elementor-9441 elementor-9202\" data-elementor-post-type=\"page\">\n\t\t\t\t\t\t<section class=\"elementor-section elementor-top-section elementor-element elementor-element-e12a9c3 elementor-section-height-min-height elementor-section-boxed elementor-section-height-default elementor-section-items-middle\" data-id=\"e12a9c3\" data-element_type=\"section\" data-e-type=\"section\" data-settings=\"{&quot;background_background&quot;:&quot;classic&quot;}\">\n\t\t\t\t\t\t<div class=\"elementor-container elementor-column-gap-default\">\n\t\t\t\t\t<div class=\"elementor-column elementor-col-100 elementor-top-column elementor-element elementor-element-ccd9ef4\" data-id=\"ccd9ef4\" data-element_type=\"column\" data-e-type=\"column\" data-settings=\"{&quot;background_background&quot;:&quot;classic&quot;}\">\n\t\t\t<div class=\"elementor-widget-wrap\">\n\t\t\t\t\t\t\t<\/div>\n\t\t<\/div>\n\t\t\t\t\t<\/div>\n\t\t<\/section>\n\t\t\t\t<section class=\"elementor-section elementor-top-section elementor-element elementor-element-c23ae80 elementor-section-boxed elementor-section-height-default elementor-section-height-default\" data-id=\"c23ae80\" data-element_type=\"section\" data-e-type=\"section\" data-settings=\"{&quot;background_background&quot;:&quot;classic&quot;}\">\n\t\t\t\t\t\t\t<div class=\"elementor-background-overlay\"><\/div>\n\t\t\t\t\t\t\t<div class=\"elementor-container elementor-column-gap-default\">\n\t\t\t\t\t<div class=\"elementor-column elementor-col-66 elementor-top-column elementor-element elementor-element-953f12b\" data-id=\"953f12b\" data-element_type=\"column\" data-e-type=\"column\">\n\t\t\t<div class=\"elementor-widget-wrap elementor-element-populated\">\n\t\t\t\t\t\t<div class=\"elementor-element elementor-element-21f74ce elementor-widget elementor-widget-text-editor\" data-id=\"21f74ce\" data-element_type=\"widget\" data-e-type=\"widget\" data-widget_type=\"text-editor.default\">\n\t\t\t\t<div class=\"elementor-widget-container\">\n\t\t\t\t\t\t\t\t\t<header class=\"entry-header\"><\/header><div class=\"entry-content\"><header class=\"entry-header\"><h1 class=\"entry-title\">Branding og visuel identitet<\/h1><h2 class=\"lead-paragraph\">En unik, \u00f8nskv\u00e6rdig og trov\u00e6rdig positionering<\/h2><\/header><div class=\"entry-content\"><p>Et st\u00e6rkt og attraktivt brand kan tiltr\u00e6kke nye kunder, f\u00e5 eksisterende kunder til k\u00f8be mere og oftere \u2013 og m\u00e5ske endda begejstre nogen i en grad, der f\u00e5r dem til at promovere det i deres eget netv\u00e6rk. Bruger man krudtet p\u00e5 at bygge st\u00e6rke m\u00e6rker i stedet for at kaste penge efter push-aktiviteter, vil man ofte opleve en mere effektiv marketingindsats, der ultimativt ogs\u00e5 er langt billigere.<\/p><p>Positioneringen beskriver, hvordan et brand adskiller sig fra sine konkurrenter \u2013 og hvordan det opfattes af kunderne. Det handler derfor om at skabe associationer, der f\u00e5r os til at opfatte virksomhed\/brand p\u00e5 en bestemt m\u00e5de. En st\u00e6rk positionering er kendetegnet ved at v\u00e6re \u00f8nskv\u00e6rdig (v\u00e6kke genklang hos dine kunder), trov\u00e6rdig (kunne leveres af din virksomhed) og unik (adskille sig fra konkurrenterne).<\/p><p>Da k\u00f8bsbeslutninger og pr\u00e6ferencer i h\u00f8j grad baserer sig p\u00e5 emotionelle faktorer, er det en styrke at kunne fundere sit brand i fort\u00e6llinger, v\u00e6rdier og f\u00f8lelser.<\/p><h2>Ydelser inkluderer:<\/h2><ul><li>Brand audit \u2013 en revision ift. kundeindsigt, markedsindsigt, brand value og perception<\/li><li>Strategi &amp; positionering (brand \/corporate), inkl. v\u00e6rdier og personlighed<\/li><li>M\u00e5lgruppeanalyse<\/li><li>Platform (brand \/corporate), inkl. navn, tagline, storytelling, value proposition og boilerplate<\/li><li>Visuel identitet, inkl. logo, farver, grafikker, typografi, tonalitet<\/li><li>Designudfoldning p\u00e5 basiselementer, fx papirlinje, skabeloner, skiltning, website, mm<\/li><li>Udarbejdelse (eller opdatering) af design manual eller guidelines (brand \/corporate), inkl. fotostil<\/li><li>Messaging (Brand \/corporate), s\u00e5 vi kommunikerer klart og ensartet i p\u00e5 tv\u00e6rs af markeder, afdelinger, kanaler og kontaktpunkter<\/li><li>Kampagneudvikling, inkl. id\u00e9 og koncept<\/li><li>Design, eksekvering, testning, implementering og l\u00f8bende justering<\/li><\/ul><h2>S\u00e5dan g\u00f8r vi<\/h2><p>Med dyb indsigt og fordomsfri kreativitet hj\u00e6lper vi jer solid branding og positionering af jeres virksomhed og produkter. Vi arbejder efter en stringent proces, der kommer hele vejen rundt om jeres kommunikation og bygger jeres brand med gode, sammenh\u00e6ngende oplevelser og v\u00e6rdi i alle kontaktflader \u2013 s\u00e5vel eksternt som internt.<\/p><h2>Interesseret?<\/h2><p>Kontakt Mette p\u00e5\u00a0<a href=\"mailto:mette@nzinck.com\">mette@nzinck.com<\/a>\u00a0eller 4088 1360 og h\u00f8r n\u00e6rmere<\/p><\/div><\/div>\t\t\t\t\t\t\t\t<\/div>\n\t\t\t\t<\/div>\n\t\t\t\t\t<\/div>\n\t\t<\/div>\n\t\t\t\t<div class=\"elementor-column elementor-col-33 elementor-top-column elementor-element elementor-element-81d1bc6\" data-id=\"81d1bc6\" data-element_type=\"column\" data-e-type=\"column\">\n\t\t\t<div class=\"elementor-widget-wrap elementor-element-populated\">\n\t\t\t\t\t\t<div class=\"elementor-element elementor-element-76801fa elementor-widget elementor-widget-image\" data-id=\"76801fa\" data-element_type=\"widget\" data-e-type=\"widget\" data-widget_type=\"image.default\">\n\t\t\t\t<div class=\"elementor-widget-container\">\n\t\t\t\t\t\t\t\t\t\t\t\t\t\t\t<img fetchpriority=\"high\" decoding=\"async\" width=\"400\" height=\"341\" src=\"https:\/\/www.nzinck.com\/wp-content\/uploads\/2017\/01\/ClientSidebarCody.jpg\" class=\"attachment-large size-large wp-image-6583\" alt=\"\" \/>\t\t\t\t\t\t\t\t\t\t\t\t\t\t\t<\/div>\n\t\t\t\t<\/div>\n\t\t\t\t<div class=\"elementor-element elementor-element-d6f1004 elementor-widget elementor-widget-text-editor\" data-id=\"d6f1004\" data-element_type=\"widget\" data-e-type=\"widget\" data-widget_type=\"text-editor.default\">\n\t\t\t\t<div class=\"elementor-widget-container\">\n\t\t\t\t\t\t\t\t\t<header class=\"entry-header\"><div class=\"client-statement\"><div class=\"client-statement\">Samarbejdet har givet os en unik og holdbar konkurrencefordel p\u00e5 et overfyldt marked, der nu sl\u00e5r i gennem i salget og p\u00e5 bundlinjen. Jeg er ovenud tilfreds med resultaterne!<\/div><div>\u00a0<\/div><p class=\"text-bold client-name\">Cody R. Aufricht<\/p><p class=\"title-and-company\">Vice President \u2013 Marketing Shared Service Center, Columbus<\/p><\/div><\/header>\t\t\t\t\t\t\t\t<\/div>\n\t\t\t\t<\/div>\n\t\t\t\t<div class=\"elementor-element elementor-element-a347700 elementor-widget elementor-widget-image\" data-id=\"a347700\" data-element_type=\"widget\" data-e-type=\"widget\" data-widget_type=\"image.default\">\n\t\t\t\t<div class=\"elementor-widget-container\">\n\t\t\t\t\t\t\t\t\t\t\t\t\t\t\t\t<a href=\"https:\/\/www.nzinck.com\/da\/service\/graphic-design\/\">\n\t\t\t\t\t\t\t<img decoding=\"async\" width=\"400\" height=\"224\" src=\"https:\/\/www.nzinck.com\/wp-content\/uploads\/2017\/01\/SidebarProductGraphicDesign.jpg\" class=\"attachment-large size-large wp-image-6600\" alt=\"\" srcset=\"https:\/\/www.nzinck.com\/wp-content\/uploads\/2017\/01\/SidebarProductGraphicDesign.jpg 400w, https:\/\/www.nzinck.com\/wp-content\/uploads\/2017\/01\/SidebarProductGraphicDesign-202x113.jpg 202w\" sizes=\"(max-width: 400px) 100vw, 400px\" \/>\t\t\t\t\t\t\t\t<\/a>\n\t\t\t\t\t\t\t\t\t\t\t\t\t\t\t<\/div>\n\t\t\t\t<\/div>\n\t\t\t\t<div class=\"elementor-element elementor-element-1f916ed elementor-widget elementor-widget-text-editor\" data-id=\"1f916ed\" data-element_type=\"widget\" data-e-type=\"widget\" data-widget_type=\"text-editor.default\">\n\t\t\t\t<div class=\"elementor-widget-container\">\n\t\t\t\t\t\t\t\t\t<p><strong><a class=\"block black\" title=\"Graphic Design\" href=\"https:\/\/www.nzinck.com\/da\/service\/graphic-design\/\"><span class=\"text-md black\">Grafisk design<\/span><\/a><\/strong><\/p><p class=\"teaser-description\"><a class=\"block black\" title=\"Graphic Design\" href=\"https:\/\/www.nzinck.com\/da\/service\/graphic-design\/\">Fang \u00e5nden i dit brand og kald m\u00e5lgruppen til handling<\/a><\/p>\t\t\t\t\t\t\t\t<\/div>\n\t\t\t\t<\/div>\n\t\t\t\t<div class=\"elementor-element elementor-element-11d1d95 elementor-widget elementor-widget-image\" data-id=\"11d1d95\" data-element_type=\"widget\" data-e-type=\"widget\" data-widget_type=\"image.default\">\n\t\t\t\t<div class=\"elementor-widget-container\">\n\t\t\t\t\t\t\t\t\t\t\t\t\t\t\t\t<a href=\"https:\/\/www.nzinck.com\/service\/customer-insights\/\">\n\t\t\t\t\t\t\t<img decoding=\"async\" width=\"400\" height=\"224\" src=\"https:\/\/www.nzinck.com\/wp-content\/uploads\/2017\/01\/SidebarProductInsight.jpg\" class=\"attachment-large size-large wp-image-6602\" alt=\"\" srcset=\"https:\/\/www.nzinck.com\/wp-content\/uploads\/2017\/01\/SidebarProductInsight.jpg 400w, https:\/\/www.nzinck.com\/wp-content\/uploads\/2017\/01\/SidebarProductInsight-202x113.jpg 202w\" sizes=\"(max-width: 400px) 100vw, 400px\" \/>\t\t\t\t\t\t\t\t<\/a>\n\t\t\t\t\t\t\t\t\t\t\t\t\t\t\t<\/div>\n\t\t\t\t<\/div>\n\t\t\t\t<div class=\"elementor-element elementor-element-4042dc9 elementor-widget elementor-widget-text-editor\" data-id=\"4042dc9\" data-element_type=\"widget\" data-e-type=\"widget\" data-widget_type=\"text-editor.default\">\n\t\t\t\t<div class=\"elementor-widget-container\">\n\t\t\t\t\t\t\t\t\t<p><strong><a class=\"block black\" title=\"Customer Insights\" href=\"https:\/\/www.nzinck.com\/da\/service\/kundeindsigt\/\"><span class=\"text-md black\">Kundeindsigt<\/span><\/a><\/strong><\/p><p class=\"teaser-description\"><a class=\"block black\" title=\"Customer Insights\" href=\"https:\/\/www.nzinck.com\/da\/service\/kundeindsigt\/\">Tr\u00e6ffer I vigtige beslutninger p\u00e5 mavefornemmelser og sund fornuft?&#8217; desires?<\/a><\/p>\t\t\t\t\t\t\t\t<\/div>\n\t\t\t\t<\/div>\n\t\t\t\t<div class=\"elementor-element elementor-element-389b181 elementor-widget elementor-widget-text-editor\" data-id=\"389b181\" data-element_type=\"widget\" data-e-type=\"widget\" data-widget_type=\"text-editor.default\">\n\t\t\t\t<div class=\"elementor-widget-container\">\n\t\t\t\t\t\t\t\t\t<h4><strong>CASES<\/strong><\/h4>\t\t\t\t\t\t\t\t<\/div>\n\t\t\t\t<\/div>\n\t\t\t\t<div class=\"elementor-element elementor-element-0f6f84b elementor-widget elementor-widget-image\" data-id=\"0f6f84b\" data-element_type=\"widget\" data-e-type=\"widget\" data-widget_type=\"image.default\">\n\t\t\t\t<div class=\"elementor-widget-container\">\n\t\t\t\t\t\t\t\t\t\t\t\t\t\t\t\t<a href=\"https:\/\/www.nzinck.com\/da\/a-global-rebranding-strategy-improved-sales-and-financial-results\/\">\n\t\t\t\t\t\t\t<img loading=\"lazy\" decoding=\"async\" width=\"404\" height=\"226\" src=\"https:\/\/www.nzinck.com\/wp-content\/uploads\/2016\/03\/columbus-sidebar.jpg\" class=\"attachment-large size-large wp-image-6376\" alt=\"\" srcset=\"https:\/\/www.nzinck.com\/wp-content\/uploads\/2016\/03\/columbus-sidebar.jpg 404w, https:\/\/www.nzinck.com\/wp-content\/uploads\/2016\/03\/columbus-sidebar-202x113.jpg 202w\" sizes=\"(max-width: 404px) 100vw, 404px\" \/>\t\t\t\t\t\t\t\t<\/a>\n\t\t\t\t\t\t\t\t\t\t\t\t\t\t\t<\/div>\n\t\t\t\t<\/div>\n\t\t\t\t<div class=\"elementor-element elementor-element-8786a79 elementor-widget elementor-widget-text-editor\" data-id=\"8786a79\" data-element_type=\"widget\" data-e-type=\"widget\" data-widget_type=\"text-editor.default\">\n\t\t\t\t<div class=\"elementor-widget-container\">\n\t\t\t\t\t\t\t\t\t<p><a class=\"block black\" title=\"A Global Rebranding Strategy improved Sales and Financial Results\" href=\"https:\/\/www.nzinck.com\/da\/a-global-rebranding-strategy-improved-sales-and-financial-results\/\" data-wplink-edit=\"true\"><span class=\"text-md black\">Columbus: A Global Rebranding Strategy improved Sales and Financial Results<\/span><\/a><\/p>\t\t\t\t\t\t\t\t<\/div>\n\t\t\t\t<\/div>\n\t\t\t\t<div class=\"elementor-element elementor-element-0a5847b elementor-widget elementor-widget-image\" data-id=\"0a5847b\" data-element_type=\"widget\" data-e-type=\"widget\" data-widget_type=\"image.default\">\n\t\t\t\t<div class=\"elementor-widget-container\">\n\t\t\t\t\t\t\t\t\t\t\t\t\t\t\t\t<a href=\"https:\/\/www.nzinck.com\/da\/case\/kjaer-sommerfeldt\/\">\n\t\t\t\t\t\t\t<img loading=\"lazy\" decoding=\"async\" width=\"404\" height=\"226\" src=\"https:\/\/www.nzinck.com\/wp-content\/uploads\/2016\/01\/cases-content-sidebar-kjaer-sommerfeldt.jpg\" class=\"attachment-large size-large wp-image-6223\" alt=\"\" srcset=\"https:\/\/www.nzinck.com\/wp-content\/uploads\/2016\/01\/cases-content-sidebar-kjaer-sommerfeldt.jpg 404w, https:\/\/www.nzinck.com\/wp-content\/uploads\/2016\/01\/cases-content-sidebar-kjaer-sommerfeldt-202x113.jpg 202w\" sizes=\"(max-width: 404px) 100vw, 404px\" \/>\t\t\t\t\t\t\t\t<\/a>\n\t\t\t\t\t\t\t\t\t\t\t\t\t\t\t<\/div>\n\t\t\t\t<\/div>\n\t\t\t\t<div class=\"elementor-element elementor-element-1db891f elementor-widget elementor-widget-text-editor\" data-id=\"1db891f\" data-element_type=\"widget\" data-e-type=\"widget\" data-widget_type=\"text-editor.default\">\n\t\t\t\t<div class=\"elementor-widget-container\">\n\t\t\t\t\t\t\t\t\t<p><a class=\"block black\" title=\"Kj\u00e6r Sommerfeldt \u2013 Design and branding\" href=\"https:\/\/www.nzinck.com\/da\/case\/kjaer-sommerfeldt\/\" data-wplink-edit=\"true\"><span class=\"text-md black\">Kj\u00e6r Sommerfeldt: Branding &amp; visual identity<\/span><\/a><\/p>\t\t\t\t\t\t\t\t<\/div>\n\t\t\t\t<\/div>\n\t\t\t\t<div class=\"elementor-element elementor-element-c21e7d5 elementor-widget elementor-widget-image\" data-id=\"c21e7d5\" data-element_type=\"widget\" data-e-type=\"widget\" data-widget_type=\"image.default\">\n\t\t\t\t<div class=\"elementor-widget-container\">\n\t\t\t\t\t\t\t\t\t\t\t\t\t\t\t\t<a href=\"https:\/\/www.nzinck.com\/da\/case\/nanovi\/\">\n\t\t\t\t\t\t\t<img decoding=\"async\" src=\"https:\/\/www.nzinck.com\/wp-content\/uploads\/elementor\/thumbs\/Biointro-q09gzi75m2b3grb3zyotehfoncbtxrl8tm3q6sb05i.jpg\" title=\"Biointro\" alt=\"Biointro\" loading=\"lazy\" \/>\t\t\t\t\t\t\t\t<\/a>\n\t\t\t\t\t\t\t\t\t\t\t\t\t\t\t<\/div>\n\t\t\t\t<\/div>\n\t\t\t\t<div class=\"elementor-element elementor-element-bdc165a elementor-widget elementor-widget-text-editor\" data-id=\"bdc165a\" data-element_type=\"widget\" data-e-type=\"widget\" data-widget_type=\"text-editor.default\">\n\t\t\t\t<div class=\"elementor-widget-container\">\n\t\t\t\t\t\t\t\t\t<a class=\"block black\" title=\"Kj\u00e6r Sommerfeldt \u2013 Design and branding\" href=\"https:\/\/www.nzinck.com\/da\/case\/nanovi\/\"><span style=\"font-size: 18px;\">Nanovi: BioXmark launch<\/span><\/a>\t\t\t\t\t\t\t\t<\/div>\n\t\t\t\t<\/div>\n\t\t\t\t<div class=\"elementor-element elementor-element-fe8b010 elementor-widget elementor-widget-text-editor\" data-id=\"fe8b010\" data-element_type=\"widget\" data-e-type=\"widget\" data-widget_type=\"text-editor.default\">\n\t\t\t\t<div class=\"elementor-widget-container\">\n\t\t\t\t\t\t\t\t\t<h4><strong>INSPIRATION<\/strong><\/h4>\t\t\t\t\t\t\t\t<\/div>\n\t\t\t\t<\/div>\n\t\t\t\t<div class=\"elementor-element elementor-element-7c47c0a elementor-widget elementor-widget-image\" data-id=\"7c47c0a\" data-element_type=\"widget\" data-e-type=\"widget\" data-widget_type=\"image.default\">\n\t\t\t\t<div class=\"elementor-widget-container\">\n\t\t\t\t\t\t\t\t\t\t\t\t\t\t\t\t<a href=\"https:\/\/www.nzinck.com\/da\/oh-so-cute-takes-the-cake\/\">\n\t\t\t\t\t\t\t<img loading=\"lazy\" decoding=\"async\" width=\"404\" height=\"226\" src=\"https:\/\/www.nzinck.com\/wp-content\/uploads\/2016\/10\/guld-vaerd-sidebar.jpg\" class=\"attachment-large size-large wp-image-6498\" alt=\"\" srcset=\"https:\/\/www.nzinck.com\/wp-content\/uploads\/2016\/10\/guld-vaerd-sidebar.jpg 404w, https:\/\/www.nzinck.com\/wp-content\/uploads\/2016\/10\/guld-vaerd-sidebar-202x113.jpg 202w\" sizes=\"(max-width: 404px) 100vw, 404px\" \/>\t\t\t\t\t\t\t\t<\/a>\n\t\t\t\t\t\t\t\t\t\t\t\t\t\t\t<\/div>\n\t\t\t\t<\/div>\n\t\t\t\t<div class=\"elementor-element elementor-element-c2859c6 elementor-widget elementor-widget-text-editor\" data-id=\"c2859c6\" data-element_type=\"widget\" data-e-type=\"widget\" data-widget_type=\"text-editor.default\">\n\t\t\t\t<div class=\"elementor-widget-container\">\n\t\t\t\t\t\t\t\t\t<p><a class=\"block black\" title=\"\u201cOh, so cute\u201d Takes the Cake\" href=\"https:\/\/www.nzinck.com\/da\/oh-so-cute-takes-the-cake\/\" data-wplink-edit=\"true\"><span class=\"text-md black\">\u201cOh, so cute\u201d Takes the Cake<\/span><\/a><\/p>\t\t\t\t\t\t\t\t<\/div>\n\t\t\t\t<\/div>\n\t\t\t\t\t<\/div>\n\t\t<\/div>\n\t\t\t\t\t<\/div>\n\t\t<\/section>\n\t\t\t\t<\/div>\n\t\t","protected":false},"excerpt":{"rendered":"<p>Branding og visuel identitet En unik, \u00f8nskv\u00e6rdig og trov\u00e6rdig positionering Et st\u00e6rkt og attraktivt brand kan tiltr\u00e6kke nye kunder, f\u00e5 eksisterende kunder til k\u00f8be mere og oftere \u2013 og m\u00e5ske endda begejstre nogen i en grad, der f\u00e5r dem til at promovere det i deres eget netv\u00e6rk. Bruger man krudtet p\u00e5 at bygge st\u00e6rke m\u00e6rker &hellip;<\/p>\n","protected":false},"author":4,"featured_media":0,"parent":9384,"menu_order":0,"comment_status":"closed","ping_status":"closed","template":"elementor_header_footer","meta":{"_acf_changed":false,"footnotes":""},"categories":[],"class_list":["post-9441","page","type-page","status-publish","hentry"],"acf":[],"_links":{"self":[{"href":"https:\/\/www.nzinck.com\/da\/wp-json\/wp\/v2\/pages\/9441","targetHints":{"allow":["GET"]}}],"collection":[{"href":"https:\/\/www.nzinck.com\/da\/wp-json\/wp\/v2\/pages"}],"about":[{"href":"https:\/\/www.nzinck.com\/da\/wp-json\/wp\/v2\/types\/page"}],"author":[{"embeddable":true,"href":"https:\/\/www.nzinck.com\/da\/wp-json\/wp\/v2\/users\/4"}],"replies":[{"embeddable":true,"href":"https:\/\/www.nzinck.com\/da\/wp-json\/wp\/v2\/comments?post=9441"}],"version-history":[{"count":15,"href":"https:\/\/www.nzinck.com\/da\/wp-json\/wp\/v2\/pages\/9441\/revisions"}],"predecessor-version":[{"id":10853,"href":"https:\/\/www.nzinck.com\/da\/wp-json\/wp\/v2\/pages\/9441\/revisions\/10853"}],"up":[{"embeddable":true,"href":"https:\/\/www.nzinck.com\/da\/wp-json\/wp\/v2\/pages\/9384"}],"wp:attachment":[{"href":"https:\/\/www.nzinck.com\/da\/wp-json\/wp\/v2\/media?parent=9441"}],"wp:term":[{"taxonomy":"category","embeddable":true,"href":"https:\/\/www.nzinck.com\/da\/wp-json\/wp\/v2\/categories?post=9441"}],"curies":[{"name":"wp","href":"https:\/\/api.w.org\/{rel}","templated":true}]}}