{"id":9465,"date":"2022-12-15T11:23:59","date_gmt":"2022-12-15T11:23:59","guid":{"rendered":"https:\/\/www.nzinck.com\/?page_id=9465"},"modified":"2023-01-20T15:34:18","modified_gmt":"2023-01-20T15:34:18","slug":"content-marketing-dk","status":"publish","type":"page","link":"https:\/\/www.nzinck.com\/da\/services\/content-marketing-dk\/","title":{"rendered":"Content marketing"},"content":{"rendered":"\t\t<div data-elementor-type=\"wp-page\" data-elementor-id=\"9465\" class=\"elementor elementor-9465 elementor-9236\" data-elementor-post-type=\"page\">\n\t\t\t\t\t\t<section class=\"elementor-section elementor-top-section elementor-element elementor-element-e12a9c3 elementor-section-height-min-height elementor-section-boxed elementor-section-height-default elementor-section-items-middle\" data-id=\"e12a9c3\" data-element_type=\"section\" data-e-type=\"section\" data-settings=\"{&quot;background_background&quot;:&quot;classic&quot;}\">\n\t\t\t\t\t\t<div class=\"elementor-container elementor-column-gap-default\">\n\t\t\t\t\t<div class=\"elementor-column elementor-col-100 elementor-top-column elementor-element elementor-element-ccd9ef4\" data-id=\"ccd9ef4\" data-element_type=\"column\" data-e-type=\"column\" data-settings=\"{&quot;background_background&quot;:&quot;classic&quot;}\">\n\t\t\t<div class=\"elementor-widget-wrap\">\n\t\t\t\t\t\t\t<\/div>\n\t\t<\/div>\n\t\t\t\t\t<\/div>\n\t\t<\/section>\n\t\t\t\t<section class=\"elementor-section elementor-top-section elementor-element elementor-element-c23ae80 elementor-section-boxed elementor-section-height-default elementor-section-height-default\" data-id=\"c23ae80\" data-element_type=\"section\" data-e-type=\"section\" data-settings=\"{&quot;background_background&quot;:&quot;classic&quot;}\">\n\t\t\t\t\t\t\t<div class=\"elementor-background-overlay\"><\/div>\n\t\t\t\t\t\t\t<div class=\"elementor-container elementor-column-gap-default\">\n\t\t\t\t\t<div class=\"elementor-column elementor-col-66 elementor-top-column elementor-element elementor-element-953f12b\" data-id=\"953f12b\" data-element_type=\"column\" data-e-type=\"column\">\n\t\t\t<div class=\"elementor-widget-wrap elementor-element-populated\">\n\t\t\t\t\t\t<div class=\"elementor-element elementor-element-21f74ce elementor-widget elementor-widget-text-editor\" data-id=\"21f74ce\" data-element_type=\"widget\" data-e-type=\"widget\" data-widget_type=\"text-editor.default\">\n\t\t\t\t<div class=\"elementor-widget-container\">\n\t\t\t\t\t\t\t\t\t<header class=\"entry-header\"><\/header><div class=\"entry-content\"><header class=\"entry-header\"><header class=\"entry-header\"><h1 class=\"entry-title\"><span style=\"color: inherit; font-family: inherit;\">Content marketing<\/span><\/h1><header class=\"entry-header\"><h2 class=\"lead-paragraph\">Relevant og engagerende indhold p\u00e5 rette tid og sted for en klart defineret m\u00e5lgruppe<\/h2><\/header><div class=\"entry-content\"><p>Stop med at skyde spredehagl efter alt, hvad der har en puls!<\/p><p>Vores tilgang til content marketing er \u201c<a href=\"http:\/\/www.nzinck.com\/service\/inbound-marketing\/\">inbound<\/a>\u201c. Det handler om at skabe v\u00e6rdifuldt indhold for klart definerede m\u00e5lgrupper (kunder, brugere, medlemmer, etc) ved at im\u00f8dekomme deres behov her og nu. Det kan fx v\u00e6re ting, de s\u00f8ger, noget de har behov for, nyttig information eller inspiration. Hvis dit content er relevant og berigende, vender folk tilbage efter mere og deler det i deres egne sociale eller faglige netv\u00e6rk.<\/p><p>\u00a0<\/p><h4>Det rette budskab til den rette m\u00e5lgruppe p\u00e5 det helt rigtige tidspunkt<\/h4><p>Virksomhedens brand\/produkt\/service g\u00f8res relevant og v\u00e6rdifuldt ved at adressere m\u00e5lgruppernes pr\u00e6cise behov i de enkelte faser. Der kan v\u00e6re tale omflere m\u00e5lgrupper, alts\u00e5 flere kunderejser. Godt content tiltr\u00e6kker de rigtige bes\u00f8gende \u2013 dem med potentiale for at blive kunder. Godt content k\u00f8bsmodner dem i den rigtige hastighed, g\u00f8r dem i stand til at tr\u00e6ffe en kvalificeret k\u00f8bsbeslutning og tilbyder pr\u00e6cis den rigtige l\u00f8sning p\u00e5 det helt rigtige tidspunkt. Herved kan content kan styrke s\u00e5vel leadgenerering som konverteringsrater og kundeloyaltet.<\/p><p>At tilbyde en j\u00e6vn str\u00f8m af nyt og relevant content for flere m\u00e5lgrupper, i alle faser af kunderejsen og p\u00e5 tv\u00e6rs af alle kontaktpunkter, kanaler og platforme er en yderst tidskr\u00e6vende og uoverkommelig aff\u00e6re for mange virksomheder.<\/p><h2>Det vi hj\u00e6lper med<\/h2><ul><li>Kundeindsigt til udarbejdelse af m\u00e5lgruppebeskrivelser og personaer<\/li><li>Kortl\u00e6gning af kunderejser, behov og kontaktpunkter<\/li><li>Udarbejdelse af content strategi med klare m\u00e5l og KPI\u2019er for den enkelte indsats samt analytics til effektm\u00e5ling<\/li><li>Udvikling og produktion af konkret indhold, fx blog posts, social media posts, nyhedsbreve, infographics, how-to guides, quiz\u2019er, podcasts, whitepapers, e-books, video mv.<\/li><li>Distribution og effektm\u00e5ling<\/li><\/ul><h2>Interesseret?<\/h2><p>Kontakt Mette p\u00e5\u00a0<a href=\"mailto:mette@nzinck.com\">mette@nzinck.com<\/a> eller 4088 1360 og h\u00f8r n\u00e6rmere.<\/p><\/div><\/header><\/header><\/div>\t\t\t\t\t\t\t\t<\/div>\n\t\t\t\t<\/div>\n\t\t\t\t\t<\/div>\n\t\t<\/div>\n\t\t\t\t<div class=\"elementor-column elementor-col-33 elementor-top-column elementor-element elementor-element-81d1bc6\" data-id=\"81d1bc6\" data-element_type=\"column\" data-e-type=\"column\">\n\t\t\t<div class=\"elementor-widget-wrap elementor-element-populated\">\n\t\t\t\t\t\t<div class=\"elementor-element elementor-element-76801fa elementor-widget elementor-widget-image\" data-id=\"76801fa\" data-element_type=\"widget\" data-e-type=\"widget\" data-widget_type=\"image.default\">\n\t\t\t\t<div class=\"elementor-widget-container\">\n\t\t\t\t\t\t\t\t\t\t\t\t\t\t\t<img fetchpriority=\"high\" decoding=\"async\" width=\"400\" height=\"341\" src=\"https:\/\/www.nzinck.com\/wp-content\/uploads\/2017\/01\/ClientSidebarSoeren.jpg\" class=\"attachment-large size-large wp-image-6586\" alt=\"\" \/>\t\t\t\t\t\t\t\t\t\t\t\t\t\t\t<\/div>\n\t\t\t\t<\/div>\n\t\t\t\t<div class=\"elementor-element elementor-element-d6f1004 elementor-widget elementor-widget-text-editor\" data-id=\"d6f1004\" data-element_type=\"widget\" data-e-type=\"widget\" data-widget_type=\"text-editor.default\">\n\t\t\t\t<div class=\"elementor-widget-container\">\n\t\t\t\t\t\t\t\t\t<header class=\"entry-header\"><div class=\"client-statement\"><div class=\"client-statement\"><div class=\"client-statement\"><div class=\"client-statement\">Holdet hos NZINCK forst\u00e5r, at kunden i centrum er udgangspunktet for enhver bestr\u00e6belse p\u00e5 at skabe relevans og varige forbindelser.<\/div><div>\u00a0<\/div><p class=\"text-bold client-name\">S\u00f8ren Kristensen<\/p><p class=\"title-and-company\">Managing Director\/Customer &amp; Channel Marketing Transformation, Accenture<\/p><\/div><\/div><\/div><\/header>\t\t\t\t\t\t\t\t<\/div>\n\t\t\t\t<\/div>\n\t\t\t\t<div class=\"elementor-element elementor-element-b592306 elementor-widget elementor-widget-image\" data-id=\"b592306\" data-element_type=\"widget\" data-e-type=\"widget\" data-widget_type=\"image.default\">\n\t\t\t\t<div class=\"elementor-widget-container\">\n\t\t\t\t\t\t\t\t\t\t\t\t\t\t\t\t<a href=\"https:\/\/www.nzinck.com\/da\/service\/tilbud-content-marketing\/\">\n\t\t\t\t\t\t\t<img decoding=\"async\" width=\"400\" height=\"224\" src=\"https:\/\/www.nzinck.com\/wp-content\/uploads\/2017\/01\/SidebarProductDigitalTransformation.jpg\" class=\"attachment-large size-large wp-image-6599\" alt=\"\" srcset=\"https:\/\/www.nzinck.com\/wp-content\/uploads\/2017\/01\/SidebarProductDigitalTransformation.jpg 400w, https:\/\/www.nzinck.com\/wp-content\/uploads\/2017\/01\/SidebarProductDigitalTransformation-202x113.jpg 202w\" sizes=\"(max-width: 400px) 100vw, 400px\" \/>\t\t\t\t\t\t\t\t<\/a>\n\t\t\t\t\t\t\t\t\t\t\t\t\t\t\t<\/div>\n\t\t\t\t<\/div>\n\t\t\t\t<div class=\"elementor-element elementor-element-bcf688e elementor-widget elementor-widget-text-editor\" data-id=\"bcf688e\" data-element_type=\"widget\" data-e-type=\"widget\" data-widget_type=\"text-editor.default\">\n\t\t\t\t<div class=\"elementor-widget-container\">\n\t\t\t\t\t\t\t\t\t<p><a class=\"block black\" title=\"Content marketing-service\" href=\"https:\/\/www.nzinck.com\/da\/service\/tilbud-content-marketing\/\" data-wplink-edit=\"true\"><span class=\"text-md black\">Content marketing servicepakker<\/span><\/a><\/p>\t\t\t\t\t\t\t\t<\/div>\n\t\t\t\t<\/div>\n\t\t\t\t<div class=\"elementor-element elementor-element-8adde54 elementor-widget elementor-widget-text-editor\" data-id=\"8adde54\" data-element_type=\"widget\" data-e-type=\"widget\" data-widget_type=\"text-editor.default\">\n\t\t\t\t<div class=\"elementor-widget-container\">\n\t\t\t\t\t\t\t\t\t<p><strong>RELATEREDE YDELSER<\/strong><\/p>\t\t\t\t\t\t\t\t<\/div>\n\t\t\t\t<\/div>\n\t\t\t\t<div class=\"elementor-element elementor-element-11d1d95 elementor-widget elementor-widget-image\" data-id=\"11d1d95\" data-element_type=\"widget\" data-e-type=\"widget\" data-widget_type=\"image.default\">\n\t\t\t\t<div class=\"elementor-widget-container\">\n\t\t\t\t\t\t\t\t\t\t\t\t\t\t\t\t<a href=\"https:\/\/www.nzinck.com\/da\/service\/customer-journey\/\">\n\t\t\t\t\t\t\t<img decoding=\"async\" width=\"400\" height=\"224\" src=\"https:\/\/www.nzinck.com\/wp-content\/uploads\/2017\/01\/SidebarProductCustomerJourney.jpg\" class=\"attachment-large size-large wp-image-6598\" alt=\"\" srcset=\"https:\/\/www.nzinck.com\/wp-content\/uploads\/2017\/01\/SidebarProductCustomerJourney.jpg 400w, https:\/\/www.nzinck.com\/wp-content\/uploads\/2017\/01\/SidebarProductCustomerJourney-202x113.jpg 202w\" sizes=\"(max-width: 400px) 100vw, 400px\" \/>\t\t\t\t\t\t\t\t<\/a>\n\t\t\t\t\t\t\t\t\t\t\t\t\t\t\t<\/div>\n\t\t\t\t<\/div>\n\t\t\t\t<div class=\"elementor-element elementor-element-4042dc9 elementor-widget elementor-widget-text-editor\" data-id=\"4042dc9\" data-element_type=\"widget\" data-e-type=\"widget\" data-widget_type=\"text-editor.default\">\n\t\t\t\t<div class=\"elementor-widget-container\">\n\t\t\t\t\t\t\t\t\t<p><strong><a class=\"block black\" title=\"Customer Journey Design\" href=\"https:\/\/www.nzinck.com\/da\/service\/customer-journey\/\"><span class=\"text-md black\">Customer Journey design<\/span><\/a><\/strong><\/p><p class=\"teaser-description\"><a class=\"block black\" title=\"Customer Journey Design\" href=\"https:\/\/www.nzinck.com\/da\/service\/customer-journey\/\" data-wplink-edit=\"true\">Er I p\u00e5 b\u00f8lgel\u00e6ngde med jeres kunder?<\/a><\/p>\t\t\t\t\t\t\t\t<\/div>\n\t\t\t\t<\/div>\n\t\t\t\t<div class=\"elementor-element elementor-element-9e894a8 elementor-widget elementor-widget-image\" data-id=\"9e894a8\" data-element_type=\"widget\" data-e-type=\"widget\" data-widget_type=\"image.default\">\n\t\t\t\t<div class=\"elementor-widget-container\">\n\t\t\t\t\t\t\t\t\t\t\t\t\t\t\t\t<a href=\"https:\/\/www.nzinck.com\/da\/service\/videoproduktion\/\">\n\t\t\t\t\t\t\t<img loading=\"lazy\" decoding=\"async\" width=\"400\" height=\"224\" src=\"https:\/\/www.nzinck.com\/wp-content\/uploads\/2017\/01\/SidebarProductVideo.jpg\" class=\"attachment-large size-large wp-image-6607\" alt=\"\" srcset=\"https:\/\/www.nzinck.com\/wp-content\/uploads\/2017\/01\/SidebarProductVideo.jpg 400w, https:\/\/www.nzinck.com\/wp-content\/uploads\/2017\/01\/SidebarProductVideo-202x113.jpg 202w\" sizes=\"(max-width: 400px) 100vw, 400px\" \/>\t\t\t\t\t\t\t\t<\/a>\n\t\t\t\t\t\t\t\t\t\t\t\t\t\t\t<\/div>\n\t\t\t\t<\/div>\n\t\t\t\t<div class=\"elementor-element elementor-element-58821a8 elementor-widget elementor-widget-text-editor\" data-id=\"58821a8\" data-element_type=\"widget\" data-e-type=\"widget\" data-widget_type=\"text-editor.default\">\n\t\t\t\t<div class=\"elementor-widget-container\">\n\t\t\t\t\t\t\t\t\t<strong><a class=\"block black\" title=\"Video Production\" href=\"https:\/\/www.nzinck.com\/da\/service\/videoproduktion\/\"><span class=\"text-md black\">Videoproduktion<\/span><\/a><\/strong>\n<p class=\"teaser-description\"><a class=\"block black\" title=\"Video Production\" href=\"https:\/\/www.nzinck.com\/da\/service\/videoproduktion\/\">Video er afg\u00f8rende i kampen om kundens opm\u00e6rksomhed<\/a><\/p>\t\t\t\t\t\t\t\t<\/div>\n\t\t\t\t<\/div>\n\t\t\t\t\t<\/div>\n\t\t<\/div>\n\t\t\t\t\t<\/div>\n\t\t<\/section>\n\t\t\t\t<\/div>\n\t\t","protected":false},"excerpt":{"rendered":"<p>Content marketing Relevant og engagerende indhold p\u00e5 rette tid og sted for en klart defineret m\u00e5lgruppe Stop med at skyde spredehagl efter alt, hvad der har en puls! Vores tilgang til content marketing er \u201cinbound\u201c. Det handler om at skabe v\u00e6rdifuldt indhold for klart definerede m\u00e5lgrupper (kunder, brugere, medlemmer, etc) ved at im\u00f8dekomme deres behov &hellip;<\/p>\n","protected":false},"author":4,"featured_media":0,"parent":9384,"menu_order":0,"comment_status":"closed","ping_status":"closed","template":"elementor_header_footer","meta":{"_acf_changed":false,"footnotes":""},"categories":[],"class_list":["post-9465","page","type-page","status-publish","hentry"],"acf":[],"_links":{"self":[{"href":"https:\/\/www.nzinck.com\/da\/wp-json\/wp\/v2\/pages\/9465","targetHints":{"allow":["GET"]}}],"collection":[{"href":"https:\/\/www.nzinck.com\/da\/wp-json\/wp\/v2\/pages"}],"about":[{"href":"https:\/\/www.nzinck.com\/da\/wp-json\/wp\/v2\/types\/page"}],"author":[{"embeddable":true,"href":"https:\/\/www.nzinck.com\/da\/wp-json\/wp\/v2\/users\/4"}],"replies":[{"embeddable":true,"href":"https:\/\/www.nzinck.com\/da\/wp-json\/wp\/v2\/comments?post=9465"}],"version-history":[{"count":23,"href":"https:\/\/www.nzinck.com\/da\/wp-json\/wp\/v2\/pages\/9465\/revisions"}],"predecessor-version":[{"id":10948,"href":"https:\/\/www.nzinck.com\/da\/wp-json\/wp\/v2\/pages\/9465\/revisions\/10948"}],"up":[{"embeddable":true,"href":"https:\/\/www.nzinck.com\/da\/wp-json\/wp\/v2\/pages\/9384"}],"wp:attachment":[{"href":"https:\/\/www.nzinck.com\/da\/wp-json\/wp\/v2\/media?parent=9465"}],"wp:term":[{"taxonomy":"category","embeddable":true,"href":"https:\/\/www.nzinck.com\/da\/wp-json\/wp\/v2\/categories?post=9465"}],"curies":[{"name":"wp","href":"https:\/\/api.w.org\/{rel}","templated":true}]}}