{"id":9482,"date":"2022-12-15T11:04:59","date_gmt":"2022-12-15T11:04:59","guid":{"rendered":"https:\/\/www.nzinck.com\/?page_id=9482"},"modified":"2023-01-09T16:01:15","modified_gmt":"2023-01-09T16:01:15","slug":"customer-experience","status":"publish","type":"page","link":"https:\/\/www.nzinck.com\/da\/services\/customer-experience\/","title":{"rendered":"Customer experience"},"content":{"rendered":"\t\t<div data-elementor-type=\"wp-page\" data-elementor-id=\"9482\" class=\"elementor elementor-9482 elementor-9227\" data-elementor-post-type=\"page\">\n\t\t\t\t\t\t<section class=\"elementor-section elementor-top-section elementor-element elementor-element-e12a9c3 elementor-section-height-min-height elementor-section-boxed elementor-section-height-default elementor-section-items-middle\" data-id=\"e12a9c3\" data-element_type=\"section\" data-e-type=\"section\" data-settings=\"{&quot;background_background&quot;:&quot;classic&quot;}\">\n\t\t\t\t\t\t<div class=\"elementor-container elementor-column-gap-default\">\n\t\t\t\t\t<div class=\"elementor-column elementor-col-100 elementor-top-column elementor-element elementor-element-ccd9ef4\" data-id=\"ccd9ef4\" data-element_type=\"column\" data-e-type=\"column\" data-settings=\"{&quot;background_background&quot;:&quot;classic&quot;}\">\n\t\t\t<div class=\"elementor-widget-wrap\">\n\t\t\t\t\t\t\t<\/div>\n\t\t<\/div>\n\t\t\t\t\t<\/div>\n\t\t<\/section>\n\t\t\t\t<section class=\"elementor-section elementor-top-section elementor-element elementor-element-c23ae80 elementor-section-boxed elementor-section-height-default elementor-section-height-default\" data-id=\"c23ae80\" data-element_type=\"section\" data-e-type=\"section\" data-settings=\"{&quot;background_background&quot;:&quot;classic&quot;}\">\n\t\t\t\t\t\t\t<div class=\"elementor-background-overlay\"><\/div>\n\t\t\t\t\t\t\t<div class=\"elementor-container elementor-column-gap-default\">\n\t\t\t\t\t<div class=\"elementor-column elementor-col-66 elementor-top-column elementor-element elementor-element-953f12b\" data-id=\"953f12b\" data-element_type=\"column\" data-e-type=\"column\">\n\t\t\t<div class=\"elementor-widget-wrap elementor-element-populated\">\n\t\t\t\t\t\t<div class=\"elementor-element elementor-element-21f74ce elementor-widget elementor-widget-text-editor\" data-id=\"21f74ce\" data-element_type=\"widget\" data-e-type=\"widget\" data-widget_type=\"text-editor.default\">\n\t\t\t\t<div class=\"elementor-widget-container\">\n\t\t\t\t\t\t\t\t\t<header class=\"entry-header\"><\/header><div class=\"entry-content\"><header class=\"entry-header\"><h1 class=\"entry-title\">Customer experience<\/h1><header class=\"entry-header\"><h2 class=\"lead-paragraph\">Gode kundeoplevelser er n\u00f8glen til \u00f8get oms\u00e6tning og loyalitet<\/h2><\/header><div class=\"entry-content\"><p>\u2026 men de fleste virksomheder har masser af plads til forbedring. Customer experience (CX) handler om at tiltr\u00e6kke kunder og give dem gode oplevelse i m\u00f8det med jeres virksomhed, produkter og ydelser. Det kr\u00e6ver en proaktiv indsats og s\u00e6rlig evne til at forudse, hvad kunderne har brug for \u2013 f\u00f8r de selv erkender deres behov. Og det g\u00e6lder selvf\u00f8lgelig i alle kontaktpunkter p\u00e5 kunderejsen.<\/p><h2>Hvad det kr\u00e6ver<\/h2><ul><li>Kortl\u00e6gning af den eksisterende situation \u2013 Hvordan st\u00e5r det til i de enkelte kontaktpunkterne p\u00e5 kunderejsen? Skaber I en god samlet og sammenh\u00e6ngende kundeoplevelse \u2013 eller er der huller, fejl eller muligheder for optimering\u2026<\/li><li>Indg\u00e5ende kundeforst\u00e5else \u2013 Hvem er dine m\u00e5lgrupper, og hvad er deres behov og adf\u00e6rd i de forskellige faser af kunderejsen?Hvordan kan I bedst im\u00f8dekomme disse behov og overg\u00e5 forventningerne? Dette b\u00f8r baseret p\u00e5 reel kundeindsigt og ikke bare mavefornemmelser, da det er lige her (p\u00e5 m\u00e5lstregen mellem tro og viden), at man taber kunden.<\/li><\/ul><h2>S\u00e5dan g\u00f8r vi<\/h2><p>Vi kan hj\u00e6lpe jer med at optimere customer experience ved at skabe sammenh\u00e6ng, relevans og kvalitet i kundens m\u00f8de med jeres virksomhed gennem hele kunderejsen. Det vil \u00f8ge\u00a0<a href=\"https:\/\/www.nzinck.com\/da\/service\/leadgenerering\/\">leadgenerering<\/a>, konverteringsrater og dermed ogs\u00e5 forbedre jeres oms\u00e6tning. En proaktiv tilgang til customer experience vil samtidig styrke kundeengagement og loyalitet.<\/p><p>Vi arbejder efter f\u00f8lgende proces:<\/p><p><img fetchpriority=\"high\" decoding=\"async\" class=\"aligncenter wp-image-2489\" src=\"https:\/\/www.nzinck.com\/wp-content\/uploads\/2017\/01\/pil2.jpg?x98396\" sizes=\"(max-width: 1144px) 100vw, 1144px\" srcset=\"https:\/\/www.nzinck.com\/wp-content\/uploads\/2017\/01\/pil2.jpg 1144w, https:\/\/www.nzinck.com\/wp-content\/uploads\/2017\/01\/pil2-450x58.jpg 450w, https:\/\/www.nzinck.com\/wp-content\/uploads\/2017\/01\/pil2-768x99.jpg 768w\" alt=\"Customer experience\" width=\"1144\" height=\"147\" \/><\/p><ol><li><strong>Health check and painkillers: Hvor g\u00f8r det ondt?<\/strong><ul><li>Kortl\u00e6gning af de vigtigste digitale kontaktpunkter<\/li><li>Anbefalinger til hurtige forbedringer (lavth\u00e6ngende frugter)<\/li><\/ul><\/li><li><strong>Cause analysis: Hvad skyldes det?<\/strong><ul><li>Analyse af kundeindsigter (adf\u00e6rd, behov og forventninger, kunderejse og -oplevelser)<\/li><li>Analyse af kontaktpunkter p\u00e5 kunderejsen (s\u00e5vel digitale som fysiske)<\/li><\/ul><\/li><li><strong>Full cure: Hvad skal der til?<\/strong><ul><li>Customer journey design med optimering i forhold til kundeindsigter og de vigtigste m\u00e5lgrupper, herunder prioritering af kontaktpunkter og udvikling\u00a0<em>power moments<\/em>, hvor vi har en s\u00e6rlig mulighed for fange opm\u00e6rksomheden<\/li><li>Customer experience design med optimering af mikroperspektivet i de individuelle interaktioner s\u00e5vel som makroperspektivet, fx i forhold til faser i livcyklus.<br \/><br \/><\/li><\/ul><\/li><li><strong>Stay healthy: Hvordan holder vi os sunde?<\/strong><ul><li>Overv\u00e5gning af kundeoplevelser med l\u00f8bende\u00a0<a href=\"https:\/\/www.nzinck.com\/da\/service\/kundeindsigt\/\" target=\"_blank\" rel=\"noopener\">kundeindsigter<\/a>, herunder analytics, sentiment reports, kvalitativ feedback, kundeservicerapportering, mm<\/li><li>L\u00f8bende optimering og justering baseret op kundeindsigter<\/li><\/ul><\/li><\/ol><h2>Interesseret?<\/h2><p>Kontakt Mette p\u00e5\u00a0<a href=\"mailto:mette@nzinck.com\">mette@nzinck.com<\/a> eller 4088 1360 og h\u00f8r n\u00e6rmere.<\/p><\/div><\/header><\/div>\t\t\t\t\t\t\t\t<\/div>\n\t\t\t\t<\/div>\n\t\t\t\t\t<\/div>\n\t\t<\/div>\n\t\t\t\t<div class=\"elementor-column elementor-col-33 elementor-top-column elementor-element elementor-element-81d1bc6\" data-id=\"81d1bc6\" data-element_type=\"column\" data-e-type=\"column\">\n\t\t\t<div class=\"elementor-widget-wrap elementor-element-populated\">\n\t\t\t\t\t\t<div class=\"elementor-element elementor-element-76801fa elementor-widget elementor-widget-image\" data-id=\"76801fa\" data-element_type=\"widget\" data-e-type=\"widget\" data-widget_type=\"image.default\">\n\t\t\t\t<div class=\"elementor-widget-container\">\n\t\t\t\t\t\t\t\t\t\t\t\t\t\t\t<img decoding=\"async\" width=\"400\" height=\"341\" src=\"https:\/\/www.nzinck.com\/wp-content\/uploads\/2017\/01\/ClientSidebarPeter.jpg\" class=\"attachment-large size-large wp-image-6585\" alt=\"\" \/>\t\t\t\t\t\t\t\t\t\t\t\t\t\t\t<\/div>\n\t\t\t\t<\/div>\n\t\t\t\t<div class=\"elementor-element elementor-element-d6f1004 elementor-widget elementor-widget-text-editor\" data-id=\"d6f1004\" data-element_type=\"widget\" data-e-type=\"widget\" data-widget_type=\"text-editor.default\">\n\t\t\t\t<div class=\"elementor-widget-container\">\n\t\t\t\t\t\t\t\t\t<header class=\"entry-header\"><div class=\"client-statement\"><div class=\"client-statement\"><div class=\"client-statement\">NZINCKs \u00e6rlige tilgang og fine sans for kvalitet, trends og sammenh\u00e6ng er helt p\u00e5 b\u00f8lgel\u00e6ngde med den foranderlige verden, vi lever i. Jeg vil anbefale deres arbejde til hvem som helst.<\/div><div>\u00a0<\/div><p class=\"text-bold client-name\">Peter G. Rebeiz<\/p><p class=\"title-and-company\">Chairman &amp; CEO\/Caviar House &amp; Prunier and Montreux Jazz Caf\u00e9<\/p><\/div><\/div><\/header>\t\t\t\t\t\t\t\t<\/div>\n\t\t\t\t<\/div>\n\t\t\t\t<div class=\"elementor-element elementor-element-b592306 elementor-widget elementor-widget-image\" data-id=\"b592306\" data-element_type=\"widget\" data-e-type=\"widget\" data-widget_type=\"image.default\">\n\t\t\t\t<div class=\"elementor-widget-container\">\n\t\t\t\t\t\t\t\t\t\t\t\t\t\t\t\t<a href=\"https:\/\/www.nzinck.com\/da\/service\/customer-journey\/\">\n\t\t\t\t\t\t\t<img decoding=\"async\" width=\"400\" height=\"224\" src=\"https:\/\/www.nzinck.com\/wp-content\/uploads\/2017\/01\/SidebarProductCustomerJourney.jpg\" class=\"attachment-large size-large wp-image-6598\" alt=\"\" srcset=\"https:\/\/www.nzinck.com\/wp-content\/uploads\/2017\/01\/SidebarProductCustomerJourney.jpg 400w, https:\/\/www.nzinck.com\/wp-content\/uploads\/2017\/01\/SidebarProductCustomerJourney-202x113.jpg 202w\" sizes=\"(max-width: 400px) 100vw, 400px\" \/>\t\t\t\t\t\t\t\t<\/a>\n\t\t\t\t\t\t\t\t\t\t\t\t\t\t\t<\/div>\n\t\t\t\t<\/div>\n\t\t\t\t<div class=\"elementor-element elementor-element-bcf688e elementor-widget elementor-widget-text-editor\" data-id=\"bcf688e\" data-element_type=\"widget\" data-e-type=\"widget\" data-widget_type=\"text-editor.default\">\n\t\t\t\t<div class=\"elementor-widget-container\">\n\t\t\t\t\t\t\t\t\t<p><strong><a class=\"block black\" title=\"Customer Journey Design\" href=\"https:\/\/www.nzinck.com\/da\/service\/customer-journey\/\" data-wplink-edit=\"true\"><span class=\"text-md black\">Customer Journey design<\/span><\/a><\/strong><\/p><p class=\"teaser-description\"><a class=\"block black\" title=\"Customer Journey Design\" href=\"https:\/\/www.nzinck.com\/da\/service\/customer-journey\/\">Er I p\u00e5 b\u00f8lgel\u00e6ngde med jeres kunder?<\/a><\/p>\t\t\t\t\t\t\t\t<\/div>\n\t\t\t\t<\/div>\n\t\t\t\t<div class=\"elementor-element elementor-element-11d1d95 elementor-widget elementor-widget-image\" data-id=\"11d1d95\" data-element_type=\"widget\" data-e-type=\"widget\" data-widget_type=\"image.default\">\n\t\t\t\t<div class=\"elementor-widget-container\">\n\t\t\t\t\t\t\t\t\t\t\t\t\t\t\t\t<a href=\"https:\/\/www.nzinck.com\/da\/service\/kundeindsigt\/\">\n\t\t\t\t\t\t\t<img loading=\"lazy\" decoding=\"async\" width=\"400\" height=\"224\" src=\"https:\/\/www.nzinck.com\/wp-content\/uploads\/2017\/01\/SidebarProductInsight.jpg\" class=\"attachment-large size-large wp-image-6602\" alt=\"\" srcset=\"https:\/\/www.nzinck.com\/wp-content\/uploads\/2017\/01\/SidebarProductInsight.jpg 400w, https:\/\/www.nzinck.com\/wp-content\/uploads\/2017\/01\/SidebarProductInsight-202x113.jpg 202w\" sizes=\"(max-width: 400px) 100vw, 400px\" \/>\t\t\t\t\t\t\t\t<\/a>\n\t\t\t\t\t\t\t\t\t\t\t\t\t\t\t<\/div>\n\t\t\t\t<\/div>\n\t\t\t\t<div class=\"elementor-element elementor-element-4042dc9 elementor-widget elementor-widget-text-editor\" data-id=\"4042dc9\" data-element_type=\"widget\" data-e-type=\"widget\" data-widget_type=\"text-editor.default\">\n\t\t\t\t<div class=\"elementor-widget-container\">\n\t\t\t\t\t\t\t\t\t<p><a class=\"block black\" title=\"Customer Insights\" href=\"https:\/\/www.nzinck.com\/da\/service\/kundeindsigt\/\"><span class=\"text-md black\">Kundeindsigter<\/span><\/a><\/p><p class=\"teaser-description\"><a class=\"block black\" title=\"Customer Insights\" href=\"https:\/\/www.nzinck.com\/da\/service\/kundeindsigt\/\" data-wplink-edit=\"true\">Har I kn\u00e6kket koden til gladere kunder?<\/a><\/p>\t\t\t\t\t\t\t\t<\/div>\n\t\t\t\t<\/div>\n\t\t\t\t<div class=\"elementor-element elementor-element-0f6f84b elementor-widget elementor-widget-image\" data-id=\"0f6f84b\" data-element_type=\"widget\" data-e-type=\"widget\" data-widget_type=\"image.default\">\n\t\t\t\t<div class=\"elementor-widget-container\">\n\t\t\t\t\t\t\t\t\t\t\t\t\t\t\t\t<a href=\"https:\/\/www.nzinck.com\/da\/a-global-rebranding-strategy-improved-sales-and-financial-results\/\">\n\t\t\t\t\t\t\t<img loading=\"lazy\" decoding=\"async\" width=\"404\" height=\"226\" src=\"https:\/\/www.nzinck.com\/wp-content\/uploads\/2016\/03\/columbus-sidebar.jpg\" class=\"attachment-large size-large wp-image-6376\" alt=\"\" srcset=\"https:\/\/www.nzinck.com\/wp-content\/uploads\/2016\/03\/columbus-sidebar.jpg 404w, https:\/\/www.nzinck.com\/wp-content\/uploads\/2016\/03\/columbus-sidebar-202x113.jpg 202w\" sizes=\"(max-width: 404px) 100vw, 404px\" \/>\t\t\t\t\t\t\t\t<\/a>\n\t\t\t\t\t\t\t\t\t\t\t\t\t\t\t<\/div>\n\t\t\t\t<\/div>\n\t\t\t\t<div class=\"elementor-element elementor-element-8786a79 elementor-widget elementor-widget-text-editor\" data-id=\"8786a79\" data-element_type=\"widget\" data-e-type=\"widget\" data-widget_type=\"text-editor.default\">\n\t\t\t\t<div class=\"elementor-widget-container\">\n\t\t\t\t\t\t\t\t\t<p><a class=\"block black\" title=\"A Global Rebranding Strategy improved Sales and Financial Results\" href=\"https:\/\/www.nzinck.com\/da\/a-global-rebranding-strategy-improved-sales-and-financial-results\/\"><span class=\"text-md black\">Columbus: A Global Rebranding Strategy improved Sales and Financial Results<\/span><\/a><\/p>\t\t\t\t\t\t\t\t<\/div>\n\t\t\t\t<\/div>\n\t\t\t\t<div class=\"elementor-element elementor-element-fe8b010 elementor-widget elementor-widget-text-editor\" data-id=\"fe8b010\" data-element_type=\"widget\" data-e-type=\"widget\" data-widget_type=\"text-editor.default\">\n\t\t\t\t<div class=\"elementor-widget-container\">\n\t\t\t\t\t\t\t\t\t<h4><strong>INSPIRATION<\/strong><\/h4>\t\t\t\t\t\t\t\t<\/div>\n\t\t\t\t<\/div>\n\t\t\t\t<div class=\"elementor-element elementor-element-7c47c0a elementor-widget elementor-widget-image\" data-id=\"7c47c0a\" data-element_type=\"widget\" data-e-type=\"widget\" data-widget_type=\"image.default\">\n\t\t\t\t<div class=\"elementor-widget-container\">\n\t\t\t\t\t\t\t\t\t\t\t\t\t\t\t\t<a href=\"https:\/\/www.nzinck.com\/da\/what-is-customer-engagement-and-how-do-we-execute-it\/\">\n\t\t\t\t\t\t\t<img loading=\"lazy\" decoding=\"async\" width=\"404\" height=\"226\" src=\"https:\/\/www.nzinck.com\/wp-content\/uploads\/2016\/03\/CEA-sidebar.jpg\" class=\"attachment-large size-large wp-image-6383\" alt=\"\" srcset=\"https:\/\/www.nzinck.com\/wp-content\/uploads\/2016\/03\/CEA-sidebar.jpg 404w, https:\/\/www.nzinck.com\/wp-content\/uploads\/2016\/03\/CEA-sidebar-202x113.jpg 202w\" sizes=\"(max-width: 404px) 100vw, 404px\" \/>\t\t\t\t\t\t\t\t<\/a>\n\t\t\t\t\t\t\t\t\t\t\t\t\t\t\t<\/div>\n\t\t\t\t<\/div>\n\t\t\t\t<div class=\"elementor-element elementor-element-c2859c6 elementor-widget elementor-widget-text-editor\" data-id=\"c2859c6\" data-element_type=\"widget\" data-e-type=\"widget\" data-widget_type=\"text-editor.default\">\n\t\t\t\t<div class=\"elementor-widget-container\">\n\t\t\t\t\t\t\t\t\t<p><a class=\"block black\" title=\"What is Customer Engagement and How do we Execute it?\" href=\"https:\/\/www.nzinck.com\/da\/what-is-customer-engagement-and-how-do-we-execute-it\/\"><span class=\"text-md black\">What is Customer Engagement and How do we Execute it?<\/span><\/a><\/p>\t\t\t\t\t\t\t\t<\/div>\n\t\t\t\t<\/div>\n\t\t\t\t<div class=\"elementor-element elementor-element-ac567da elementor-widget elementor-widget-image\" data-id=\"ac567da\" data-element_type=\"widget\" data-e-type=\"widget\" data-widget_type=\"image.default\">\n\t\t\t\t<div class=\"elementor-widget-container\">\n\t\t\t\t\t\t\t\t\t\t\t\t\t\t\t\t<a href=\"https:\/\/www.nzinck.com\/da\/is-ad-blocking-the-way-to-true-customer-engagement\/\">\n\t\t\t\t\t\t\t<img loading=\"lazy\" decoding=\"async\" width=\"404\" height=\"226\" src=\"https:\/\/www.nzinck.com\/wp-content\/uploads\/2016\/02\/adblocking-sidebar.jpg\" class=\"attachment-large size-large wp-image-6333\" alt=\"\" srcset=\"https:\/\/www.nzinck.com\/wp-content\/uploads\/2016\/02\/adblocking-sidebar.jpg 404w, https:\/\/www.nzinck.com\/wp-content\/uploads\/2016\/02\/adblocking-sidebar-202x113.jpg 202w\" sizes=\"(max-width: 404px) 100vw, 404px\" \/>\t\t\t\t\t\t\t\t<\/a>\n\t\t\t\t\t\t\t\t\t\t\t\t\t\t\t<\/div>\n\t\t\t\t<\/div>\n\t\t\t\t<div class=\"elementor-element elementor-element-a1b7299 elementor-widget elementor-widget-text-editor\" data-id=\"a1b7299\" data-element_type=\"widget\" data-e-type=\"widget\" data-widget_type=\"text-editor.default\">\n\t\t\t\t<div class=\"elementor-widget-container\">\n\t\t\t\t\t\t\t\t\t<p><a class=\"block black\" title=\"Is Ad Blocking the Way to True Customer Engagement?\" href=\"https:\/\/www.nzinck.com\/da\/is-ad-blocking-the-way-to-true-customer-engagement\/\"><span class=\"text-md black\">Is Ad Blocking the Way to True Customer Engagement?<\/span><\/a><\/p>\t\t\t\t\t\t\t\t<\/div>\n\t\t\t\t<\/div>\n\t\t\t\t<div class=\"elementor-element elementor-element-a6fff57 elementor-widget elementor-widget-image\" data-id=\"a6fff57\" data-element_type=\"widget\" data-e-type=\"widget\" data-widget_type=\"image.default\">\n\t\t\t\t<div class=\"elementor-widget-container\">\n\t\t\t\t\t\t\t\t\t\t\t\t\t\t\t\t<a href=\"https:\/\/www.nzinck.com\/da\/whats-customer-engagement-without-employee-engagement\/\">\n\t\t\t\t\t\t\t<img loading=\"lazy\" decoding=\"async\" width=\"404\" height=\"226\" src=\"https:\/\/www.nzinck.com\/wp-content\/uploads\/2016\/02\/customer-engagement-sidebar.jpg\" class=\"attachment-large size-large wp-image-6336\" alt=\"\" srcset=\"https:\/\/www.nzinck.com\/wp-content\/uploads\/2016\/02\/customer-engagement-sidebar.jpg 404w, https:\/\/www.nzinck.com\/wp-content\/uploads\/2016\/02\/customer-engagement-sidebar-202x113.jpg 202w\" sizes=\"(max-width: 404px) 100vw, 404px\" \/>\t\t\t\t\t\t\t\t<\/a>\n\t\t\t\t\t\t\t\t\t\t\t\t\t\t\t<\/div>\n\t\t\t\t<\/div>\n\t\t\t\t<div class=\"elementor-element elementor-element-1d0ac8a elementor-widget elementor-widget-text-editor\" data-id=\"1d0ac8a\" data-element_type=\"widget\" data-e-type=\"widget\" data-widget_type=\"text-editor.default\">\n\t\t\t\t<div class=\"elementor-widget-container\">\n\t\t\t\t\t\t\t\t\t<p><a href=\"https:\/\/www.nzinck.com\/da\/whats-customer-engagement-without-employee-engagement\/\"><span class=\"text-md black\">What\u2019s Customer Engagement Without Employee Engagement?<\/span><\/a><\/p>\t\t\t\t\t\t\t\t<\/div>\n\t\t\t\t<\/div>\n\t\t\t\t\t<\/div>\n\t\t<\/div>\n\t\t\t\t\t<\/div>\n\t\t<\/section>\n\t\t\t\t<\/div>\n\t\t","protected":false},"excerpt":{"rendered":"<p>Customer experience Gode kundeoplevelser er n\u00f8glen til \u00f8get oms\u00e6tning og loyalitet \u2026 men de fleste virksomheder har masser af plads til forbedring. Customer experience (CX) handler om at tiltr\u00e6kke kunder og give dem gode oplevelse i m\u00f8det med jeres virksomhed, produkter og ydelser. Det kr\u00e6ver en proaktiv indsats og s\u00e6rlig evne til at forudse, hvad &hellip;<\/p>\n","protected":false},"author":4,"featured_media":0,"parent":9384,"menu_order":0,"comment_status":"closed","ping_status":"closed","template":"elementor_header_footer","meta":{"_acf_changed":false,"footnotes":""},"categories":[],"class_list":["post-9482","page","type-page","status-publish","hentry"],"acf":[],"_links":{"self":[{"href":"https:\/\/www.nzinck.com\/da\/wp-json\/wp\/v2\/pages\/9482","targetHints":{"allow":["GET"]}}],"collection":[{"href":"https:\/\/www.nzinck.com\/da\/wp-json\/wp\/v2\/pages"}],"about":[{"href":"https:\/\/www.nzinck.com\/da\/wp-json\/wp\/v2\/types\/page"}],"author":[{"embeddable":true,"href":"https:\/\/www.nzinck.com\/da\/wp-json\/wp\/v2\/users\/4"}],"replies":[{"embeddable":true,"href":"https:\/\/www.nzinck.com\/da\/wp-json\/wp\/v2\/comments?post=9482"}],"version-history":[{"count":8,"href":"https:\/\/www.nzinck.com\/da\/wp-json\/wp\/v2\/pages\/9482\/revisions"}],"predecessor-version":[{"id":10819,"href":"https:\/\/www.nzinck.com\/da\/wp-json\/wp\/v2\/pages\/9482\/revisions\/10819"}],"up":[{"embeddable":true,"href":"https:\/\/www.nzinck.com\/da\/wp-json\/wp\/v2\/pages\/9384"}],"wp:attachment":[{"href":"https:\/\/www.nzinck.com\/da\/wp-json\/wp\/v2\/media?parent=9482"}],"wp:term":[{"taxonomy":"category","embeddable":true,"href":"https:\/\/www.nzinck.com\/da\/wp-json\/wp\/v2\/categories?post=9482"}],"curies":[{"name":"wp","href":"https:\/\/api.w.org\/{rel}","templated":true}]}}