{"id":9528,"date":"2022-12-15T11:50:57","date_gmt":"2022-12-15T11:50:57","guid":{"rendered":"https:\/\/www.nzinck.com\/?page_id=9528"},"modified":"2023-01-09T13:11:51","modified_gmt":"2023-01-09T13:11:51","slug":"graphic-design","status":"publish","type":"page","link":"https:\/\/www.nzinck.com\/da\/services\/graphic-design\/","title":{"rendered":"Grafisk design"},"content":{"rendered":"\t\t<div data-elementor-type=\"wp-page\" data-elementor-id=\"9528\" class=\"elementor elementor-9528 elementor-9247\" data-elementor-post-type=\"page\">\n\t\t\t\t\t\t<section class=\"elementor-section elementor-top-section elementor-element elementor-element-39a34ca elementor-section-height-min-height elementor-section-boxed elementor-section-height-default elementor-section-items-middle\" data-id=\"39a34ca\" data-element_type=\"section\" data-e-type=\"section\" data-settings=\"{&quot;background_background&quot;:&quot;video&quot;,&quot;background_video_link&quot;:&quot;https:\\\/\\\/vimeo.com\\\/787528862&quot;,&quot;background_play_on_mobile&quot;:&quot;yes&quot;}\">\n\t\t\t\t\t\t\t\t<div class=\"elementor-background-video-container\">\n\t\t\t\t\t\t\t\t\t\t\t\t\t<div class=\"elementor-background-video-embed\" role=\"presentation\"><\/div>\n\t\t\t\t\t\t\t\t\t\t\t\t<\/div>\n\t\t\t\t\t\t\t\t<div class=\"elementor-container elementor-column-gap-default\">\n\t\t\t\t\t<div class=\"elementor-column elementor-col-100 elementor-top-column elementor-element elementor-element-20d6327\" data-id=\"20d6327\" data-element_type=\"column\" data-e-type=\"column\" data-settings=\"{&quot;background_background&quot;:&quot;classic&quot;}\">\n\t\t\t<div class=\"elementor-widget-wrap\">\n\t\t\t\t\t\t\t<\/div>\n\t\t<\/div>\n\t\t\t\t\t<\/div>\n\t\t<\/section>\n\t\t\t\t<section class=\"elementor-section elementor-top-section elementor-element elementor-element-c23ae80 elementor-section-boxed elementor-section-height-default elementor-section-height-default\" data-id=\"c23ae80\" data-element_type=\"section\" data-e-type=\"section\" data-settings=\"{&quot;background_background&quot;:&quot;classic&quot;}\">\n\t\t\t\t\t\t\t<div class=\"elementor-background-overlay\"><\/div>\n\t\t\t\t\t\t\t<div class=\"elementor-container elementor-column-gap-default\">\n\t\t\t\t\t<div class=\"elementor-column elementor-col-66 elementor-top-column elementor-element elementor-element-953f12b\" data-id=\"953f12b\" data-element_type=\"column\" data-e-type=\"column\">\n\t\t\t<div class=\"elementor-widget-wrap elementor-element-populated\">\n\t\t\t\t\t\t<div class=\"elementor-element elementor-element-21f74ce elementor-widget elementor-widget-text-editor\" data-id=\"21f74ce\" data-element_type=\"widget\" data-e-type=\"widget\" data-widget_type=\"text-editor.default\">\n\t\t\t\t<div class=\"elementor-widget-container\">\n\t\t\t\t\t\t\t\t\t<header class=\"entry-header\"><\/header><div class=\"entry-content\"><header class=\"entry-header\"><header class=\"entry-header\"><\/header><\/header><div class=\"entry-content\"><header class=\"entry-header\"><h1 class=\"entry-title\">Grafisk design<\/h1><header class=\"entry-header\"><h2 class=\"lead-paragraph\">Fang \u00e5nden i dit brand og kald m\u00e5lgruppen til handling<\/h2><\/header><div class=\"entry-content\"><p>Selv det skarpeste budskab rammer sk\u00e6vt, hvis det ikke er pakket ordentligt ind. Grafisk design fungerer p\u00e5 det intuitive plan som en integreret del af budskabet og hj\u00e6lper kunden med at afkode det p\u00e5 sine egne pr\u00e6misser.<\/p><p>Et godt grafisk design vil kommunikere virksomheden og dens brands klart, konsekvent og effektivt.<\/p><h2>Leverancer:<\/h2><ul><li>Nyt content, fx grafikker, billeder, info-graphics, reklamer, bannere, nyhedsbreve, brochurer, plakater, pamfletter mm<\/li><li>Opdatering og l\u00f8bende justering af content<\/li><li>Gennemgang og optimering af eksisterende materialer i forhold m\u00e5lgruppen. Kan inkludere afklarende workshop<\/li><li>Websites<\/li><li>Papirlinje, skilte, outdoor mv<\/li><li>Kampagnematerialer<\/li><\/ul><p>Vi kan selvf\u00f8lgelig ogs\u00e5 hj\u00e6lpe jer med en ny grafisk identitet eller tilpasning af en eksisterende, se mere her<\/p><h2>S\u00e5dan arbejder vi:<\/h2><p>Med kreativitet, grafisk snilde og forretningsforst\u00e5else oms\u00e6tter vi virksomhedens \u00e5nd, v\u00e6rdier og vision til et visuelt udtryk, der kommunikerer klart og kalder m\u00e5lgruppen til handling.<\/p><p>Vi kan arbejde inden for jeres design guidelines eller hj\u00e6lpe jer med at bygge en ny skarp positionering og visuel identitet, der m\u00f8der jeres m\u00e5lgruppe bedre. Vores fokus vil altid v\u00e6re p\u00e5 at l\u00f8fte oplevelsen i alle kundens kontaktflader med jeres virksomhed.<\/p><h2>Interesseret?<\/h2><p>Kontakt Mette Stenstrup direkte p\u00e5 <a href=\"mailto:mette@nzinck.com\">mette@nzinck.com<\/a>\u00a0eller tlf. 4088 1360<\/p><\/div><\/header><\/div><\/div>\t\t\t\t\t\t\t\t<\/div>\n\t\t\t\t<\/div>\n\t\t\t\t\t<\/div>\n\t\t<\/div>\n\t\t\t\t<div class=\"elementor-column elementor-col-33 elementor-top-column elementor-element elementor-element-81d1bc6\" data-id=\"81d1bc6\" data-element_type=\"column\" data-e-type=\"column\">\n\t\t\t<div class=\"elementor-widget-wrap elementor-element-populated\">\n\t\t\t\t\t\t<div class=\"elementor-element elementor-element-76801fa elementor-widget elementor-widget-image\" data-id=\"76801fa\" data-element_type=\"widget\" data-e-type=\"widget\" data-widget_type=\"image.default\">\n\t\t\t\t<div class=\"elementor-widget-container\">\n\t\t\t\t\t\t\t\t\t\t\t\t\t\t\t<img fetchpriority=\"high\" decoding=\"async\" width=\"400\" height=\"341\" src=\"https:\/\/www.nzinck.com\/wp-content\/uploads\/2017\/01\/ClientSidebarSoeren.jpg\" class=\"attachment-large size-large wp-image-6586\" alt=\"\" \/>\t\t\t\t\t\t\t\t\t\t\t\t\t\t\t<\/div>\n\t\t\t\t<\/div>\n\t\t\t\t<div class=\"elementor-element elementor-element-d6f1004 elementor-widget elementor-widget-text-editor\" data-id=\"d6f1004\" data-element_type=\"widget\" data-e-type=\"widget\" data-widget_type=\"text-editor.default\">\n\t\t\t\t<div class=\"elementor-widget-container\">\n\t\t\t\t\t\t\t\t\t<header class=\"entry-header\"><div class=\"client-statement\"><div class=\"client-statement\"><div class=\"client-statement\"><div class=\"client-statement\">NZINCK form\u00e5r at destillere komplekse sammenh\u00e6nge helt ned i grundsubstansen og engagere m\u00e5lgruppen relevant og p\u00e5 dens pr\u00e6misser.\u00a0<\/div><div>\u00a0<\/div><p class=\"text-bold client-name\">S\u00f8ren Kristensen<\/p><p class=\"title-and-company\">Managing Director\/Customer &amp; Channel Marketing Transformation, Accenture<\/p><\/div><\/div><\/div><\/header>\t\t\t\t\t\t\t\t<\/div>\n\t\t\t\t<\/div>\n\t\t\t\t<div class=\"elementor-element elementor-element-11d1d95 elementor-widget elementor-widget-image\" data-id=\"11d1d95\" data-element_type=\"widget\" data-e-type=\"widget\" data-widget_type=\"image.default\">\n\t\t\t\t<div class=\"elementor-widget-container\">\n\t\t\t\t\t\t\t\t\t\t\t\t\t\t\t\t<a href=\"https:\/\/www.nzinck.com\/da\/service\/branding\/\">\n\t\t\t\t\t\t\t<img decoding=\"async\" width=\"400\" height=\"224\" src=\"https:\/\/www.nzinck.com\/wp-content\/uploads\/2017\/01\/SidebarProductBranding.jpg\" class=\"attachment-large size-large wp-image-6593\" alt=\"\" srcset=\"https:\/\/www.nzinck.com\/wp-content\/uploads\/2017\/01\/SidebarProductBranding.jpg 400w, https:\/\/www.nzinck.com\/wp-content\/uploads\/2017\/01\/SidebarProductBranding-202x113.jpg 202w\" sizes=\"(max-width: 400px) 100vw, 400px\" \/>\t\t\t\t\t\t\t\t<\/a>\n\t\t\t\t\t\t\t\t\t\t\t\t\t\t\t<\/div>\n\t\t\t\t<\/div>\n\t\t\t\t<div class=\"elementor-element elementor-element-4042dc9 elementor-widget elementor-widget-text-editor\" data-id=\"4042dc9\" data-element_type=\"widget\" data-e-type=\"widget\" data-widget_type=\"text-editor.default\">\n\t\t\t\t<div class=\"elementor-widget-container\">\n\t\t\t\t\t\t\t\t\t<strong><a class=\"block black\" title=\"Branding &amp; Corporate Identity\" href=\"https:\/\/www.nzinck.com\/da\/service\/branding\/\"><span class=\"text-md black\">Branding &amp; visuel identitet<\/span><\/a><\/strong><\/p>\n<p class=\"teaser-description\"><a class=\"block black\" title=\"Branding &amp; Corporate Identity\" href=\"https:\/\/www.nzinck.com\/da\/service\/branding\/\">En unik, \u00f8nskv\u00e6rdig og trov\u00e6rdig positionering<\/a><\/p>\t\t\t\t\t\t\t\t<\/div>\n\t\t\t\t<\/div>\n\t\t\t\t<div class=\"elementor-element elementor-element-fe8b010 elementor-widget elementor-widget-text-editor\" data-id=\"fe8b010\" data-element_type=\"widget\" data-e-type=\"widget\" data-widget_type=\"text-editor.default\">\n\t\t\t\t<div class=\"elementor-widget-container\">\n\t\t\t\t\t\t\t\t\t<h4><strong>CASES<\/strong><\/h4>\t\t\t\t\t\t\t\t<\/div>\n\t\t\t\t<\/div>\n\t\t\t\t<div class=\"elementor-element elementor-element-0f6f84b elementor-widget elementor-widget-image\" data-id=\"0f6f84b\" data-element_type=\"widget\" data-e-type=\"widget\" data-widget_type=\"image.default\">\n\t\t\t\t<div class=\"elementor-widget-container\">\n\t\t\t\t\t\t\t\t\t\t\t\t\t\t\t\t<a href=\"https:\/\/www.nzinck.com\/da\/case\/balik-sushi\/\">\n\t\t\t\t\t\t\t<img decoding=\"async\" width=\"404\" height=\"226\" src=\"https:\/\/www.nzinck.com\/wp-content\/uploads\/2016\/01\/cases-content-sidebar-balik.jpg\" class=\"attachment-large size-large wp-image-6217\" alt=\"\" srcset=\"https:\/\/www.nzinck.com\/wp-content\/uploads\/2016\/01\/cases-content-sidebar-balik.jpg 404w, https:\/\/www.nzinck.com\/wp-content\/uploads\/2016\/01\/cases-content-sidebar-balik-202x113.jpg 202w\" sizes=\"(max-width: 404px) 100vw, 404px\" \/>\t\t\t\t\t\t\t\t<\/a>\n\t\t\t\t\t\t\t\t\t\t\t\t\t\t\t<\/div>\n\t\t\t\t<\/div>\n\t\t\t\t<div class=\"elementor-element elementor-element-8786a79 elementor-widget elementor-widget-text-editor\" data-id=\"8786a79\" data-element_type=\"widget\" data-e-type=\"widget\" data-widget_type=\"text-editor.default\">\n\t\t\t\t<div class=\"elementor-widget-container\">\n\t\t\t\t\t\t\t\t\t<p><a class=\"block black\" title=\"Balik Sushi \u2013 Design and branding\" href=\"https:\/\/www.nzinck.com\/da\/case\/balik-sushi\/\"><span class=\"text-md black\">Balik Sushi: Visual identity and design<\/span><\/a><\/p>\t\t\t\t\t\t\t\t<\/div>\n\t\t\t\t<\/div>\n\t\t\t\t<div class=\"elementor-element elementor-element-7eff104 elementor-widget elementor-widget-image\" data-id=\"7eff104\" data-element_type=\"widget\" data-e-type=\"widget\" data-widget_type=\"image.default\">\n\t\t\t\t<div class=\"elementor-widget-container\">\n\t\t\t\t\t\t\t\t\t\t\t\t\t\t\t\t<a href=\"https:\/\/www.nzinck.com\/da\/case\/kjaer-sommerfeldt\/\">\n\t\t\t\t\t\t\t<img loading=\"lazy\" decoding=\"async\" width=\"404\" height=\"226\" src=\"https:\/\/www.nzinck.com\/wp-content\/uploads\/2016\/01\/cases-content-sidebar-kjaer-sommerfeldt.jpg\" class=\"attachment-large size-large wp-image-6223\" alt=\"\" srcset=\"https:\/\/www.nzinck.com\/wp-content\/uploads\/2016\/01\/cases-content-sidebar-kjaer-sommerfeldt.jpg 404w, https:\/\/www.nzinck.com\/wp-content\/uploads\/2016\/01\/cases-content-sidebar-kjaer-sommerfeldt-202x113.jpg 202w\" sizes=\"(max-width: 404px) 100vw, 404px\" \/>\t\t\t\t\t\t\t\t<\/a>\n\t\t\t\t\t\t\t\t\t\t\t\t\t\t\t<\/div>\n\t\t\t\t<\/div>\n\t\t\t\t<div class=\"elementor-element elementor-element-05bfa18 elementor-widget elementor-widget-text-editor\" data-id=\"05bfa18\" data-element_type=\"widget\" data-e-type=\"widget\" data-widget_type=\"text-editor.default\">\n\t\t\t\t<div class=\"elementor-widget-container\">\n\t\t\t\t\t\t\t\t\t<p><a class=\"block black\" title=\"Kj\u00e6r Sommerfeldt \u2013 Design and branding\" href=\"https:\/\/www.nzinck.com\/da\/case\/kjaer-sommerfeldt\/\"><span class=\"text-md black\">Kj\u00e6r Sommerfeldt: Branding &amp; visual identity<\/span><\/a><\/p>\t\t\t\t\t\t\t\t<\/div>\n\t\t\t\t<\/div>\n\t\t\t\t\t<\/div>\n\t\t<\/div>\n\t\t\t\t\t<\/div>\n\t\t<\/section>\n\t\t\t\t<\/div>\n\t\t","protected":false},"excerpt":{"rendered":"<p>Grafisk design Fang \u00e5nden i dit brand og kald m\u00e5lgruppen til handling Selv det skarpeste budskab rammer sk\u00e6vt, hvis det ikke er pakket ordentligt ind. Grafisk design fungerer p\u00e5 det intuitive plan som en integreret del af budskabet og hj\u00e6lper kunden med at afkode det p\u00e5 sine egne pr\u00e6misser. Et godt grafisk design vil kommunikere &hellip;<\/p>\n","protected":false},"author":4,"featured_media":0,"parent":9384,"menu_order":0,"comment_status":"closed","ping_status":"closed","template":"elementor_header_footer","meta":{"_acf_changed":false,"footnotes":""},"categories":[],"class_list":["post-9528","page","type-page","status-publish","hentry"],"acf":[],"_links":{"self":[{"href":"https:\/\/www.nzinck.com\/da\/wp-json\/wp\/v2\/pages\/9528","targetHints":{"allow":["GET"]}}],"collection":[{"href":"https:\/\/www.nzinck.com\/da\/wp-json\/wp\/v2\/pages"}],"about":[{"href":"https:\/\/www.nzinck.com\/da\/wp-json\/wp\/v2\/types\/page"}],"author":[{"embeddable":true,"href":"https:\/\/www.nzinck.com\/da\/wp-json\/wp\/v2\/users\/4"}],"replies":[{"embeddable":true,"href":"https:\/\/www.nzinck.com\/da\/wp-json\/wp\/v2\/comments?post=9528"}],"version-history":[{"count":14,"href":"https:\/\/www.nzinck.com\/da\/wp-json\/wp\/v2\/pages\/9528\/revisions"}],"predecessor-version":[{"id":10725,"href":"https:\/\/www.nzinck.com\/da\/wp-json\/wp\/v2\/pages\/9528\/revisions\/10725"}],"up":[{"embeddable":true,"href":"https:\/\/www.nzinck.com\/da\/wp-json\/wp\/v2\/pages\/9384"}],"wp:attachment":[{"href":"https:\/\/www.nzinck.com\/da\/wp-json\/wp\/v2\/media?parent=9528"}],"wp:term":[{"taxonomy":"category","embeddable":true,"href":"https:\/\/www.nzinck.com\/da\/wp-json\/wp\/v2\/categories?post=9528"}],"curies":[{"name":"wp","href":"https:\/\/api.w.org\/{rel}","templated":true}]}}