{"id":9624,"date":"2022-12-15T12:34:33","date_gmt":"2022-12-15T12:34:33","guid":{"rendered":"https:\/\/www.nzinck.com\/?page_id=9624"},"modified":"2023-12-11T08:17:16","modified_gmt":"2023-12-11T08:17:16","slug":"adaptation-of-tv-ads","status":"publish","type":"page","link":"https:\/\/www.nzinck.com\/da\/services\/adaptation-of-tv-ads\/","title":{"rendered":"Nordisk versionering"},"content":{"rendered":"\t\t<div data-elementor-type=\"wp-page\" data-elementor-id=\"9624\" class=\"elementor elementor-9624 elementor-9258\" data-elementor-post-type=\"page\">\n\t\t\t\t\t\t<section class=\"elementor-section elementor-top-section elementor-element elementor-element-e12a9c3 elementor-section-height-min-height elementor-section-boxed elementor-section-height-default elementor-section-items-middle\" data-id=\"e12a9c3\" data-element_type=\"section\" data-e-type=\"section\" data-settings=\"{&quot;background_background&quot;:&quot;classic&quot;}\">\n\t\t\t\t\t\t<div class=\"elementor-container elementor-column-gap-default\">\n\t\t\t\t\t<div class=\"elementor-column elementor-col-100 elementor-top-column elementor-element elementor-element-ccd9ef4\" data-id=\"ccd9ef4\" data-element_type=\"column\" data-e-type=\"column\" data-settings=\"{&quot;background_background&quot;:&quot;classic&quot;}\">\n\t\t\t<div class=\"elementor-widget-wrap\">\n\t\t\t\t\t\t\t<\/div>\n\t\t<\/div>\n\t\t\t\t\t<\/div>\n\t\t<\/section>\n\t\t\t\t<section class=\"elementor-section elementor-top-section elementor-element elementor-element-c23ae80 elementor-section-boxed elementor-section-height-default elementor-section-height-default\" data-id=\"c23ae80\" data-element_type=\"section\" data-e-type=\"section\" data-settings=\"{&quot;background_background&quot;:&quot;classic&quot;}\">\n\t\t\t\t\t\t\t<div class=\"elementor-background-overlay\"><\/div>\n\t\t\t\t\t\t\t<div class=\"elementor-container elementor-column-gap-default\">\n\t\t\t\t\t<div class=\"elementor-column elementor-col-66 elementor-top-column elementor-element elementor-element-953f12b\" data-id=\"953f12b\" data-element_type=\"column\" data-e-type=\"column\">\n\t\t\t<div class=\"elementor-widget-wrap elementor-element-populated\">\n\t\t\t\t\t\t<div class=\"elementor-element elementor-element-21f74ce elementor-widget elementor-widget-text-editor\" data-id=\"21f74ce\" data-element_type=\"widget\" data-e-type=\"widget\" data-widget_type=\"text-editor.default\">\n\t\t\t\t<div class=\"elementor-widget-container\">\n\t\t\t\t\t\t\t\t\t<header class=\"entry-header\"><\/header><div class=\"entry-content\"><header class=\"entry-header\"><header class=\"entry-header\"><\/header><\/header><div class=\"entry-content\"><header class=\"entry-header\"><\/header><div class=\"entry-content\"><header class=\"entry-header\"><h1 class=\"entry-title\">Nordisk versionering<\/h1><header class=\"entry-header\"><h2 class=\"lead-paragraph\">Kvalitet og fleksibilitet til konkurrencedygtige priser<\/h2><\/header><div class=\"entry-content\"><p>Versionering er helt n\u00f8dvendigt, hvis man vil markedsf\u00f8re sine produkter i Norden.<\/p><p>Effektiv versionering kr\u00e6ver stor n\u00f8jagtighed og fleksibilitet. Det ved man, n\u00e5r man som vi har lavet versioneringer i mere end 25 \u00e5r. Derfor tilbyder vi one-stop\u00a0versionering af computer games, e-learning, text-to-speech, tv-serier og -reklamer til de nordiske markeder.<\/p><h4>Jeres stemme i Norden:<\/h4><ul><li id=\"tw-target-text\" class=\"tw-data-text tw-text-large tw-ta\" dir=\"ltr\" data-placeholder=\"Translation\"><span class=\"Y2IQFc\" lang=\"da\">De bedste studiefaciliteter centralt beliggende i K\u00f8benhavn<\/span><\/li><li class=\"tw-data-text tw-text-large tw-ta\" dir=\"ltr\" data-placeholder=\"Translation\"><span class=\"Y2IQFc\" lang=\"da\">T\u00e6t samarbejde med studier i Sverige, Norge, Finland og p\u00e5 Island<\/span><\/li><li class=\"tw-data-text tw-text-large tw-ta\" dir=\"ltr\" data-placeholder=\"Translation\"><span class=\"Y2IQFc\" lang=\"da\">Stort kartotek af nordiske stemmer<\/span><\/li><li class=\"tw-data-text tw-text-large tw-ta\" dir=\"ltr\" data-placeholder=\"Translation\"><span class=\"Y2IQFc\" lang=\"da\">Vi faciliterer selvf\u00f8lgelig ogs\u00e5 fjerndeltagelse, fx via Teams<\/span><\/li><li class=\"tw-data-text tw-text-large tw-ta\" dir=\"ltr\" data-placeholder=\"Translation\"><span class=\"Y2IQFc\" lang=\"da\">In-house VFX-enhed til billed- og videotilpasning<\/span><\/li><li class=\"tw-data-text tw-text-large tw-ta\" dir=\"ltr\" data-placeholder=\"Translation\"><span class=\"Y2IQFc\" lang=\"da\">Den mest erfarne projektledelse i branchen<\/span><\/li><\/ul><h4>\u00a0<\/h4><h4>Vores ydelser til tv-versionering inkluderer:<\/h4><ul><li>Speaker casting<\/li><li>Overs\u00e6ttelse og manuskriptudarbejdelse \/ -bearbejdning<\/li><li>Cut down<\/li><li>Justering af packshot<\/li><li>Produktion af nye \/ alternative scener<\/li><li>Produktion af sponsor-bumper og tag-on<\/li><li>Mastering og upload til alle nordiske TV-stationer<\/li><li>H\u00e5ndtering af materialer, masters og rettigheder<\/li><\/ul><p>Vi er specialiserede i versionering til de nordiske markeder (Danmark, Sverige, Norge, Finland, Island, Gr\u00f8nland og F\u00e6r\u00f8erne) og producerer alt in-house. Det sikrer produktioner med h\u00f8j kvalitet og fleksibilitet til konkurrencedygtige priser, s\u00e5 I kan k\u00f8be mere sendetid.<\/p><p>Vores professionelle produktionshold kan tage ansvar for hele produktionen eller involvere jer i det omfang, I \u00f8nsker. Vi producerer ogs\u00e5\u00a0<a href=\"https:\/\/www.nzinck.com\/da\/service\/videoproduktion\/\">video<\/a>\u00a0og\u00a0<a href=\"https:\/\/www.nzinck.com\/da\/service\/lydproduktion\/\">sound\/speak<\/a><\/p><h2>Interesseret?<\/h2><p>Kontakt Mette p\u00e5 <a href=\"mailto:mette@nzinck.com\">mette@nzinck.com<\/a> eller 4088 1360 og h\u00f8r n\u00e6rmere.<\/p><\/div><\/header><\/div><\/div><\/div>\t\t\t\t\t\t\t\t<\/div>\n\t\t\t\t<\/div>\n\t\t\t\t\t<\/div>\n\t\t<\/div>\n\t\t\t\t<div class=\"elementor-column elementor-col-33 elementor-top-column elementor-element elementor-element-81d1bc6\" data-id=\"81d1bc6\" data-element_type=\"column\" data-e-type=\"column\">\n\t\t\t<div class=\"elementor-widget-wrap elementor-element-populated\">\n\t\t\t\t\t\t<div class=\"elementor-element elementor-element-76801fa elementor-widget elementor-widget-image\" data-id=\"76801fa\" data-element_type=\"widget\" data-e-type=\"widget\" data-widget_type=\"image.default\">\n\t\t\t\t<div class=\"elementor-widget-container\">\n\t\t\t\t\t\t\t\t\t\t\t\t\t\t\t\t<a href=\"https:\/\/www.nzinck.com\/case\/celebrating-25-years-with-adaptation-of-tv-ads\/\" target=\"_blank\">\n\t\t\t\t\t\t\t<img fetchpriority=\"high\" decoding=\"async\" width=\"678\" height=\"382\" src=\"https:\/\/www.nzinck.com\/wp-content\/uploads\/2017\/03\/25-years.png\" class=\"attachment-large size-large wp-image-11092\" alt=\"\" srcset=\"https:\/\/www.nzinck.com\/wp-content\/uploads\/2017\/03\/25-years.png 678w, https:\/\/www.nzinck.com\/wp-content\/uploads\/2017\/03\/25-years-450x254.png 450w, https:\/\/www.nzinck.com\/wp-content\/uploads\/2017\/03\/25-years-202x113.png 202w\" sizes=\"(max-width: 678px) 100vw, 678px\" \/>\t\t\t\t\t\t\t\t<\/a>\n\t\t\t\t\t\t\t\t\t\t\t\t\t\t\t<\/div>\n\t\t\t\t<\/div>\n\t\t\t\t<div class=\"elementor-element elementor-element-d6f1004 elementor-widget elementor-widget-text-editor\" data-id=\"d6f1004\" data-element_type=\"widget\" data-e-type=\"widget\" data-widget_type=\"text-editor.default\">\n\t\t\t\t<div class=\"elementor-widget-container\">\n\t\t\t\t\t\t\t\t\t<header class=\"entry-header\"><div class=\"client-statement\"><div class=\"client-statement\"><div class=\"client-statement\"><p><a class=\"block black\" title=\"Celebrating 25 Years with Adaptation of TV commercials\" href=\"https:\/\/www.nzinck.com\/case\/celebrating-25-years-with-adaptation-of-tv-ads\/\" target=\"_blank\" rel=\"noopener\"><span class=\"text-md black\">Mere end 25 \u00e5r med versionering af TV-reklamer<\/span><\/a><\/p><\/div><\/div><\/div><\/header>\t\t\t\t\t\t\t\t<\/div>\n\t\t\t\t<\/div>\n\t\t\t\t<div class=\"elementor-element elementor-element-b157ca7 elementor-widget elementor-widget-text-editor\" data-id=\"b157ca7\" data-element_type=\"widget\" data-e-type=\"widget\" data-widget_type=\"text-editor.default\">\n\t\t\t\t<div class=\"elementor-widget-container\">\n\t\t\t\t\t\t\t\t\t<h4><strong>CASES<\/strong><\/h4>\t\t\t\t\t\t\t\t<\/div>\n\t\t\t\t<\/div>\n\t\t\t\t<div class=\"elementor-element elementor-element-a347700 elementor-widget elementor-widget-image\" data-id=\"a347700\" data-element_type=\"widget\" data-e-type=\"widget\" data-widget_type=\"image.default\">\n\t\t\t\t<div class=\"elementor-widget-container\">\n\t\t\t\t\t\t\t\t\t\t\t\t\t\t\t\t<a href=\"https:\/\/www.nzinck.com\/da\/case\/sony-playstation-ratchet-clank\/\">\n\t\t\t\t\t\t\t<img decoding=\"async\" width=\"404\" height=\"226\" src=\"https:\/\/www.nzinck.com\/wp-content\/uploads\/2016\/01\/cases-content-sidebar-sony-ratchet-clank.jpg\" class=\"attachment-large size-large wp-image-6294\" alt=\"\" srcset=\"https:\/\/www.nzinck.com\/wp-content\/uploads\/2016\/01\/cases-content-sidebar-sony-ratchet-clank.jpg 404w, https:\/\/www.nzinck.com\/wp-content\/uploads\/2016\/01\/cases-content-sidebar-sony-ratchet-clank-202x113.jpg 202w\" sizes=\"(max-width: 404px) 100vw, 404px\" \/>\t\t\t\t\t\t\t\t<\/a>\n\t\t\t\t\t\t\t\t\t\t\t\t\t\t\t<\/div>\n\t\t\t\t<\/div>\n\t\t\t\t<div class=\"elementor-element elementor-element-1f916ed elementor-widget elementor-widget-text-editor\" data-id=\"1f916ed\" data-element_type=\"widget\" data-e-type=\"widget\" data-widget_type=\"text-editor.default\">\n\t\t\t\t<div class=\"elementor-widget-container\">\n\t\t\t\t\t\t\t\t\t<a class=\"block black\" title=\"Ratchet &amp; Clank \u2013 Games speak\" href=\"https:\/\/www.nzinck.com\/da\/case\/sony-playstation-ratchet-clank\/\"><span class=\"text-md black\">Sony PS\/Ratchet &amp; Clank: Sound &amp; Speak<\/a>\t\t\t\t\t\t\t\t<\/div>\n\t\t\t\t<\/div>\n\t\t\t\t<div class=\"elementor-element elementor-element-11d1d95 elementor-widget elementor-widget-image\" data-id=\"11d1d95\" data-element_type=\"widget\" data-e-type=\"widget\" data-widget_type=\"image.default\">\n\t\t\t\t<div class=\"elementor-widget-container\">\n\t\t\t\t\t\t\t\t\t\t\t\t\t\t\t\t<a href=\"https:\/\/www.nzinck.com\/da\/case\/tvc-nophos-finish\/\">\n\t\t\t\t\t\t\t<img decoding=\"async\" width=\"1152\" height=\"644\" src=\"https:\/\/www.nzinck.com\/wp-content\/uploads\/2022\/01\/Neophos.jpg\" class=\"attachment-large size-large wp-image-7070\" alt=\"\" \/>\t\t\t\t\t\t\t\t<\/a>\n\t\t\t\t\t\t\t\t\t\t\t\t\t\t\t<\/div>\n\t\t\t\t<\/div>\n\t\t\t\t<div class=\"elementor-element elementor-element-4042dc9 elementor-widget elementor-widget-text-editor\" data-id=\"4042dc9\" data-element_type=\"widget\" data-e-type=\"widget\" data-widget_type=\"text-editor.default\">\n\t\t\t\t<div class=\"elementor-widget-container\">\n\t\t\t\t\t\t\t\t\t<p><a class=\"block black\" title=\"Neophos\/Finish \u2013 TVC\" href=\"https:\/\/www.nzinck.com\/da\/case\/tvc-nophos-finish\/\"><span class=\"text-md black\">Neophos\/Finish: TVC-versionering &amp; speakproduktion<\/span><\/a><\/p>\t\t\t\t\t\t\t\t<\/div>\n\t\t\t\t<\/div>\n\t\t\t\t<div class=\"elementor-element elementor-element-01a9e70 elementor-widget elementor-widget-image\" data-id=\"01a9e70\" data-element_type=\"widget\" data-e-type=\"widget\" data-widget_type=\"image.default\">\n\t\t\t\t<div class=\"elementor-widget-container\">\n\t\t\t\t\t\t\t\t\t\t\t\t\t\t\t\t<a href=\"https:\/\/www.nzinck.com\/da\/case\/senseo-select-speak-adaptation\/\">\n\t\t\t\t\t\t\t<img decoding=\"async\" src=\"https:\/\/www.nzinck.com\/wp-content\/uploads\/elementor\/thumbs\/Senseo-Select-q09gl4a4u4sdvu68b5z1d43qn1kascigbbyco04120.jpg\" title=\"Senseo-Select\" alt=\"Senseo-Select\" loading=\"lazy\" \/>\t\t\t\t\t\t\t\t<\/a>\n\t\t\t\t\t\t\t\t\t\t\t\t\t\t\t<\/div>\n\t\t\t\t<\/div>\n\t\t\t\t<div class=\"elementor-element elementor-element-d53f63e elementor-widget elementor-widget-text-editor\" data-id=\"d53f63e\" data-element_type=\"widget\" data-e-type=\"widget\" data-widget_type=\"text-editor.default\">\n\t\t\t\t<div class=\"elementor-widget-container\">\n\t\t\t\t\t\t\t\t\t<p><a class=\"block black\" title=\"Senseo Select \u2013 TVC\" href=\"https:\/\/www.nzinck.com\/da\/case\/senseo-select-speak-adaptation\/\"><span class=\"text-md black\">Senseo Select \u2013 TVC<\/span><\/a><\/p>\t\t\t\t\t\t\t\t<\/div>\n\t\t\t\t<\/div>\n\t\t\t\t<div class=\"elementor-element elementor-element-4bbb6bb elementor-widget elementor-widget-image\" data-id=\"4bbb6bb\" data-element_type=\"widget\" data-e-type=\"widget\" data-widget_type=\"image.default\">\n\t\t\t\t<div class=\"elementor-widget-container\">\n\t\t\t\t\t\t\t\t\t\t\t\t\t\t\t\t<a href=\"https:\/\/www.nzinck.com\/da\/case\/tvc-zalando\/\">\n\t\t\t\t\t\t\t<img decoding=\"async\" src=\"https:\/\/www.nzinck.com\/wp-content\/uploads\/elementor\/thumbs\/Zalando-q09pen5fidgdtqy96x125hkapuizzi27mxi5tzbd5k.jpg\" title=\"Zalando\" alt=\"Zalando\" loading=\"lazy\" \/>\t\t\t\t\t\t\t\t<\/a>\n\t\t\t\t\t\t\t\t\t\t\t\t\t\t\t<\/div>\n\t\t\t\t<\/div>\n\t\t\t\t<div class=\"elementor-element elementor-element-b17293b elementor-widget elementor-widget-text-editor\" data-id=\"b17293b\" data-element_type=\"widget\" data-e-type=\"widget\" data-widget_type=\"text-editor.default\">\n\t\t\t\t<div class=\"elementor-widget-container\">\n\t\t\t\t\t\t\t\t\t<p><a class=\"block black\" title=\"Zalando \u2013 TVC\" href=\"https:\/\/www.nzinck.com\/da\/case\/tvc-zalando\/\"><span class=\"text-md black\">Zalando: TVC-versionering &amp; speakproduktion<\/span><\/a><\/p>\t\t\t\t\t\t\t\t<\/div>\n\t\t\t\t<\/div>\n\t\t\t\t<div class=\"elementor-element elementor-element-ac8d6d4 elementor-widget elementor-widget-image\" data-id=\"ac8d6d4\" data-element_type=\"widget\" data-e-type=\"widget\" data-widget_type=\"image.default\">\n\t\t\t\t<div class=\"elementor-widget-container\">\n\t\t\t\t\t\t\t\t\t\t\t\t\t\t\t\t<a href=\"https:\/\/www.nzinck.com\/da\/case\/tvc-barbie-mattel\/\">\n\t\t\t\t\t\t\t<img decoding=\"async\" src=\"https:\/\/www.nzinck.com\/wp-content\/uploads\/elementor\/thumbs\/Barbie-q09nspdk9054713yidfwylwgju3ij51u05vpwz7yoo.jpg\" title=\"Barbie\" alt=\"Barbie\" loading=\"lazy\" \/>\t\t\t\t\t\t\t\t<\/a>\n\t\t\t\t\t\t\t\t\t\t\t\t\t\t\t<\/div>\n\t\t\t\t<\/div>\n\t\t\t\t<div class=\"elementor-element elementor-element-c367d5a elementor-widget elementor-widget-text-editor\" data-id=\"c367d5a\" data-element_type=\"widget\" data-e-type=\"widget\" data-widget_type=\"text-editor.default\">\n\t\t\t\t<div class=\"elementor-widget-container\">\n\t\t\t\t\t\t\t\t\t<p><a class=\"block black\" title=\"Barbie Mattel \u2013 TVC\" href=\"https:\/\/www.nzinck.com\/da\/case\/tvc-barbie-mattel\/\"><span class=\"text-md black\">Barbie Mattel: TVC-versionering &amp; speakproduktion<\/span><\/a><\/p>\t\t\t\t\t\t\t\t<\/div>\n\t\t\t\t<\/div>\n\t\t\t\t<div class=\"elementor-element elementor-element-6747b13 elementor-widget elementor-widget-text-editor\" data-id=\"6747b13\" data-element_type=\"widget\" data-e-type=\"widget\" data-widget_type=\"text-editor.default\">\n\t\t\t\t<div class=\"elementor-widget-container\">\n\t\t\t\t\t\t\t\t\t<h4><strong>RELATEREDE YDELSER<\/strong><\/h4>\t\t\t\t\t\t\t\t<\/div>\n\t\t\t\t<\/div>\n\t\t\t\t<div class=\"elementor-element elementor-element-f4894ac elementor-widget elementor-widget-image\" data-id=\"f4894ac\" data-element_type=\"widget\" data-e-type=\"widget\" data-widget_type=\"image.default\">\n\t\t\t\t<div class=\"elementor-widget-container\">\n\t\t\t\t\t\t\t\t\t\t\t\t\t\t\t\t<a href=\"https:\/\/www.nzinck.com\/da\/service\/videoproduktion\/\">\n\t\t\t\t\t\t\t<img loading=\"lazy\" decoding=\"async\" width=\"400\" height=\"224\" src=\"https:\/\/www.nzinck.com\/wp-content\/uploads\/2017\/01\/SidebarProductVideo.jpg\" class=\"attachment-large size-large wp-image-6607\" alt=\"\" srcset=\"https:\/\/www.nzinck.com\/wp-content\/uploads\/2017\/01\/SidebarProductVideo.jpg 400w, https:\/\/www.nzinck.com\/wp-content\/uploads\/2017\/01\/SidebarProductVideo-202x113.jpg 202w\" sizes=\"(max-width: 400px) 100vw, 400px\" \/>\t\t\t\t\t\t\t\t<\/a>\n\t\t\t\t\t\t\t\t\t\t\t\t\t\t\t<\/div>\n\t\t\t\t<\/div>\n\t\t\t\t<div class=\"elementor-element elementor-element-b2a765e elementor-widget elementor-widget-text-editor\" data-id=\"b2a765e\" data-element_type=\"widget\" data-e-type=\"widget\" data-widget_type=\"text-editor.default\">\n\t\t\t\t<div class=\"elementor-widget-container\">\n\t\t\t\t\t\t\t\t\t<p><strong><a class=\"block black\" title=\"Videoproduktion\" href=\"https:\/\/www.nzinck.com\/da\/service\/videoproduktion\/\"><span class=\"text-md black\">Videoproduktion<\/span><\/a><\/strong><\/p><p class=\"teaser-description\"><a class=\"block black\" title=\"Videoproduktion\" href=\"https:\/\/www.nzinck.com\/da\/service\/videoproduktion\/\">Video er afg\u00f8rende i kampen om kundens opm\u00e6rksomhed<\/a><\/p>\t\t\t\t\t\t\t\t<\/div>\n\t\t\t\t<\/div>\n\t\t\t\t<div class=\"elementor-element elementor-element-3daa4bb elementor-widget elementor-widget-image\" data-id=\"3daa4bb\" data-element_type=\"widget\" data-e-type=\"widget\" data-widget_type=\"image.default\">\n\t\t\t\t<div class=\"elementor-widget-container\">\n\t\t\t\t\t\t\t\t\t\t\t\t\t\t\t\t<a href=\"https:\/\/www.nzinck.com\/da\/service\/lydproduktion\/\">\n\t\t\t\t\t\t\t<img loading=\"lazy\" decoding=\"async\" width=\"400\" height=\"224\" src=\"https:\/\/www.nzinck.com\/wp-content\/uploads\/2017\/01\/SidebarProductSound.jpg\" class=\"attachment-large size-large wp-image-6606\" alt=\"\" srcset=\"https:\/\/www.nzinck.com\/wp-content\/uploads\/2017\/01\/SidebarProductSound.jpg 400w, https:\/\/www.nzinck.com\/wp-content\/uploads\/2017\/01\/SidebarProductSound-202x113.jpg 202w\" sizes=\"(max-width: 400px) 100vw, 400px\" \/>\t\t\t\t\t\t\t\t<\/a>\n\t\t\t\t\t\t\t\t\t\t\t\t\t\t\t<\/div>\n\t\t\t\t<\/div>\n\t\t\t\t<div class=\"elementor-element elementor-element-270e8aa elementor-widget elementor-widget-text-editor\" data-id=\"270e8aa\" data-element_type=\"widget\" data-e-type=\"widget\" data-widget_type=\"text-editor.default\">\n\t\t\t\t<div class=\"elementor-widget-container\">\n\t\t\t\t\t\t\t\t\t<p><strong><a class=\"block black\" title=\"Lydproduktion\" href=\"https:\/\/www.nzinck.com\/da\/service\/lydproduktion\/\"><span class=\"text-md black\">Lydproduktion<\/span><\/a><\/strong><\/p><p class=\"teaser-description\"><a class=\"block black\" title=\"Lydproduktion\" href=\"https:\/\/www.nzinck.com\/da\/service\/lydproduktion\/\">God lyd, til tiden og inden for budgettet<\/a><\/p>\t\t\t\t\t\t\t\t<\/div>\n\t\t\t\t<\/div>\n\t\t\t\t<div class=\"elementor-element elementor-element-faae232 elementor-widget elementor-widget-image\" data-id=\"faae232\" data-element_type=\"widget\" data-e-type=\"widget\" data-widget_type=\"image.default\">\n\t\t\t\t<div class=\"elementor-widget-container\">\n\t\t\t\t\t\t\t\t\t\t\t\t\t\t\t\t<a href=\"https:\/\/www.nzinck.com\/da\/infographic-7-tips-speak-production-for-e-learning\/\">\n\t\t\t\t\t\t\t<img loading=\"lazy\" decoding=\"async\" width=\"404\" height=\"226\" src=\"https:\/\/www.nzinck.com\/wp-content\/uploads\/2016\/06\/E-learning-infographic-sidebar.jpg\" class=\"attachment-large size-large wp-image-6448\" alt=\"\" srcset=\"https:\/\/www.nzinck.com\/wp-content\/uploads\/2016\/06\/E-learning-infographic-sidebar.jpg 404w, https:\/\/www.nzinck.com\/wp-content\/uploads\/2016\/06\/E-learning-infographic-sidebar-202x113.jpg 202w\" sizes=\"(max-width: 404px) 100vw, 404px\" \/>\t\t\t\t\t\t\t\t<\/a>\n\t\t\t\t\t\t\t\t\t\t\t\t\t\t\t<\/div>\n\t\t\t\t<\/div>\n\t\t\t\t<div class=\"elementor-element elementor-element-b579dee elementor-widget elementor-widget-text-editor\" data-id=\"b579dee\" data-element_type=\"widget\" data-e-type=\"widget\" data-widget_type=\"text-editor.default\">\n\t\t\t\t<div class=\"elementor-widget-container\">\n\t\t\t\t\t\t\t\t\t<p><a class=\"block black\" title=\"Infographic: Speak Production for E-learning\" href=\"https:\/\/www.nzinck.com\/da\/infographic-7-tips-speak-production-for-e-learning\/\"><span class=\"text-md black\">Infographic: Speak Production for E-learning<\/span><\/a><\/p>\t\t\t\t\t\t\t\t<\/div>\n\t\t\t\t<\/div>\n\t\t\t\t\t<\/div>\n\t\t<\/div>\n\t\t\t\t\t<\/div>\n\t\t<\/section>\n\t\t\t\t<\/div>\n\t\t","protected":false},"excerpt":{"rendered":"<p>Nordisk versionering Kvalitet og fleksibilitet til konkurrencedygtige priser Versionering er helt n\u00f8dvendigt, hvis man vil markedsf\u00f8re sine produkter i Norden. Effektiv versionering kr\u00e6ver stor n\u00f8jagtighed og fleksibilitet. Det ved man, n\u00e5r man som vi har lavet versioneringer i mere end 25 \u00e5r. Derfor tilbyder vi one-stop\u00a0versionering af computer games, e-learning, text-to-speech, tv-serier og -reklamer til &hellip;<\/p>\n","protected":false},"author":4,"featured_media":0,"parent":9384,"menu_order":0,"comment_status":"closed","ping_status":"closed","template":"elementor_header_footer","meta":{"_acf_changed":false,"footnotes":""},"categories":[],"class_list":["post-9624","page","type-page","status-publish","hentry"],"acf":[],"_links":{"self":[{"href":"https:\/\/www.nzinck.com\/da\/wp-json\/wp\/v2\/pages\/9624","targetHints":{"allow":["GET"]}}],"collection":[{"href":"https:\/\/www.nzinck.com\/da\/wp-json\/wp\/v2\/pages"}],"about":[{"href":"https:\/\/www.nzinck.com\/da\/wp-json\/wp\/v2\/types\/page"}],"author":[{"embeddable":true,"href":"https:\/\/www.nzinck.com\/da\/wp-json\/wp\/v2\/users\/4"}],"replies":[{"embeddable":true,"href":"https:\/\/www.nzinck.com\/da\/wp-json\/wp\/v2\/comments?post=9624"}],"version-history":[{"count":42,"href":"https:\/\/www.nzinck.com\/da\/wp-json\/wp\/v2\/pages\/9624\/revisions"}],"predecessor-version":[{"id":11128,"href":"https:\/\/www.nzinck.com\/da\/wp-json\/wp\/v2\/pages\/9624\/revisions\/11128"}],"up":[{"embeddable":true,"href":"https:\/\/www.nzinck.com\/da\/wp-json\/wp\/v2\/pages\/9384"}],"wp:attachment":[{"href":"https:\/\/www.nzinck.com\/da\/wp-json\/wp\/v2\/media?parent=9624"}],"wp:term":[{"taxonomy":"category","embeddable":true,"href":"https:\/\/www.nzinck.com\/da\/wp-json\/wp\/v2\/categories?post=9624"}],"curies":[{"name":"wp","href":"https:\/\/api.w.org\/{rel}","templated":true}]}}