{"id":9630,"date":"2022-12-15T12:50:39","date_gmt":"2022-12-15T12:50:39","guid":{"rendered":"https:\/\/www.nzinck.com\/?page_id=9630"},"modified":"2023-01-09T16:26:00","modified_gmt":"2023-01-09T16:26:00","slug":"podcast","status":"publish","type":"page","link":"https:\/\/www.nzinck.com\/da\/services\/podcast\/","title":{"rendered":"Podcast-produktion"},"content":{"rendered":"\t\t<div data-elementor-type=\"wp-page\" data-elementor-id=\"9630\" class=\"elementor elementor-9630 elementor-9263\" data-elementor-post-type=\"page\">\n\t\t\t\t\t\t<section class=\"elementor-section elementor-top-section elementor-element elementor-element-e12a9c3 elementor-section-height-min-height elementor-section-boxed elementor-section-height-default elementor-section-items-middle\" data-id=\"e12a9c3\" data-element_type=\"section\" data-e-type=\"section\" data-settings=\"{&quot;background_background&quot;:&quot;classic&quot;}\">\n\t\t\t\t\t\t<div class=\"elementor-container elementor-column-gap-default\">\n\t\t\t\t\t<div class=\"elementor-column elementor-col-100 elementor-top-column elementor-element elementor-element-ccd9ef4\" data-id=\"ccd9ef4\" data-element_type=\"column\" data-e-type=\"column\" data-settings=\"{&quot;background_background&quot;:&quot;classic&quot;}\">\n\t\t\t<div class=\"elementor-widget-wrap\">\n\t\t\t\t\t\t\t<\/div>\n\t\t<\/div>\n\t\t\t\t\t<\/div>\n\t\t<\/section>\n\t\t\t\t<section class=\"elementor-section elementor-top-section elementor-element elementor-element-c23ae80 elementor-section-boxed elementor-section-height-default elementor-section-height-default\" data-id=\"c23ae80\" data-element_type=\"section\" data-e-type=\"section\" data-settings=\"{&quot;background_background&quot;:&quot;classic&quot;}\">\n\t\t\t\t\t\t\t<div class=\"elementor-background-overlay\"><\/div>\n\t\t\t\t\t\t\t<div class=\"elementor-container elementor-column-gap-default\">\n\t\t\t\t\t<div class=\"elementor-column elementor-col-66 elementor-top-column elementor-element elementor-element-953f12b\" data-id=\"953f12b\" data-element_type=\"column\" data-e-type=\"column\">\n\t\t\t<div class=\"elementor-widget-wrap elementor-element-populated\">\n\t\t\t\t\t\t<div class=\"elementor-element elementor-element-21f74ce elementor-widget elementor-widget-text-editor\" data-id=\"21f74ce\" data-element_type=\"widget\" data-e-type=\"widget\" data-widget_type=\"text-editor.default\">\n\t\t\t\t<div class=\"elementor-widget-container\">\n\t\t\t\t\t\t\t\t\t<header class=\"entry-header\"><h1 class=\"entry-title\">Podcast-produktion<\/h1><header class=\"entry-header\"><h2 class=\"lead-paragraph\">Har du brug for hj\u00e6lp til at designe og producere din egen podcast?<\/h2><\/header><div class=\"entry-content\"><p>I disse \u00e5r oplever vi en st\u00e6rkt voksende interesse for podcast. Et praktisk format til fordybende indhold, der kan nydes hvor og n\u00e5r som helst \u2013 p\u00e5 farten, under tr\u00e6ning, madlavning, havearbejde, som \u201cgodnatl\u00e6sning\u201d eller en meditativ pause.<\/p><p>Blandt podcast-formatets mange styrker er overkommelige produktionsomkostninger, st\u00e6rkt format til fordybelse og meningsdannelse. Det er ogs\u00e5 effektivt til indl\u00e6ring af nyt stof og hurtigt\/fleksibelt nok til at kunne d\u00e6kke h\u00f8jaktuelle emner.<\/p><p>Vi tilbyder optimale forhold for professionel podcast-produktion i K\u00f8benhavn og har blandt andet produceret:<\/p><ul><li>Lederkurser for K\u00f8benhavns Kommune i samarbejde med Learning Agency<\/li><li>Diskussion af forskningsresultater og interventioner for Rockwool Fonden i samarbejde med Schmidt J\u00f8rgensen &amp; Partnere<\/li><li>L\u00e6r af dem, der t\u00f8r med Hjalte Aaberg<\/li><li>Velkommen til den nye virkelighed for CBS<\/li><li>Finansbaren med Pernille Enggaard i samarbejde med Podimo<\/li><li>Hvem dr\u00e6bte Nedim Yasar med Marie Louise Toksvig i samarbejde med Podimo<\/li><li>Mads og A-holdet i samarbejde med Podimo<\/li><\/ul><p>Find din stemme! Brug vores kreative team til at f\u00e5 udarbejdet dit eget podcast-format.<\/p><h2>Garant for den gode lyd<\/h2><p>Med byens hyggeligste podcast-faciliteter tilbyder vi hele pakken, herunder<\/p><ul><li>Koncept- og manuskriptudarbejdelse<\/li><li>Casting af podcast moderator \/ v\u00e6rt, inkl. kontrakter, rettigheder mm.<\/li><li>Indspilning \/ optagelse af selve podcasten<\/li><li>Videod\u00e6kning af din podcast<\/li><li>Lyddesign og -effekter og evt. sponsorindslag mv.<\/li><li>Musikkomposition til podcastens kendingsvignetter, breakers mv.<\/li><li>Podcast redigering, mix &amp; mastering<\/li><li>Upload og publicering<\/li><li>Markedsf\u00f8ring af din podcast<\/li><\/ul><p>Vi kan i \u00f8vrigt hj\u00e6lpe dig med alle typer\u00a0<a href=\"https:\/\/www.nzinck.com\/da\/services\/lydproduktion\/\">speak- og lydproduktioner<\/a>,\u00a0<a href=\"https:\/\/www.nzinck.com\/video-production\">videoproduktion<\/a>\u00a0og\u00a0<a href=\"https:\/\/www.nzinck.com\/da\/services\/adaptation-of-tv-ads\/\">versionering af TV-spots og spil<\/a><\/p><h2>\u00a0<\/h2><h2>Med plads til hele dit hold<\/h2><p>Vores lydstudie, der er indrettet med perfekt akustik, rent nordisk look og frit udsyn over Skt. Thomas plads, er blandt Danmarks absolut bedste til produktion af speak, musik og podcast.<\/p><p>Indspilningsboksen er rummelig med komfortabel plads til op til 4 deltagere omkring mikrofonen. Foruden vores professionelle lydtekniker har teknikerrummet god plads til projektleder og medh\u00f8rere. Vi tilbyder naturligvis ogs\u00e5 remote access.<\/p><p>Og dem, som ikke deltager direkte eller venter p\u00e5 deres tur i boksen kan f\u00f8lge med, holde m\u00f8de eller arbejde i k\u00f8kkenet. Vi gi\u2019r kaffen\u2026<\/p><h2>\u00a0<\/h2><h2>Helt i m\u00e5l<\/h2><p>I samarbejdet med vores professionelle lydhold, kan du enten involvere dig direkte eller overlade podcast-produktionen i vores trygge h\u00e6nder.<\/p><ul><li><strong>De bedste stemmer:<\/strong>\u00a0Vi forst\u00e5r dine behov, og med over hundrede professionelle speakere i databasen st\u00e5r vi gerne for castingen af de perfekte stemmer til produktet, form\u00e5let og budskabet i din produktion<\/li><li><strong>Til tiden og inden for dit budget:<\/strong>\u00a0Med mange \u00e5rs erfaring og in-house AV faciliteter s\u00f8rger vi for en effektiv og fleksibel produktion, der ogs\u00e5 im\u00f8dekommer dine sidste-\u00f8jebliks-\u00e6ndringer.<\/li><li><strong>H\u00f8j kvalitet:<\/strong>\u00a0Vores lydteknikere er musiske perfektionister med sarte \u00f8rer, der sikrer den rigtige stil, tone og takt gennem hele produktionen.<\/li><\/ul><h2>Interesseret?<\/h2><p>Kontakt May-Britt p\u00e5\u00a0<a href=\"mailto:maybritt@nzinck.com\">maybritt@nzinck.com<\/a> eller 33 25 15 12 og h\u00f8r n\u00e6rmere.<\/p><\/div><\/header>\t\t\t\t\t\t\t\t<\/div>\n\t\t\t\t<\/div>\n\t\t\t\t\t<\/div>\n\t\t<\/div>\n\t\t\t\t<div class=\"elementor-column elementor-col-33 elementor-top-column elementor-element elementor-element-81d1bc6\" data-id=\"81d1bc6\" data-element_type=\"column\" data-e-type=\"column\">\n\t\t\t<div class=\"elementor-widget-wrap elementor-element-populated\">\n\t\t\t\t\t\t<div class=\"elementor-element elementor-element-a347700 elementor-widget elementor-widget-image\" data-id=\"a347700\" data-element_type=\"widget\" data-e-type=\"widget\" data-widget_type=\"image.default\">\n\t\t\t\t<div class=\"elementor-widget-container\">\n\t\t\t\t\t\t\t\t\t\t\t\t\t\t\t\t<a href=\"https:\/\/www.nzinck.com\/da\/case\/podcast-mads-a-holdet\/\">\n\t\t\t\t\t\t\t<img fetchpriority=\"high\" decoding=\"async\" width=\"1170\" height=\"658\" src=\"https:\/\/www.nzinck.com\/wp-content\/uploads\/2022\/06\/Mads-og-A-1200x675.png\" class=\"attachment-large size-large wp-image-7124\" alt=\"Mads og A-holdet\" srcset=\"https:\/\/www.nzinck.com\/wp-content\/uploads\/2022\/06\/Mads-og-A-1200x675.png 1200w, https:\/\/www.nzinck.com\/wp-content\/uploads\/2022\/06\/Mads-og-A-450x253.png 450w, https:\/\/www.nzinck.com\/wp-content\/uploads\/2022\/06\/Mads-og-A-202x113.png 202w, https:\/\/www.nzinck.com\/wp-content\/uploads\/2022\/06\/Mads-og-A-768x432.png 768w, https:\/\/www.nzinck.com\/wp-content\/uploads\/2022\/06\/Mads-og-A-1536x864.png 1536w, https:\/\/www.nzinck.com\/wp-content\/uploads\/2022\/06\/Mads-og-A-2048x1152.png 2048w\" sizes=\"(max-width: 1170px) 100vw, 1170px\" \/>\t\t\t\t\t\t\t\t<\/a>\n\t\t\t\t\t\t\t\t\t\t\t\t\t\t\t<\/div>\n\t\t\t\t<\/div>\n\t\t\t\t<div class=\"elementor-element elementor-element-1f916ed elementor-widget elementor-widget-text-editor\" data-id=\"1f916ed\" data-element_type=\"widget\" data-e-type=\"widget\" data-widget_type=\"text-editor.default\">\n\t\t\t\t<div class=\"elementor-widget-container\">\n\t\t\t\t\t\t\t\t\t<p><a class=\"block black\" title=\"Mads &amp; A-holdet \u2013 Podcast\" href=\"https:\/\/www.nzinck.com\/da\/case\/podcast-mads-a-holdet\/\"><span class=\"text-md black\">Mads &amp; A-holdet \u2013 Podcast<\/span><\/a><\/p>\t\t\t\t\t\t\t\t<\/div>\n\t\t\t\t<\/div>\n\t\t\t\t<div class=\"elementor-element elementor-element-11d1d95 elementor-widget elementor-widget-image\" data-id=\"11d1d95\" data-element_type=\"widget\" data-e-type=\"widget\" data-widget_type=\"image.default\">\n\t\t\t\t<div class=\"elementor-widget-container\">\n\t\t\t\t\t\t\t\t\t\t\t\t\t\t\t\t<a href=\"https:\/\/www.nzinck.com\/da\/case\/rockwool-fonden-podcast\/\">\n\t\t\t\t\t\t\t<img decoding=\"async\" width=\"960\" height=\"540\" src=\"https:\/\/www.nzinck.com\/wp-content\/uploads\/2022\/06\/Rockwool.jpg\" class=\"attachment-large size-large wp-image-7123\" alt=\"Rockwool Fonden\" srcset=\"https:\/\/www.nzinck.com\/wp-content\/uploads\/2022\/06\/Rockwool.jpg 960w, https:\/\/www.nzinck.com\/wp-content\/uploads\/2022\/06\/Rockwool-450x253.jpg 450w, https:\/\/www.nzinck.com\/wp-content\/uploads\/2022\/06\/Rockwool-202x113.jpg 202w, https:\/\/www.nzinck.com\/wp-content\/uploads\/2022\/06\/Rockwool-768x432.jpg 768w\" sizes=\"(max-width: 960px) 100vw, 960px\" \/>\t\t\t\t\t\t\t\t<\/a>\n\t\t\t\t\t\t\t\t\t\t\t\t\t\t\t<\/div>\n\t\t\t\t<\/div>\n\t\t\t\t<div class=\"elementor-element elementor-element-4042dc9 elementor-widget elementor-widget-text-editor\" data-id=\"4042dc9\" data-element_type=\"widget\" data-e-type=\"widget\" data-widget_type=\"text-editor.default\">\n\t\t\t\t<div class=\"elementor-widget-container\">\n\t\t\t\t\t\t\t\t\t<p><a class=\"block black\" title=\"Rockwool Fonden \u2013 Podcast\" href=\"https:\/\/www.nzinck.com\/da\/case\/rockwool-fonden-podcast\/\"><span class=\"text-md black\">Rockwool Fonden \u2013 Podcast<\/span><\/a><\/p>\t\t\t\t\t\t\t\t<\/div>\n\t\t\t\t<\/div>\n\t\t\t\t<div class=\"elementor-element elementor-element-01a9e70 elementor-widget elementor-widget-image\" data-id=\"01a9e70\" data-element_type=\"widget\" data-e-type=\"widget\" data-widget_type=\"image.default\">\n\t\t\t\t<div class=\"elementor-widget-container\">\n\t\t\t\t\t\t\t\t\t\t\t\t\t\t\t\t<a href=\"https:\/\/www.nzinck.com\/da\/case\/another-russia-podcast\/\">\n\t\t\t\t\t\t\t<img decoding=\"async\" src=\"https:\/\/www.nzinck.com\/wp-content\/uploads\/elementor\/thumbs\/Another_Russia-q09mtpttv08w1jxit8zu5fqsjijo0q5iizp2u73iag.jpg\" title=\"Another_Russia\" alt=\"Another Russia\" loading=\"lazy\" \/>\t\t\t\t\t\t\t\t<\/a>\n\t\t\t\t\t\t\t\t\t\t\t\t\t\t\t<\/div>\n\t\t\t\t<\/div>\n\t\t\t\t<div class=\"elementor-element elementor-element-d53f63e elementor-widget elementor-widget-text-editor\" data-id=\"d53f63e\" data-element_type=\"widget\" data-e-type=\"widget\" data-widget_type=\"text-editor.default\">\n\t\t\t\t<div class=\"elementor-widget-container\">\n\t\t\t\t\t\t\t\t\t<p><a class=\"block black\" title=\"Another Russia \u2013 Podcast\" href=\"https:\/\/www.nzinck.com\/da\/case\/another-russia-podcast\/\"><span class=\"text-md black\">Another Russia \u2013 Podcast<\/span><\/a><\/p>\t\t\t\t\t\t\t\t<\/div>\n\t\t\t\t<\/div>\n\t\t\t\t<div class=\"elementor-element elementor-element-4bbb6bb elementor-widget elementor-widget-image\" data-id=\"4bbb6bb\" data-element_type=\"widget\" data-e-type=\"widget\" data-widget_type=\"image.default\">\n\t\t\t\t<div class=\"elementor-widget-container\">\n\t\t\t\t\t\t\t\t\t\t\t\t\t\t\t\t<a href=\"https:\/\/www.nzinck.com\/da\/case\/kvart-i-sex-podcast-2\/\">\n\t\t\t\t\t\t\t<img decoding=\"async\" src=\"https:\/\/www.nzinck.com\/wp-content\/uploads\/elementor\/thumbs\/Kvartisex-q09g8y9cdc4rljuhcwmw36mxthj95e7jb3y3125hlk.jpg\" title=\"Kvartisex\" alt=\"Kvart i Sex\" loading=\"lazy\" \/>\t\t\t\t\t\t\t\t<\/a>\n\t\t\t\t\t\t\t\t\t\t\t\t\t\t\t<\/div>\n\t\t\t\t<\/div>\n\t\t\t\t<div class=\"elementor-element elementor-element-b17293b elementor-widget elementor-widget-text-editor\" data-id=\"b17293b\" data-element_type=\"widget\" data-e-type=\"widget\" data-widget_type=\"text-editor.default\">\n\t\t\t\t<div class=\"elementor-widget-container\">\n\t\t\t\t\t\t\t\t\t<p><a class=\"block black\" title=\"Kvart i Sex \u2013 Podcast\" href=\"https:\/\/www.nzinck.com\/da\/case\/kvart-i-sex-podcast-2\/\"><span class=\"text-md black\">Kvart i Sex \u2013 Podcast<\/span><\/a><\/p>\t\t\t\t\t\t\t\t<\/div>\n\t\t\t\t<\/div>\n\t\t\t\t<div class=\"elementor-element elementor-element-6747b13 elementor-widget elementor-widget-text-editor\" data-id=\"6747b13\" data-element_type=\"widget\" data-e-type=\"widget\" data-widget_type=\"text-editor.default\">\n\t\t\t\t<div class=\"elementor-widget-container\">\n\t\t\t\t\t\t\t\t\t<h4><strong>RELATED SERVICES<\/strong><\/h4>\t\t\t\t\t\t\t\t<\/div>\n\t\t\t\t<\/div>\n\t\t\t\t<div class=\"elementor-element elementor-element-3daa4bb elementor-widget elementor-widget-image\" data-id=\"3daa4bb\" data-element_type=\"widget\" data-e-type=\"widget\" data-widget_type=\"image.default\">\n\t\t\t\t<div class=\"elementor-widget-container\">\n\t\t\t\t\t\t\t\t\t\t\t\t\t\t\t\t<a href=\"https:\/\/www.nzinck.com\/da\/service\/lydproduktion\/\">\n\t\t\t\t\t\t\t<img decoding=\"async\" width=\"400\" height=\"224\" src=\"https:\/\/www.nzinck.com\/wp-content\/uploads\/2017\/01\/SidebarProductSound.jpg\" class=\"attachment-large size-large wp-image-6606\" alt=\"\" srcset=\"https:\/\/www.nzinck.com\/wp-content\/uploads\/2017\/01\/SidebarProductSound.jpg 400w, https:\/\/www.nzinck.com\/wp-content\/uploads\/2017\/01\/SidebarProductSound-202x113.jpg 202w\" sizes=\"(max-width: 400px) 100vw, 400px\" \/>\t\t\t\t\t\t\t\t<\/a>\n\t\t\t\t\t\t\t\t\t\t\t\t\t\t\t<\/div>\n\t\t\t\t<\/div>\n\t\t\t\t<div class=\"elementor-element elementor-element-8f3d990 elementor-widget elementor-widget-text-editor\" data-id=\"8f3d990\" data-element_type=\"widget\" data-e-type=\"widget\" data-widget_type=\"text-editor.default\">\n\t\t\t\t<div class=\"elementor-widget-container\">\n\t\t\t\t\t\t\t\t\t<p><strong><a class=\"block black\" title=\"Speak &amp; Sound Production\" href=\"https:\/\/www.nzinck.com\/da\/service\/lydproduktion\/\"><span class=\"text-md black\">Speak &amp; lydproduktion<\/span><\/a><\/strong><\/p><p class=\"teaser-description\"><a class=\"block black\" title=\"Speak &amp; Sound Production\" href=\"https:\/\/www.nzinck.com\/da\/service\/lydproduktion\/\">Kvalitetslyd &#8211; til tiden og inden for budgettet<\/a><\/p>\t\t\t\t\t\t\t\t<\/div>\n\t\t\t\t<\/div>\n\t\t\t\t<div class=\"elementor-element elementor-element-f4894ac elementor-widget elementor-widget-image\" data-id=\"f4894ac\" data-element_type=\"widget\" data-e-type=\"widget\" data-widget_type=\"image.default\">\n\t\t\t\t<div class=\"elementor-widget-container\">\n\t\t\t\t\t\t\t\t\t\t\t\t\t\t\t\t<a href=\"https:\/\/www.nzinck.com\/da\/service\/videoproduktion\/\">\n\t\t\t\t\t\t\t<img loading=\"lazy\" decoding=\"async\" width=\"400\" height=\"224\" src=\"https:\/\/www.nzinck.com\/wp-content\/uploads\/2017\/01\/SidebarProductVideo.jpg\" class=\"attachment-large size-large wp-image-6607\" alt=\"\" srcset=\"https:\/\/www.nzinck.com\/wp-content\/uploads\/2017\/01\/SidebarProductVideo.jpg 400w, https:\/\/www.nzinck.com\/wp-content\/uploads\/2017\/01\/SidebarProductVideo-202x113.jpg 202w\" sizes=\"(max-width: 400px) 100vw, 400px\" \/>\t\t\t\t\t\t\t\t<\/a>\n\t\t\t\t\t\t\t\t\t\t\t\t\t\t\t<\/div>\n\t\t\t\t<\/div>\n\t\t\t\t<div class=\"elementor-element elementor-element-bb29bd6 elementor-widget elementor-widget-text-editor\" data-id=\"bb29bd6\" data-element_type=\"widget\" data-e-type=\"widget\" data-widget_type=\"text-editor.default\">\n\t\t\t\t<div class=\"elementor-widget-container\">\n\t\t\t\t\t\t\t\t\t<p><strong><a class=\"block black\" title=\"Videoproduktion\" href=\"https:\/\/www.nzinck.com\/da\/service\/videoproduktion\/\"><span class=\"text-md black\">Videoproduktion<\/span><\/a><\/strong><\/p><p class=\"teaser-description\"><a class=\"block black\" title=\"Videoproduktion\" href=\"https:\/\/www.nzinck.com\/da\/service\/videoproduktion\/\">Video er afg\u00f8rende i kampen om kundens opm\u00e6rksomhed<\/a><\/p>\t\t\t\t\t\t\t\t<\/div>\n\t\t\t\t<\/div>\n\t\t\t\t<div class=\"elementor-element elementor-element-0f6f84b elementor-widget elementor-widget-image\" data-id=\"0f6f84b\" data-element_type=\"widget\" data-e-type=\"widget\" data-widget_type=\"image.default\">\n\t\t\t\t<div class=\"elementor-widget-container\">\n\t\t\t\t\t\t\t\t\t\t\t\t\t\t\t\t<a href=\"https:\/\/www.nzinck.com\/da\/service\/adaptation-of-tv-ads\/\">\n\t\t\t\t\t\t\t<img loading=\"lazy\" decoding=\"async\" width=\"404\" height=\"226\" src=\"https:\/\/www.nzinck.com\/wp-content\/uploads\/2017\/01\/SidebarProductAdaptations.jpg\" class=\"attachment-large size-large wp-image-6591\" alt=\"\" srcset=\"https:\/\/www.nzinck.com\/wp-content\/uploads\/2017\/01\/SidebarProductAdaptations.jpg 404w, https:\/\/www.nzinck.com\/wp-content\/uploads\/2017\/01\/SidebarProductAdaptations-202x113.jpg 202w\" sizes=\"(max-width: 404px) 100vw, 404px\" \/>\t\t\t\t\t\t\t\t<\/a>\n\t\t\t\t\t\t\t\t\t\t\t\t\t\t\t<\/div>\n\t\t\t\t<\/div>\n\t\t\t\t<div class=\"elementor-element elementor-element-8786a79 elementor-widget elementor-widget-text-editor\" data-id=\"8786a79\" data-element_type=\"widget\" data-e-type=\"widget\" data-widget_type=\"text-editor.default\">\n\t\t\t\t<div class=\"elementor-widget-container\">\n\t\t\t\t\t\t\t\t\t<p><strong><a class=\"block black\" title=\"Nordisk versionering\" href=\"https:\/\/www.nzinck.com\/da\/service\/adaptation-of-tv-ads\/\"><span class=\"text-md black\">Nordisk versionering<\/span><\/a><\/strong><\/p><p class=\"teaser-description\"><a class=\"block black\" title=\"Nordisk versionering\" href=\"https:\/\/www.nzinck.com\/da\/service\/adaptation-of-tv-ads\/\">Kvalitet og fleksibilitet til konkurrencedygtige priser<\/a><\/p>\t\t\t\t\t\t\t\t<\/div>\n\t\t\t\t<\/div>\n\t\t\t\t\t<\/div>\n\t\t<\/div>\n\t\t\t\t\t<\/div>\n\t\t<\/section>\n\t\t\t\t<\/div>\n\t\t","protected":false},"excerpt":{"rendered":"<p>Podcast-produktion Har du brug for hj\u00e6lp til at designe og producere din egen podcast? I disse \u00e5r oplever vi en st\u00e6rkt voksende interesse for podcast. Et praktisk format til fordybende indhold, der kan nydes hvor og n\u00e5r som helst \u2013 p\u00e5 farten, under tr\u00e6ning, madlavning, havearbejde, som \u201cgodnatl\u00e6sning\u201d eller en meditativ pause. Blandt podcast-formatets mange &hellip;<\/p>\n","protected":false},"author":4,"featured_media":0,"parent":9384,"menu_order":0,"comment_status":"closed","ping_status":"closed","template":"elementor_header_footer","meta":{"_acf_changed":false,"footnotes":""},"categories":[],"class_list":["post-9630","page","type-page","status-publish","hentry"],"acf":[],"_links":{"self":[{"href":"https:\/\/www.nzinck.com\/da\/wp-json\/wp\/v2\/pages\/9630","targetHints":{"allow":["GET"]}}],"collection":[{"href":"https:\/\/www.nzinck.com\/da\/wp-json\/wp\/v2\/pages"}],"about":[{"href":"https:\/\/www.nzinck.com\/da\/wp-json\/wp\/v2\/types\/page"}],"author":[{"embeddable":true,"href":"https:\/\/www.nzinck.com\/da\/wp-json\/wp\/v2\/users\/4"}],"replies":[{"embeddable":true,"href":"https:\/\/www.nzinck.com\/da\/wp-json\/wp\/v2\/comments?post=9630"}],"version-history":[{"count":18,"href":"https:\/\/www.nzinck.com\/da\/wp-json\/wp\/v2\/pages\/9630\/revisions"}],"predecessor-version":[{"id":10865,"href":"https:\/\/www.nzinck.com\/da\/wp-json\/wp\/v2\/pages\/9630\/revisions\/10865"}],"up":[{"embeddable":true,"href":"https:\/\/www.nzinck.com\/da\/wp-json\/wp\/v2\/pages\/9384"}],"wp:attachment":[{"href":"https:\/\/www.nzinck.com\/da\/wp-json\/wp\/v2\/media?parent=9630"}],"wp:term":[{"taxonomy":"category","embeddable":true,"href":"https:\/\/www.nzinck.com\/da\/wp-json\/wp\/v2\/categories?post=9630"}],"curies":[{"name":"wp","href":"https:\/\/api.w.org\/{rel}","templated":true}]}}