{"id":9642,"date":"2022-12-15T12:02:44","date_gmt":"2022-12-15T12:02:44","guid":{"rendered":"https:\/\/www.nzinck.com\/?page_id=9642"},"modified":"2023-01-09T16:19:48","modified_gmt":"2023-01-09T16:19:48","slug":"lydproduktion","status":"publish","type":"page","link":"https:\/\/www.nzinck.com\/da\/services\/lydproduktion\/","title":{"rendered":"Lydproduktion"},"content":{"rendered":"\t\t<div data-elementor-type=\"wp-page\" data-elementor-id=\"9642\" class=\"elementor elementor-9642 elementor-9252\" data-elementor-post-type=\"page\">\n\t\t\t\t\t\t<section class=\"elementor-section elementor-top-section elementor-element elementor-element-e12a9c3 elementor-section-height-min-height elementor-section-boxed elementor-section-height-default elementor-section-items-middle\" data-id=\"e12a9c3\" data-element_type=\"section\" data-e-type=\"section\" data-settings=\"{&quot;background_background&quot;:&quot;classic&quot;}\">\n\t\t\t\t\t\t<div class=\"elementor-container elementor-column-gap-default\">\n\t\t\t\t\t<div class=\"elementor-column elementor-col-100 elementor-top-column elementor-element elementor-element-ccd9ef4\" data-id=\"ccd9ef4\" data-element_type=\"column\" data-e-type=\"column\" data-settings=\"{&quot;background_background&quot;:&quot;classic&quot;}\">\n\t\t\t<div class=\"elementor-widget-wrap\">\n\t\t\t\t\t\t\t<\/div>\n\t\t<\/div>\n\t\t\t\t\t<\/div>\n\t\t<\/section>\n\t\t\t\t<section class=\"elementor-section elementor-top-section elementor-element elementor-element-c23ae80 elementor-section-boxed elementor-section-height-default elementor-section-height-default\" data-id=\"c23ae80\" data-element_type=\"section\" data-e-type=\"section\" data-settings=\"{&quot;background_background&quot;:&quot;classic&quot;}\">\n\t\t\t\t\t\t\t<div class=\"elementor-background-overlay\"><\/div>\n\t\t\t\t\t\t\t<div class=\"elementor-container elementor-column-gap-default\">\n\t\t\t\t\t<div class=\"elementor-column elementor-col-66 elementor-top-column elementor-element elementor-element-953f12b\" data-id=\"953f12b\" data-element_type=\"column\" data-e-type=\"column\">\n\t\t\t<div class=\"elementor-widget-wrap elementor-element-populated\">\n\t\t\t\t\t\t<div class=\"elementor-element elementor-element-21f74ce elementor-widget elementor-widget-text-editor\" data-id=\"21f74ce\" data-element_type=\"widget\" data-e-type=\"widget\" data-widget_type=\"text-editor.default\">\n\t\t\t\t<div class=\"elementor-widget-container\">\n\t\t\t\t\t\t\t\t\t<header class=\"entry-header\"><\/header><div class=\"entry-content\"><header class=\"entry-header\"><header class=\"entry-header\"><\/header><\/header><div class=\"entry-content\"><header class=\"entry-header\"><h1 class=\"entry-title\">Lydproduktion<\/h1><header class=\"entry-header\"><h2 class=\"lead-paragraph\">God lyd, til tiden og inden for budgettet<\/h2><\/header><div class=\"entry-content\"><p>Vi har erfaringen og faciliteterne til at m\u00f8de dine krav, \u00f8nsker og forventninger til konkurrencedygtige priser. Med en fuld transparent proces har du overblik og sikkerhed for, at dit lydprojekt altid holder sig p\u00e5 sporet i forhold til kvalitet, deadline og budget.<\/p><br \/><h2>Produktionsydelser<\/h2><p>Vi s\u00e6tter lyd til reklamer, podcast, film, pr\u00e6sentationer, e-learning, games m.m. \u2013 og tilbyder hele pakken:<\/p><ul><li>Assistance til koncept- og manuskriptudarbejdelse<\/li><li>Casting af speakere\/moderator\/v\u00e6rt, inkl. kontrakter, rettigheder mm.<\/li><li>Indspilning \/ optagelse<\/li><li>Dubbing<\/li><li>Lyddesign og -effekter og evt. sponsorindslag mv.<\/li><li>Musikkomposition, kendingsvignetter, breakers mv.<\/li><li>Redigering, mix &amp; mastering<\/li><li>Upload og publicering<\/li><li>Videod\u00e6kning og markedsf\u00f8ring (podcast)<\/li><li>Versionering med speciale i nordiske sprog og engelsk<\/li><\/ul><br \/><h2>Garant for den gode lyd<\/h2><p>I samarbejde med vores professionelle lydhold, kan du involvere dig direkte eller trygt overlade produktionen i vores garvede h\u00e6nder.<\/p><ul><li><strong>De bedste stemmer:<\/strong>\u00a0Vi forst\u00e5r dine behov og med over hundrede professionelle speakere i databasen, st\u00e5r vi gerne for castingen af de perfekte stemmer til produktet, form\u00e5let og budskabet i din produktion<\/li><li><strong>Til tiden og inden for dit budget:<\/strong>\u00a0Med mange \u00e5rs erfaring og in-house A\/V faciliteter s\u00f8rger vi for en effektiv og fleksibel produktion, der ogs\u00e5 im\u00f8dekommer sidste-\u00f8jebliks-\u00e6ndringer.<\/li><li><strong>H\u00f8j kvalitet:<\/strong>\u00a0Vores lydteknikere er musiske perfektionister med sarte \u00f8rer, der sikrer den rigtige stil, tone og takt gennem hele produktionen.<\/li><\/ul><br \/><h2>Book studie, bestil lydtest eller h\u00f8r n\u00e6rmere<\/h2><p>Kontakt May-Britt p\u00e5\u00a0<a href=\"mailto:maybritt@nzinck.com\">maybritt@nzinck.com<\/a>\u00a0eller 33 25 15 12.\u00a0<\/p><\/div><\/header><\/div><\/div>\t\t\t\t\t\t\t\t<\/div>\n\t\t\t\t<\/div>\n\t\t\t\t\t<\/div>\n\t\t<\/div>\n\t\t\t\t<div class=\"elementor-column elementor-col-33 elementor-top-column elementor-element elementor-element-81d1bc6\" data-id=\"81d1bc6\" data-element_type=\"column\" data-e-type=\"column\">\n\t\t\t<div class=\"elementor-widget-wrap elementor-element-populated\">\n\t\t\t\t\t\t<div class=\"elementor-element elementor-element-a347700 elementor-widget elementor-widget-image\" data-id=\"a347700\" data-element_type=\"widget\" data-e-type=\"widget\" data-widget_type=\"image.default\">\n\t\t\t\t<div class=\"elementor-widget-container\">\n\t\t\t\t\t\t\t\t\t\t\t\t\t\t\t\t<a href=\"https:\/\/www.nzinck.com\/da\/case\/fiftytwo\/\">\n\t\t\t\t\t\t\t<img fetchpriority=\"high\" decoding=\"async\" width=\"678\" height=\"382\" src=\"https:\/\/www.nzinck.com\/wp-content\/uploads\/2022\/07\/Fiftytwo_visualizer.png\" class=\"attachment-large size-large wp-image-8132\" alt=\"\" srcset=\"https:\/\/www.nzinck.com\/wp-content\/uploads\/2022\/07\/Fiftytwo_visualizer.png 678w, https:\/\/www.nzinck.com\/wp-content\/uploads\/2022\/07\/Fiftytwo_visualizer-450x254.png 450w, https:\/\/www.nzinck.com\/wp-content\/uploads\/2022\/07\/Fiftytwo_visualizer-202x113.png 202w\" sizes=\"(max-width: 678px) 100vw, 678px\" \/>\t\t\t\t\t\t\t\t<\/a>\n\t\t\t\t\t\t\t\t\t\t\t\t\t\t\t<\/div>\n\t\t\t\t<\/div>\n\t\t\t\t<div class=\"elementor-element elementor-element-1f916ed elementor-widget elementor-widget-text-editor\" data-id=\"1f916ed\" data-element_type=\"widget\" data-e-type=\"widget\" data-widget_type=\"text-editor.default\">\n\t\t\t\t<div class=\"elementor-widget-container\">\n\t\t\t\t\t\t\t\t\t<p><a class=\"block black\" title=\"Fiftytwo \u2013 Product launch\" href=\"https:\/\/www.nzinck.com\/da\/case\/fiftytwo\/\"><span class=\"text-md black\">Fiftytwo: Produktlancering<\/span><\/a><\/p>\t\t\t\t\t\t\t\t<\/div>\n\t\t\t\t<\/div>\n\t\t\t\t<div class=\"elementor-element elementor-element-11d1d95 elementor-widget elementor-widget-image\" data-id=\"11d1d95\" data-element_type=\"widget\" data-e-type=\"widget\" data-widget_type=\"image.default\">\n\t\t\t\t<div class=\"elementor-widget-container\">\n\t\t\t\t\t\t\t\t\t\t\t\t\t\t\t\t<a href=\"https:\/\/www.nzinck.com\/da\/case\/tvc-nophos-finish\/\">\n\t\t\t\t\t\t\t<img decoding=\"async\" width=\"1152\" height=\"644\" src=\"https:\/\/www.nzinck.com\/wp-content\/uploads\/2022\/01\/Neophos.jpg\" class=\"attachment-large size-large wp-image-7070\" alt=\"\" \/>\t\t\t\t\t\t\t\t<\/a>\n\t\t\t\t\t\t\t\t\t\t\t\t\t\t\t<\/div>\n\t\t\t\t<\/div>\n\t\t\t\t<div class=\"elementor-element elementor-element-4042dc9 elementor-widget elementor-widget-text-editor\" data-id=\"4042dc9\" data-element_type=\"widget\" data-e-type=\"widget\" data-widget_type=\"text-editor.default\">\n\t\t\t\t<div class=\"elementor-widget-container\">\n\t\t\t\t\t\t\t\t\t<p><a class=\"block black\" title=\"Neophos\/Finish \u2013 TVC\" href=\"https:\/\/www.nzinck.com\/da\/case\/tvc-nophos-finish\/\"><span class=\"text-md black\">Neophos\/Finish: TVC-versionering &amp; speak-produktion<\/span><\/a><\/p>\t\t\t\t\t\t\t\t<\/div>\n\t\t\t\t<\/div>\n\t\t\t\t<div class=\"elementor-element elementor-element-01a9e70 elementor-widget elementor-widget-image\" data-id=\"01a9e70\" data-element_type=\"widget\" data-e-type=\"widget\" data-widget_type=\"image.default\">\n\t\t\t\t<div class=\"elementor-widget-container\">\n\t\t\t\t\t\t\t\t\t\t\t\t\t\t\t\t<a href=\"https:\/\/www.nzinck.com\/da\/case\/tvc-lor\/\">\n\t\t\t\t\t\t\t<img decoding=\"async\" src=\"https:\/\/www.nzinck.com\/wp-content\/uploads\/elementor\/thumbs\/Lor-q09njwly9u3hifw2w2in4bu4czgth54agm136q9mxk.jpg\" title=\"L&#8217;or\" alt=\"L&#039;or\" loading=\"lazy\" \/>\t\t\t\t\t\t\t\t<\/a>\n\t\t\t\t\t\t\t\t\t\t\t\t\t\t\t<\/div>\n\t\t\t\t<\/div>\n\t\t\t\t<div class=\"elementor-element elementor-element-d53f63e elementor-widget elementor-widget-text-editor\" data-id=\"d53f63e\" data-element_type=\"widget\" data-e-type=\"widget\" data-widget_type=\"text-editor.default\">\n\t\t\t\t<div class=\"elementor-widget-container\">\n\t\t\t\t\t\t\t\t\t<a class=\"block black\" title=\"L\u2019or \u2013 TVC\" href=\"https:\/\/www.nzinck.com\/da\/case\/tvc-lor\/\"><span class=\"text-md black\">L&#8217;or: TVC adaptation &amp; speak production<\/span><\/a>\t\t\t\t\t\t\t\t<\/div>\n\t\t\t\t<\/div>\n\t\t\t\t<div class=\"elementor-element elementor-element-4bbb6bb elementor-widget elementor-widget-image\" data-id=\"4bbb6bb\" data-element_type=\"widget\" data-e-type=\"widget\" data-widget_type=\"image.default\">\n\t\t\t\t<div class=\"elementor-widget-container\">\n\t\t\t\t\t\t\t\t\t\t\t\t\t\t\t\t<a href=\"https:\/\/www.nzinck.com\/da\/case\/radio-disneyland\/\">\n\t\t\t\t\t\t\t<img decoding=\"async\" src=\"https:\/\/www.nzinck.com\/wp-content\/uploads\/elementor\/thumbs\/disneyland-paris-pjogbww94em2w3fbezwfcgromukq2vx9q0072js32e.png\" title=\"disneyland-paris\" alt=\"disneyland-paris\" loading=\"lazy\" \/>\t\t\t\t\t\t\t\t<\/a>\n\t\t\t\t\t\t\t\t\t\t\t\t\t\t\t<\/div>\n\t\t\t\t<\/div>\n\t\t\t\t<div class=\"elementor-element elementor-element-b17293b elementor-widget elementor-widget-text-editor\" data-id=\"b17293b\" data-element_type=\"widget\" data-e-type=\"widget\" data-widget_type=\"text-editor.default\">\n\t\t\t\t<div class=\"elementor-widget-container\">\n\t\t\t\t\t\t\t\t\t<a class=\"block black\" title=\"Disneyland \u2013 Radio spot\" href=\"https:\/\/www.nzinck.com\/da\/case\/radio-disneyland\/\"><span class=\"text-md black\">Disneyland: Audio production, radio spot<\/a>\t\t\t\t\t\t\t\t<\/div>\n\t\t\t\t<\/div>\n\t\t\t\t<div class=\"elementor-element elementor-element-fe8b010 elementor-widget elementor-widget-text-editor\" data-id=\"fe8b010\" data-element_type=\"widget\" data-e-type=\"widget\" data-widget_type=\"text-editor.default\">\n\t\t\t\t<div class=\"elementor-widget-container\">\n\t\t\t\t\t\t\t\t\t<h4><strong>RELATEREDE YDELSER<\/strong><\/h4>\t\t\t\t\t\t\t\t<\/div>\n\t\t\t\t<\/div>\n\t\t\t\t<div class=\"elementor-element elementor-element-0f6f84b elementor-widget elementor-widget-image\" data-id=\"0f6f84b\" data-element_type=\"widget\" data-e-type=\"widget\" data-widget_type=\"image.default\">\n\t\t\t\t<div class=\"elementor-widget-container\">\n\t\t\t\t\t\t\t\t\t\t\t\t\t\t\t\t<a href=\"https:\/\/www.nzinck.com\/da\/service\/adaptation-of-tv-ads\/\">\n\t\t\t\t\t\t\t<img decoding=\"async\" width=\"404\" height=\"226\" src=\"https:\/\/www.nzinck.com\/wp-content\/uploads\/2017\/01\/SidebarProductAdaptations.jpg\" class=\"attachment-large size-large wp-image-6591\" alt=\"\" srcset=\"https:\/\/www.nzinck.com\/wp-content\/uploads\/2017\/01\/SidebarProductAdaptations.jpg 404w, https:\/\/www.nzinck.com\/wp-content\/uploads\/2017\/01\/SidebarProductAdaptations-202x113.jpg 202w\" sizes=\"(max-width: 404px) 100vw, 404px\" \/>\t\t\t\t\t\t\t\t<\/a>\n\t\t\t\t\t\t\t\t\t\t\t\t\t\t\t<\/div>\n\t\t\t\t<\/div>\n\t\t\t\t<div class=\"elementor-element elementor-element-8786a79 elementor-widget elementor-widget-text-editor\" data-id=\"8786a79\" data-element_type=\"widget\" data-e-type=\"widget\" data-widget_type=\"text-editor.default\">\n\t\t\t\t<div class=\"elementor-widget-container\">\n\t\t\t\t\t\t\t\t\t<p><strong><a class=\"block black\" title=\"Nordisk versionering\" href=\"https:\/\/www.nzinck.com\/da\/service\/adaptation-of-tv-ads\/\"><span class=\"text-md black\">Nordisk versionering<\/span><\/a><\/strong><\/p><p class=\"teaser-description\"><a class=\"block black\" title=\"Nordisk versionering\" href=\"https:\/\/www.nzinck.com\/da\/service\/adaptation-of-tv-ads\/\">Kvalitet og fleksibilitet til konkurrencedygtige priser<\/a><\/p>\t\t\t\t\t\t\t\t<\/div>\n\t\t\t\t<\/div>\n\t\t\t\t<div class=\"elementor-element elementor-element-f4894ac elementor-widget elementor-widget-image\" data-id=\"f4894ac\" data-element_type=\"widget\" data-e-type=\"widget\" data-widget_type=\"image.default\">\n\t\t\t\t<div class=\"elementor-widget-container\">\n\t\t\t\t\t\t\t\t\t\t\t\t\t\t\t\t<a href=\"https:\/\/www.nzinck.com\/da\/service\/videoproduktion\/\">\n\t\t\t\t\t\t\t<img loading=\"lazy\" decoding=\"async\" width=\"400\" height=\"224\" src=\"https:\/\/www.nzinck.com\/wp-content\/uploads\/2017\/01\/SidebarProductVideo.jpg\" class=\"attachment-large size-large wp-image-6607\" alt=\"\" srcset=\"https:\/\/www.nzinck.com\/wp-content\/uploads\/2017\/01\/SidebarProductVideo.jpg 400w, https:\/\/www.nzinck.com\/wp-content\/uploads\/2017\/01\/SidebarProductVideo-202x113.jpg 202w\" sizes=\"(max-width: 400px) 100vw, 400px\" \/>\t\t\t\t\t\t\t\t<\/a>\n\t\t\t\t\t\t\t\t\t\t\t\t\t\t\t<\/div>\n\t\t\t\t<\/div>\n\t\t\t\t<div class=\"elementor-element elementor-element-b2a765e elementor-widget elementor-widget-text-editor\" data-id=\"b2a765e\" data-element_type=\"widget\" data-e-type=\"widget\" data-widget_type=\"text-editor.default\">\n\t\t\t\t<div class=\"elementor-widget-container\">\n\t\t\t\t\t\t\t\t\t<p><strong><a class=\"block black\" title=\"Videoproduktion\" href=\"https:\/\/www.nzinck.com\/da\/service\/videoproduktion\/\"><span class=\"text-md black\">Videoproduktion<\/span><\/a><\/strong><\/p><p class=\"teaser-description\"><a class=\"block black\" title=\"Videoproduktion\" href=\"https:\/\/www.nzinck.com\/da\/service\/videoproduktion\/\">Video er afg\u00f8rende i kampen om kundens opm\u00e6rksomhed<\/a><\/p>\t\t\t\t\t\t\t\t<\/div>\n\t\t\t\t<\/div>\n\t\t\t\t<div class=\"elementor-element elementor-element-3daa4bb elementor-widget elementor-widget-image\" data-id=\"3daa4bb\" data-element_type=\"widget\" data-e-type=\"widget\" data-widget_type=\"image.default\">\n\t\t\t\t<div class=\"elementor-widget-container\">\n\t\t\t\t\t\t\t\t\t\t\t\t\t\t\t\t<a href=\"https:\/\/www.nzinck.com\/da\/service\/podcast\/\">\n\t\t\t\t\t\t\t<img loading=\"lazy\" decoding=\"async\" width=\"404\" height=\"226\" src=\"https:\/\/www.nzinck.com\/wp-content\/uploads\/2019\/04\/Podcast-sidebar.jpg\" class=\"attachment-large size-large wp-image-7017\" alt=\"\" srcset=\"https:\/\/www.nzinck.com\/wp-content\/uploads\/2019\/04\/Podcast-sidebar.jpg 404w, https:\/\/www.nzinck.com\/wp-content\/uploads\/2019\/04\/Podcast-sidebar-202x113.jpg 202w\" sizes=\"(max-width: 404px) 100vw, 404px\" \/>\t\t\t\t\t\t\t\t<\/a>\n\t\t\t\t\t\t\t\t\t\t\t\t\t\t\t<\/div>\n\t\t\t\t<\/div>\n\t\t\t\t<div class=\"elementor-element elementor-element-270e8aa elementor-widget elementor-widget-text-editor\" data-id=\"270e8aa\" data-element_type=\"widget\" data-e-type=\"widget\" data-widget_type=\"text-editor.default\">\n\t\t\t\t<div class=\"elementor-widget-container\">\n\t\t\t\t\t\t\t\t\t<p><strong><a class=\"block black\" title=\"Podcast-produktion\" href=\"https:\/\/www.nzinck.com\/da\/service\/podcast\/\"><span class=\"text-md black\">Podcast-produktion<\/span><\/a><\/strong><\/p><p class=\"teaser-description\"><a class=\"block black\" title=\"Podcast-produktion\" href=\"https:\/\/www.nzinck.com\/da\/service\/podcast\/\">Har du brug for hj\u00e6lp til at designe og producere din egen podcast?<\/a><\/p>\t\t\t\t\t\t\t\t<\/div>\n\t\t\t\t<\/div>\n\t\t\t\t<div class=\"elementor-element elementor-element-faae232 elementor-widget elementor-widget-image\" data-id=\"faae232\" data-element_type=\"widget\" data-e-type=\"widget\" data-widget_type=\"image.default\">\n\t\t\t\t<div class=\"elementor-widget-container\">\n\t\t\t\t\t\t\t\t\t\t\t\t\t\t\t\t<a href=\"https:\/\/www.nzinck.com\/da\/infographic-7-tips-speak-production-for-e-learning\/\">\n\t\t\t\t\t\t\t<img loading=\"lazy\" decoding=\"async\" width=\"404\" height=\"226\" src=\"https:\/\/www.nzinck.com\/wp-content\/uploads\/2016\/06\/E-learning-infographic-sidebar.jpg\" class=\"attachment-large size-large wp-image-6448\" alt=\"\" srcset=\"https:\/\/www.nzinck.com\/wp-content\/uploads\/2016\/06\/E-learning-infographic-sidebar.jpg 404w, https:\/\/www.nzinck.com\/wp-content\/uploads\/2016\/06\/E-learning-infographic-sidebar-202x113.jpg 202w\" sizes=\"(max-width: 404px) 100vw, 404px\" \/>\t\t\t\t\t\t\t\t<\/a>\n\t\t\t\t\t\t\t\t\t\t\t\t\t\t\t<\/div>\n\t\t\t\t<\/div>\n\t\t\t\t<div class=\"elementor-element elementor-element-b579dee elementor-widget elementor-widget-text-editor\" data-id=\"b579dee\" data-element_type=\"widget\" data-e-type=\"widget\" data-widget_type=\"text-editor.default\">\n\t\t\t\t<div class=\"elementor-widget-container\">\n\t\t\t\t\t\t\t\t\t<p><a class=\"block black\" title=\"Infographic: Speak Production for E-learning\" href=\"https:\/\/www.nzinck.com\/da\/infographic-7-tips-speak-production-for-e-learning\/\"><span class=\"text-md black\">Infographic: Speak Production for E-learning<\/span><\/a><\/p>\t\t\t\t\t\t\t\t<\/div>\n\t\t\t\t<\/div>\n\t\t\t\t\t<\/div>\n\t\t<\/div>\n\t\t\t\t\t<\/div>\n\t\t<\/section>\n\t\t\t\t<\/div>\n\t\t","protected":false},"excerpt":{"rendered":"<p>Lydproduktion God lyd, til tiden og inden for budgettet Vi har erfaringen og faciliteterne til at m\u00f8de dine krav, \u00f8nsker og forventninger til konkurrencedygtige priser. Med en fuld transparent proces har du overblik og sikkerhed for, at dit lydprojekt altid holder sig p\u00e5 sporet i forhold til kvalitet, deadline og budget. Produktionsydelser Vi s\u00e6tter lyd &hellip;<\/p>\n","protected":false},"author":4,"featured_media":0,"parent":9384,"menu_order":0,"comment_status":"closed","ping_status":"closed","template":"elementor_header_footer","meta":{"_acf_changed":false,"footnotes":""},"categories":[],"class_list":["post-9642","page","type-page","status-publish","hentry"],"acf":[],"_links":{"self":[{"href":"https:\/\/www.nzinck.com\/da\/wp-json\/wp\/v2\/pages\/9642","targetHints":{"allow":["GET"]}}],"collection":[{"href":"https:\/\/www.nzinck.com\/da\/wp-json\/wp\/v2\/pages"}],"about":[{"href":"https:\/\/www.nzinck.com\/da\/wp-json\/wp\/v2\/types\/page"}],"author":[{"embeddable":true,"href":"https:\/\/www.nzinck.com\/da\/wp-json\/wp\/v2\/users\/4"}],"replies":[{"embeddable":true,"href":"https:\/\/www.nzinck.com\/da\/wp-json\/wp\/v2\/comments?post=9642"}],"version-history":[{"count":14,"href":"https:\/\/www.nzinck.com\/da\/wp-json\/wp\/v2\/pages\/9642\/revisions"}],"predecessor-version":[{"id":10856,"href":"https:\/\/www.nzinck.com\/da\/wp-json\/wp\/v2\/pages\/9642\/revisions\/10856"}],"up":[{"embeddable":true,"href":"https:\/\/www.nzinck.com\/da\/wp-json\/wp\/v2\/pages\/9384"}],"wp:attachment":[{"href":"https:\/\/www.nzinck.com\/da\/wp-json\/wp\/v2\/media?parent=9642"}],"wp:term":[{"taxonomy":"category","embeddable":true,"href":"https:\/\/www.nzinck.com\/da\/wp-json\/wp\/v2\/categories?post=9642"}],"curies":[{"name":"wp","href":"https:\/\/api.w.org\/{rel}","templated":true}]}}